
{"id":6379,"date":"2023-02-13T09:12:08","date_gmt":"2023-02-13T14:12:08","guid":{"rendered":"https:\/\/merton.emsbdev.com\/?page_id=6379"},"modified":"2023-06-12T14:13:36","modified_gmt":"2023-06-12T18:13:36","slug":"school-services","status":"publish","type":"page","link":"https:\/\/merton.emsb.qc.ca\/fr\/school-services\/","title":{"rendered":"Services scolaires"},"content":{"rendered":"<div data-elementor-type=\"wp-page\" data-elementor-id=\"6379\" class=\"elementor elementor-6379\" data-elementor-post-type=\"page\">\n\t\t\t\t\t\t<section class=\"elementor-section elementor-top-section elementor-element elementor-element-8b7e6fd elementor-section-boxed elementor-section-height-default elementor-section-height-default\" data-id=\"8b7e6fd\" data-element_type=\"section\" data-e-type=\"section\" data-settings=\"{&quot;jet_parallax_layout_list&quot;:[]}\">\n\t\t\t\t\t\t<div class=\"elementor-container elementor-column-gap-default\">\n\t\t\t\t\t<div class=\"elementor-column elementor-col-100 elementor-top-column elementor-element elementor-element-25b5edd\" data-id=\"25b5edd\" data-element_type=\"column\" data-e-type=\"column\">\n\t\t\t<div class=\"elementor-widget-wrap elementor-element-populated\">\n\t\t\t\t\t\t<div class=\"elementor-element elementor-element-26d0e40 elementor-widget elementor-widget-text-editor\" data-id=\"26d0e40\" data-element_type=\"widget\" data-e-type=\"widget\" data-widget_type=\"text-editor.default\">\n\t\t\t\t<div class=\"elementor-widget-container\">\n\t\t\t\t\t\t\t\t\t<div class=\"container-wrap masthead\"><div class=\"container-fluid\"><div class=\"row\"><div class=\"col-md-10\">\u00a0<\/div><\/div><\/div><\/div><div class=\"container-section whitebkd\"><div class=\"container padding-top-40\"><div class=\"col-lg-3 col-md-3 col-sm-4\"><div class=\"list-group\"><span style=\"font-size: 1.3em; font-weight: bold;\">Services fournis par l'\u00e9cole de Merton :<\/span><\/div><\/div><div class=\"col-lg-9 col-md-9 col-sm-8\"><div id=\"accordion\" class=\"panel-group\"><div class=\"panel panel-default\"><div class=\"panel-heading\"><h3 class=\"panel-title\"><a class=\"accordion-toggle\" href=\"http:\/\/mertonschool.ca\/about-services.asp#collapse1\" data-toggle=\"collapse\" data-parent=\"accordion\" aria-expanded=\"true\">Services de conciergerie<i class=\"indicator  pull-right fa fa-chevron-circle-up\"><\/i><\/a><\/h3><\/div><div id=\"collapse1\" class=\"panel-collapse collapse in\" aria-expanded=\"true\"><div class=\"panel-body\"><p>Les concierges et les agents d'entretien des \u00e9coles sont charg\u00e9s du nettoyage et de l'entretien g\u00e9n\u00e9ral des b\u00e2timents et des terrains de l'\u00e9cole, afin d'offrir un environnement propre et s\u00fbr aux \u00e9l\u00e8ves et au personnel.<\/p><p>Pour les travaux d'\u00e9lectricit\u00e9 ou de plomberie, un sp\u00e9cialiste est mis \u00e0 la disposition de l'\u00e9cole par le conseil scolaire.<\/p><\/div><\/div><\/div><div class=\"panel panel-default\"><div class=\"panel-heading\"><h3 class=\"panel-title\"><a class=\"accordion-toggle\" href=\"http:\/\/mertonschool.ca\/about-services.asp#collapse3\" data-toggle=\"collapse\" data-parent=\"accordion\" aria-expanded=\"true\">Services de biblioth\u00e8que<i class=\"indicator glyphicon  pull-right fa fa-chevron-circle-up\"><\/i><\/a><\/h3><\/div><div id=\"collapse3\" class=\"panel-collapse collapse in\" aria-expanded=\"true\"><div class=\"panel-body\"><p>Les biblioth\u00e8ques scolaires enrichissent et soutiennent le programme \u00e9ducatif de l'\u00e9cole et fournissent un large \u00e9ventail de documents, avec une diversit\u00e9 d'attrait et de points de vue.<\/p><p>Le r\u00f4le du biblioth\u00e9caire scolaire (technicien en documentation) est de fournir une assistance aux \u00e9l\u00e8ves et au personnel en ce qui concerne la recherche et l'utilisation des installations de la biblioth\u00e8que. Il g\u00e8re \u00e9galement le syst\u00e8me de classification, la conservation et l'\u00e9limination des documents.<\/p><\/div><\/div><\/div><div class=\"panel panel-default\"><div class=\"panel-heading\"><h3 class=\"panel-title\"><a class=\"accordion-toggle\" href=\"http:\/\/mertonschool.ca\/about-services.asp#collapse4\" data-toggle=\"collapse\" data-parent=\"accordion\" aria-expanded=\"true\">Supervision des \u00e9tudiants<i class=\"indicator pull-right fa fa-chevron-circle-up\"><\/i><\/a><\/h3><\/div><div id=\"collapse4\" class=\"panel-collapse collapse in\" aria-expanded=\"true\"><div class=\"panel-body\"><p>L'\u00e9cole assure la surveillance des cours de r\u00e9cr\u00e9ation \u00e0 l'heure du d\u00e9jeuner, entre les cours et pendant les pauses, afin de garantir le respect des r\u00e8gles et la s\u00e9curit\u00e9 des \u00e9l\u00e8ves.<\/p><\/div><\/div><\/div><div class=\"panel panel-default\"><div class=\"panel-heading\"><h3 class=\"panel-title\"><a class=\"accordion-toggle\" href=\"http:\/\/mertonschool.ca\/about-services.asp#collapse5\" data-toggle=\"collapse\" data-parent=\"accordion\" aria-expanded=\"true\">Technicien en \u00e9ducation sp\u00e9cialis\u00e9e<i class=\"indicator  pull-right fa fa-chevron-circle-up\"><\/i><\/a><\/h3><\/div><div id=\"collapse5\" class=\"panel-collapse collapse in\" aria-expanded=\"true\"><div class=\"panel-body\"><p>Le technicien en \u00e9ducation sp\u00e9cialis\u00e9e applique des techniques et des m\u00e9thodes dans le cadre d'un plan d'\u00e9ducation individualis\u00e9 destin\u00e9 \u00e0 des \u00e9l\u00e8ves ayant des besoins particuliers, des \u00e9l\u00e8ves en situation d'inadaptation sociale ou des difficult\u00e9s d'apprentissage, dans le cadre d'un programme con\u00e7u pour des \u00e9l\u00e8ves ayant besoin d'un soutien sp\u00e9cifique.<\/p><\/div><\/div><\/div><\/div><h4>Services fournis par la Commission scolaire English Montreal :<\/h4><div id=\"accordion1\" class=\"panel-group\"><div class=\"panel panel-default\"><div class=\"panel-heading\"><h3 class=\"panel-title\"><a class=\"accordion-toggle\" href=\"http:\/\/mertonschool.ca\/about-services.asp#collapse11\" data-toggle=\"collapse\" data-parent=\"accordion\" aria-expanded=\"true\">Technicien informatique<i class=\"indicator glyphicon glyphicon-chevron-down fa fa-chevron-circle-down pull-right\"><\/i><\/a><\/h3><\/div><div id=\"collapse11\" class=\"panel-collapse collapse in\" aria-expanded=\"true\"><div class=\"panel-body\"><p>Le technicien informatique (ITS Field Services Technician) installe de nouvelles applications informatiques, d\u00e9panne la connectivit\u00e9 du r\u00e9seau, r\u00e9pare les pannes complexes et assiste les analystes dans le d\u00e9veloppement et la mise en \u0153uvre de nouveaux syst\u00e8mes informatiques au sein de l'\u00e9cole.<\/p><\/div><\/div><\/div><div class=\"panel panel-default\"><div class=\"panel-heading\"><h3 class=\"panel-title\"><a class=\"accordion-toggle\" href=\"http:\/\/mertonschool.ca\/about-services.asp#collapse12\" data-toggle=\"collapse\" data-parent=\"accordion\" aria-expanded=\"true\">\u00c9ducation nutritionnelle<i class=\"indicator glyphicon glyphicon-chevron-down fa fa-chevron-circle-down pull-right\"><\/i><\/a><\/h3><\/div><div id=\"collapse12\" class=\"panel-collapse collapse in\" aria-expanded=\"true\"><div class=\"panel-body\"><p>Les di\u00e9t\u00e9ticiens se d\u00e9placent d'\u00e9cole en \u00e9cole, visitant les salles de classe et les caf\u00e9t\u00e9rias pour parler aux \u00e9l\u00e8ves de la n\u00e9cessit\u00e9 de manger des aliments nutritifs et d'\u00eatre en bonne sant\u00e9. Les programmes en classe de l'EMSB visent \u00e0 apprendre aux \u00e9l\u00e8ves comment faire des choix alimentaires sains et \u00e0 leur inculquer les valeurs de la consommation d'aliments nutritifs et d'un mode de vie sain.<\/p><\/div><\/div><\/div><div class=\"panel panel-default\"><div class=\"panel-heading\"><h3 class=\"panel-title\"><a class=\"accordion-toggle\" href=\"http:\/\/mertonschool.ca\/about-services.asp#collapse13\" data-toggle=\"collapse\" data-parent=\"accordion\" aria-expanded=\"true\">Ergoth\u00e9rapie<i class=\"indicator glyphicon glyphicon-chevron-down fa fa-chevron-circle-down pull-right\"><\/i><\/a><\/h3><\/div><div id=\"collapse13\" class=\"panel-collapse collapse in\" aria-expanded=\"true\"><div class=\"panel-body\"><p>L'ergoth\u00e9rapeute travaille avec les parents et\/ou les soignants et d'autres personnes pour \u00e9valuer si un \u00e9l\u00e8ve a des difficult\u00e9s avec les comp\u00e9tences pratiques et sociales et recommande des strat\u00e9gies appropri\u00e9es afin de maximiser le potentiel de l'\u00e9l\u00e8ve lors de la r\u00e9alisation des activit\u00e9s de la vie quotidienne.<\/p><\/div><\/div><\/div><div class=\"panel panel-default\"><div class=\"panel-heading\"><h3 class=\"panel-title\"><a class=\"accordion-toggle\" href=\"http:\/\/mertonschool.ca\/about-services.asp#collapse14\" data-toggle=\"collapse\" data-parent=\"accordion\" aria-expanded=\"true\">\u00c9valuation et aide psychologique<i class=\"indicator glyphicon glyphicon-chevron-down fa fa-chevron-circle-down pull-right\"><\/i><\/a><\/h3><\/div><div id=\"collapse14\" class=\"panel-collapse collapse in\" aria-expanded=\"true\"><div class=\"panel-body\"><p>Un psychologue pour enfants est affect\u00e9 \u00e0 l'\u00e9cole un jour par semaine. Sa t\u00e2che principale est de faciliter les fonctions d'adaptation et de d\u00e9veloppement de l'enfant dans le contexte scolaire et au-del\u00e0.<\/p><\/div><\/div><\/div><div class=\"panel panel-default\"><div class=\"panel-heading\"><h3 class=\"panel-title\"><a class=\"accordion-toggle\" href=\"http:\/\/mertonschool.ca\/about-services.asp#collapse15\" data-toggle=\"collapse\" data-parent=\"accordion\" aria-expanded=\"true\">Orthophonie<i class=\"indicator glyphicon glyphicon-chevron-down fa fa-chevron-circle-down pull-right\"><\/i><\/a><\/h3><\/div><div id=\"collapse15\" class=\"panel-collapse collapse in\" aria-expanded=\"true\"><div class=\"panel-body\">Un orthophoniste est disponible pour \u00e9valuer, diagnostiquer et recommander des strat\u00e9gies pour les \u00e9l\u00e8ves pr\u00e9sentant des retards et des troubles de la parole et du langage.<\/div><\/div><\/div><div class=\"panel panel-default\"><div class=\"panel-heading\"><h3 class=\"panel-title\"><a class=\"accordion-toggle\" href=\"http:\/\/mertonschool.ca\/about-services.asp#collapse16\" data-toggle=\"collapse\" data-parent=\"accordion\" aria-expanded=\"true\">Engagement spirituel et communautaire<i class=\"indicator glyphicon glyphicon-chevron-down fa fa-chevron-circle-down pull-right\"><\/i><\/a><\/h3><\/div><div id=\"collapse16\" class=\"panel-collapse collapse in\" aria-expanded=\"true\"><div class=\"panel-body\"><p>L'animateur charg\u00e9 de l'accompagnement spirituel et de l'engagement communautaire fournit des services aux \u00e9l\u00e8ves du primaire et du secondaire de toutes confessions et traditions culturelles. Chaque animateur communautaire est responsable du d\u00e9veloppement spirituel et communautaire des \u00e9l\u00e8ves d'un groupe d'\u00e9coles au sein d'une r\u00e9gion.<\/p><p>Le r\u00f4le de l'animateur est de mener des activit\u00e9s pour aider les \u00e9l\u00e8ves \u00e0 mieux comprendre des questions particuli\u00e8res, \u00e0 r\u00e9soudre des probl\u00e8mes et \u00e0 \u00e9tablir des liens entre leur vie spirituelle et la communaut\u00e9. L'animateur encourage le d\u00e9veloppement de l'intellect \u00e9motionnel et spirituel en aidant les \u00e9l\u00e8ves \u00e0 participer \u00e0 l'am\u00e9lioration de la communaut\u00e9 et de la soci\u00e9t\u00e9 qui les entoure.<\/p><p>L'animateur communautaire travaille en \u00e9quipe avec d'autres animateurs pour \u00e9laborer et mettre en \u0153uvre des programmes ou des activit\u00e9s de nature communautaire, humanitaire, spirituelle et religieuse pour des groupes d'\u00e9coles plus importants.<\/p><p>Il ou elle fournit \u00e9galement des informations et des conseils au personnel, aux parents et aux \u00e9l\u00e8ves en ce qui concerne les croyances religieuses et les besoins en termes de vie spirituelle et d'engagement communautaire.<\/p><\/div><\/div><\/div><\/div><h4>Services fournis par le Centre de sant\u00e9 et de services sociaux :<\/h4><div id=\"accordion2\" class=\"panel-group\"><div class=\"panel panel-default\"><div class=\"panel-heading\"><h3 class=\"panel-title\"><a class=\"accordion-toggle\" href=\"http:\/\/mertonschool.ca\/about-services.asp#collapse22\" data-toggle=\"collapse\" data-parent=\"accordion\" aria-expanded=\"true\">Infirmi\u00e8re dipl\u00f4m\u00e9e<i class=\"indicator glyphicon glyphicon-chevron-down fa fa-chevron-circle-down pull-right\"><\/i><\/a><\/h3><\/div><div id=\"collapse22\" class=\"panel-collapse collapse in\" aria-expanded=\"true\"><div class=\"panel-body\"><p>L'infirmi\u00e8re scolaire est \u00e0 la disposition des \u00e9l\u00e8ves pour les consultations, le d\u00e9pistage, la pr\u00e9vention, la vaccination, l'orientation et les dossiers de sant\u00e9\/vaccination.<\/p><\/div><\/div><\/div><div class=\"panel panel-default\"><div class=\"panel-heading\"><h3 class=\"panel-title\"><a class=\"accordion-toggle\" href=\"http:\/\/mertonschool.ca\/about-services.asp#collapse23\" data-toggle=\"collapse\" data-parent=\"accordion\" aria-expanded=\"true\">Travailleur social<i class=\"indicator glyphicon glyphicon-chevron-down fa fa-chevron-circle-down pull-right\"><\/i><\/a><\/h3><\/div><div id=\"collapse23\" class=\"panel-collapse collapse in\" aria-expanded=\"true\"><div class=\"panel-body\"><p>Un travailleur social est affect\u00e9 \u00e0 l'\u00e9cole \u00e0 temps partiel. Le r\u00f4le de l'assistant social est particuli\u00e8rement important dans le domaine de l'intervention ou du conseil aux familles.<\/p><\/div><\/div><\/div><\/div><\/div><\/div><\/div><div id=\"footer\"><div class=\"container-wrap copyright text-center\">\u00a0<\/div><\/div>\t\t\t\t\t\t\t\t<\/div>\n\t\t\t\t<\/div>\n\t\t\t\t\t<\/div>\n\t\t<\/div>\n\t\t\t\t\t<\/div>\n\t\t<\/section>\n\t\t\t\t<\/div>","protected":false},"excerpt":{"rendered":"<p>Services provided by Merton School: Caretaking Services School caretakers and maintenance workers are responsible for the cleaning and general maintenance of the school building and grounds, providing a clean and safe environment for students and staff. For electrical or plumbing work, a specialist is provided to the school by the school board. Library Services School [&hellip;]<\/p>\n","protected":false},"author":3,"featured_media":0,"parent":0,"menu_order":0,"comment_status":"closed","ping_status":"closed","template":"","meta":{"site-sidebar-layout":"no-sidebar","site-content-layout":"page-builder","ast-site-content-layout":"default","site-content-style":"default","site-sidebar-style":"default","ast-global-header-display":"","ast-banner-title-visibility":"","ast-main-header-display":"","ast-hfb-above-header-display":"","ast-hfb-below-header-display":"","ast-hfb-mobile-header-display":"","site-post-title":"disabled","ast-breadcrumbs-content":"","ast-featured-img":"disabled","footer-sml-layout":"","ast-disable-related-posts":"","theme-transparent-header-meta":"default","adv-header-id-meta":"","stick-header-meta":"","header-above-stick-meta":"","header-main-stick-meta":"","header-below-stick-meta":"","astra-migrate-meta-layouts":"default","ast-page-background-enabled":"default","ast-page-background-meta":{"desktop":{"background-color":"var(--ast-global-color-4)","background-image":"","background-repeat":"repeat","background-position":"center center","background-size":"auto","background-attachment":"scroll","background-type":"","background-media":"","overlay-type":"","overlay-color":"","overlay-opacity":"","overlay-gradient":""},"tablet":{"background-color":"","background-image":"","background-repeat":"repeat","background-position":"center center","background-size":"auto","background-attachment":"scroll","background-type":"","background-media":"","overlay-type":"","overlay-color":"","overlay-opacity":"","overlay-gradient":""},"mobile":{"background-color":"","background-image":"","background-repeat":"repeat","background-position":"center center","background-size":"auto","background-attachment":"scroll","background-type":"","background-media":"","overlay-type":"","overlay-color":"","overlay-opacity":"","overlay-gradient":""}},"ast-content-background-meta":{"desktop":{"background-color":"var(--ast-global-color-5)","background-image":"","background-repeat":"repeat","background-position":"center center","background-size":"auto","background-attachment":"scroll","background-type":"","background-media":"","overlay-type":"","overlay-color":"","overlay-opacity":"","overlay-gradient":""},"tablet":{"background-color":"var(--ast-global-color-5)","background-image":"","background-repeat":"repeat","background-position":"center center","background-size":"auto","background-attachment":"scroll","background-type":"","background-media":"","overlay-type":"","overlay-color":"","overlay-opacity":"","overlay-gradient":""},"mobile":{"background-color":"var(--ast-global-color-5)","background-image":"","background-repeat":"repeat","background-position":"center center","background-size":"auto","background-attachment":"scroll","background-type":"","background-media":"","overlay-type":"","overlay-color":"","overlay-opacity":"","overlay-gradient":""}},"footnotes":""},"class_list":["post-6379","page","type-page","status-publish","hentry"],"yoast_head":"<!-- This site is optimized with the Yoast SEO plugin v27.5 - https:\/\/yoast.com\/product\/yoast-seo-wordpress\/ -->\n<title>School Services - Merton Elementary School<\/title>\n<meta name=\"robots\" content=\"index, follow, max-snippet:-1, max-image-preview:large, max-video-preview:-1\" \/>\n<link rel=\"canonical\" href=\"https:\/\/merton.emsb.qc.ca\/fr\/school-services\/\" \/>\n<meta property=\"og:locale\" content=\"fr_FR\" \/>\n<meta property=\"og:type\" content=\"article\" \/>\n<meta property=\"og:title\" content=\"School Services - Merton Elementary School\" \/>\n<meta property=\"og:description\" content=\"Services provided by Merton School: Caretaking Services School caretakers and maintenance workers are responsible for the cleaning and general maintenance of the school building and grounds, providing a clean and safe environment for students and staff. For electrical or plumbing work, a specialist is provided to the school by the school board. Library Services School [&hellip;]\" \/>\n<meta property=\"og:url\" content=\"https:\/\/merton.emsb.qc.ca\/fr\/school-services\/\" \/>\n<meta property=\"og:site_name\" content=\"Merton Elementary School\" \/>\n<meta property=\"article:modified_time\" content=\"2023-06-12T18:13:36+00:00\" \/>\n<meta name=\"twitter:card\" content=\"summary_large_image\" \/>\n<meta name=\"twitter:label1\" content=\"Dur\u00e9e de lecture estim\u00e9e\" \/>\n\t<meta name=\"twitter:data1\" content=\"3 minutes\" \/>\n<script type=\"application\/ld+json\" class=\"yoast-schema-graph\">{\"@context\":\"https:\\\/\\\/schema.org\",\"@graph\":[{\"@type\":\"WebPage\",\"@id\":\"https:\\\/\\\/merton.emsb.qc.ca\\\/school-services\\\/\",\"url\":\"https:\\\/\\\/merton.emsb.qc.ca\\\/school-services\\\/\",\"name\":\"School Services - Merton Elementary School\",\"isPartOf\":{\"@id\":\"https:\\\/\\\/merton.emsb.qc.ca\\\/#website\"},\"datePublished\":\"2023-02-13T14:12:08+00:00\",\"dateModified\":\"2023-06-12T18:13:36+00:00\",\"breadcrumb\":{\"@id\":\"https:\\\/\\\/merton.emsb.qc.ca\\\/school-services\\\/#breadcrumb\"},\"inLanguage\":\"fr-FR\",\"potentialAction\":[{\"@type\":\"ReadAction\",\"target\":[\"https:\\\/\\\/merton.emsb.qc.ca\\\/school-services\\\/\"]}]},{\"@type\":\"BreadcrumbList\",\"@id\":\"https:\\\/\\\/merton.emsb.qc.ca\\\/school-services\\\/#breadcrumb\",\"itemListElement\":[{\"@type\":\"ListItem\",\"position\":1,\"name\":\"Home\",\"item\":\"https:\\\/\\\/merton.emsb.qc.ca\\\/\"},{\"@type\":\"ListItem\",\"position\":2,\"name\":\"School Services\"}]},{\"@type\":\"WebSite\",\"@id\":\"https:\\\/\\\/merton.emsb.qc.ca\\\/#website\",\"url\":\"https:\\\/\\\/merton.emsb.qc.ca\\\/\",\"name\":\"Merton Elementary School\",\"description\":\"Merton Elementary School\",\"publisher\":{\"@id\":\"https:\\\/\\\/merton.emsb.qc.ca\\\/#organization\"},\"potentialAction\":[{\"@type\":\"SearchAction\",\"target\":{\"@type\":\"EntryPoint\",\"urlTemplate\":\"https:\\\/\\\/merton.emsb.qc.ca\\\/?s={search_term_string}\"},\"query-input\":{\"@type\":\"PropertyValueSpecification\",\"valueRequired\":true,\"valueName\":\"search_term_string\"}}],\"inLanguage\":\"fr-FR\"},{\"@type\":\"Organization\",\"@id\":\"https:\\\/\\\/merton.emsb.qc.ca\\\/#organization\",\"name\":\"Merton Elementary School\",\"url\":\"https:\\\/\\\/merton.emsb.qc.ca\\\/\",\"logo\":{\"@type\":\"ImageObject\",\"inLanguage\":\"fr-FR\",\"@id\":\"https:\\\/\\\/merton.emsb.qc.ca\\\/#\\\/schema\\\/logo\\\/image\\\/\",\"url\":\"https:\\\/\\\/merton.emsb.qc.ca\\\/wp-content\\\/uploads\\\/sites\\\/4\\\/2022\\\/01\\\/school-logo-footer.png\",\"contentUrl\":\"https:\\\/\\\/merton.emsb.qc.ca\\\/wp-content\\\/uploads\\\/sites\\\/4\\\/2022\\\/01\\\/school-logo-footer.png\",\"width\":150,\"height\":147,\"caption\":\"Merton Elementary School\"},\"image\":{\"@id\":\"https:\\\/\\\/merton.emsb.qc.ca\\\/#\\\/schema\\\/logo\\\/image\\\/\"}}]}<\/script>\n<!-- \/ Yoast SEO plugin. -->","yoast_head_json":{"title":"Services scolaires - \u00c9cole primaire de Merton","robots":{"index":"index","follow":"follow","max-snippet":"max-snippet:-1","max-image-preview":"max-image-preview:large","max-video-preview":"max-video-preview:-1"},"canonical":"https:\/\/merton.emsb.qc.ca\/fr\/school-services\/","og_locale":"fr_FR","og_type":"article","og_title":"School Services - Merton Elementary School","og_description":"Services provided by Merton School: Caretaking Services School caretakers and maintenance workers are responsible for the cleaning and general maintenance of the school building and grounds, providing a clean and safe environment for students and staff. For electrical or plumbing work, a specialist is provided to the school by the school board. Library Services School [&hellip;]","og_url":"https:\/\/merton.emsb.qc.ca\/fr\/school-services\/","og_site_name":"Merton Elementary School","article_modified_time":"2023-06-12T18:13:36+00:00","twitter_card":"summary_large_image","twitter_misc":{"Dur\u00e9e de lecture estim\u00e9e":"3 minutes"},"schema":{"@context":"https:\/\/schema.org","@graph":[{"@type":"WebPage","@id":"https:\/\/merton.emsb.qc.ca\/school-services\/","url":"https:\/\/merton.emsb.qc.ca\/school-services\/","name":"Services scolaires - \u00c9cole primaire de Merton","isPartOf":{"@id":"https:\/\/merton.emsb.qc.ca\/#website"},"datePublished":"2023-02-13T14:12:08+00:00","dateModified":"2023-06-12T18:13:36+00:00","breadcrumb":{"@id":"https:\/\/merton.emsb.qc.ca\/school-services\/#breadcrumb"},"inLanguage":"fr-FR","potentialAction":[{"@type":"ReadAction","target":["https:\/\/merton.emsb.qc.ca\/school-services\/"]}]},{"@type":"BreadcrumbList","@id":"https:\/\/merton.emsb.qc.ca\/school-services\/#breadcrumb","itemListElement":[{"@type":"ListItem","position":1,"name":"Home","item":"https:\/\/merton.emsb.qc.ca\/"},{"@type":"ListItem","position":2,"name":"School Services"}]},{"@type":"WebSite","@id":"https:\/\/merton.emsb.qc.ca\/#website","url":"https:\/\/merton.emsb.qc.ca\/","name":"\u00c9cole primaire Merton","description":"\u00c9cole primaire Merton","publisher":{"@id":"https:\/\/merton.emsb.qc.ca\/#organization"},"potentialAction":[{"@type":"SearchAction","target":{"@type":"EntryPoint","urlTemplate":"https:\/\/merton.emsb.qc.ca\/?s={search_term_string}"},"query-input":{"@type":"PropertyValueSpecification","valueRequired":true,"valueName":"search_term_string"}}],"inLanguage":"fr-FR"},{"@type":"Organization","@id":"https:\/\/merton.emsb.qc.ca\/#organization","name":"\u00c9cole primaire Merton","url":"https:\/\/merton.emsb.qc.ca\/","logo":{"@type":"ImageObject","inLanguage":"fr-FR","@id":"https:\/\/merton.emsb.qc.ca\/#\/schema\/logo\/image\/","url":"https:\/\/merton.emsb.qc.ca\/wp-content\/uploads\/sites\/4\/2022\/01\/school-logo-footer.png","contentUrl":"https:\/\/merton.emsb.qc.ca\/wp-content\/uploads\/sites\/4\/2022\/01\/school-logo-footer.png","width":150,"height":147,"caption":"Merton Elementary School"},"image":{"@id":"https:\/\/merton.emsb.qc.ca\/#\/schema\/logo\/image\/"}}]}},"_links":{"self":[{"href":"https:\/\/merton.emsb.qc.ca\/fr\/wp-json\/wp\/v2\/pages\/6379","targetHints":{"allow":["GET"]}}],"collection":[{"href":"https:\/\/merton.emsb.qc.ca\/fr\/wp-json\/wp\/v2\/pages"}],"about":[{"href":"https:\/\/merton.emsb.qc.ca\/fr\/wp-json\/wp\/v2\/types\/page"}],"author":[{"embeddable":true,"href":"https:\/\/merton.emsb.qc.ca\/fr\/wp-json\/wp\/v2\/users\/3"}],"replies":[{"embeddable":true,"href":"https:\/\/merton.emsb.qc.ca\/fr\/wp-json\/wp\/v2\/comments?post=6379"}],"version-history":[{"count":5,"href":"https:\/\/merton.emsb.qc.ca\/fr\/wp-json\/wp\/v2\/pages\/6379\/revisions"}],"predecessor-version":[{"id":7194,"href":"https:\/\/merton.emsb.qc.ca\/fr\/wp-json\/wp\/v2\/pages\/6379\/revisions\/7194"}],"wp:attachment":[{"href":"https:\/\/merton.emsb.qc.ca\/fr\/wp-json\/wp\/v2\/media?parent=6379"}],"curies":[{"name":"wp","href":"https:\/\/api.w.org\/{rel}","templated":true}]}}