
{"id":6391,"date":"2023-02-13T09:35:31","date_gmt":"2023-02-13T14:35:31","guid":{"rendered":"https:\/\/merton.emsbdev.com\/?page_id=6391"},"modified":"2023-06-12T14:12:24","modified_gmt":"2023-06-12T18:12:24","slug":"bussing-transportation","status":"publish","type":"page","link":"https:\/\/merton.emsb.qc.ca\/fr\/bussing-transportation\/","title":{"rendered":"Transport scolaire"},"content":{"rendered":"<div data-elementor-type=\"wp-page\" data-elementor-id=\"6391\" class=\"elementor elementor-6391\" data-elementor-post-type=\"page\">\n\t\t\t\t\t\t<section class=\"elementor-section elementor-top-section elementor-element elementor-element-af3e497 elementor-section-boxed elementor-section-height-default elementor-section-height-default\" data-id=\"af3e497\" data-element_type=\"section\" data-e-type=\"section\" data-settings=\"{&quot;jet_parallax_layout_list&quot;:[]}\">\n\t\t\t\t\t\t<div class=\"elementor-container elementor-column-gap-default\">\n\t\t\t\t\t<div class=\"elementor-column elementor-col-66 elementor-top-column elementor-element elementor-element-269a9d6\" data-id=\"269a9d6\" data-element_type=\"column\" data-e-type=\"column\">\n\t\t\t<div class=\"elementor-widget-wrap elementor-element-populated\">\n\t\t\t\t\t\t<div class=\"elementor-element elementor-element-cf4a9bd elementor-widget elementor-widget-text-editor\" data-id=\"cf4a9bd\" data-element_type=\"widget\" data-e-type=\"widget\" data-widget_type=\"text-editor.default\">\n\t\t\t\t<div class=\"elementor-widget-container\">\n\t\t\t\t\t\t\t\t\t<p>Si votre domicile ne se trouve pas \u00e0 distance de marche de l'\u00e9cole, votre enfant pourrait \u00eatre admissible au transport scolaire. L'admissibilit\u00e9 est d\u00e9termin\u00e9e selon le niveau scolaire par la Division du transport scolaire de la CSEM, et non pas directement par la direction de l'\u00e9cole.<\/p><h2>Crit\u00e8res d'admissibilit\u00e9 au transport scolaire<\/h2><table class=\"table table-striped table-responsive\"><tbody><tr><th width=\"35%\">Pr\u00e9maternelle :<\/th><td width=\"65%\">Les \u00e9l\u00e8ves de la maternelle qui r\u00e9sident \u00e0 plus de\u00a0<strong>0,6 km\u00a0<\/strong>de l'\u00e9cole sont admissibles au transport par autobus scolaire.<\/td><\/tr><tr><th>Maternelle :<\/th><td>Les \u00e9l\u00e8ves de la maternelle qui r\u00e9sident \u00e0 plus de<strong>\u00a00,6 km<\/strong>\u00a0de l'\u00e9cole sont admissibles au transport par autobus scolaire.<\/td><\/tr><tr><th>De la 1re \u00e0 la 6e ann\u00e9e :<\/th><td>Les \u00e9l\u00e8ves du primaire qui r\u00e9sident \u00e0 plus de\u00a0<strong>1,4 km\u00a0<\/strong>de l'\u00e9cole sont admissibles au transport par autobus scolaire.<\/td><\/tr><\/tbody><\/table><h2>Mon enfant a-t-il droit au transport scolaire m\u00eame s'il ne r\u00e9pond pas aux crit\u00e8res?<\/h2><p>Les \u00e9l\u00e8ves qui ne r\u00e9pondent pas aux crit\u00e8res d'admissibilit\u00e9 pourraient avoir droit au transport scolaire si des places sont disponibles dans l'autobus.\u00a0<strong>Veuillez noter que le transport ne sera pas accord\u00e9 aux \u00e9l\u00e8ves qui r\u00e9sident \u00e0 l'ext\u00e9rieur du territoire desservi par l'\u00e9cole.<\/strong><\/p><p>Le transport de courtoisie permet aux \u00e9l\u00e8ves qui r\u00e9sident \u00e0 l'int\u00e9rieur de la limite territoriale distincte de l'\u00e9cole et qui n'ont pas droit au transport (les \u00e9l\u00e8ves vivant \u00e0 l'int\u00e9rieur de la distance de marche \u00e9tablie : 0,6 km pour les \u00e9l\u00e8ves de la maternelle et 1,4 km pour les \u00e9l\u00e8ves de la 1re \u00e0 la 6 ann\u00e9e) d'occuper les si\u00e8ges vides dans l'autobus (le matin et l'apr\u00e8s-midi), et se limite au nombre de si\u00e8ges disponibles.\u00a0<strong>Le parent doit choisir un arr\u00eat existant du parcours d'autobus. Aucun nouvel arr\u00eat ne sera ajout\u00e9 pour le transport de courtoisie.<\/strong><\/p><p><strong>Le transport de courtoisie peut \u00eatre r\u00e9duit ou annul\u00e9 \u00e0 tout moment.<\/strong>\u00a0La direction de l'\u00e9cole retirera \u00e0 un \u00e9l\u00e8ve son privil\u00e8ge de transport de courtoisie si des places sont requises en vue d'accommoder des \u00e9l\u00e8ves qui satisfont aux crit\u00e8res d'admissibilit\u00e9.<\/p><p>La direction de l'\u00e9cole doit demander aux parents de lire et de signer un formulaire de transport de courtoisie et l'acheminer \u00e0 la Division du transport scolaire de la CSEM.<\/p><h2>O\u00f9 mon enfant doit-il attendre l'autobus?<\/h2><p>Tout est mis en \u0153uvre pour que les arr\u00eats d'autobus soient aussi proches que possible de votre domicile, tout en veillant \u00e0 l'efficacit\u00e9 des trajets d'autobus. Les crit\u00e8res utilis\u00e9s pour d\u00e9terminer les arr\u00eats d'autobus sont les suivants :<\/p><h6 class=\"text-muted\">Veuillez noter que le choix de l'arr\u00eat est d\u00e9termin\u00e9 en fonction de l'\u00e9l\u00e8ve le plus jeune<\/h6><table class=\"table table-striped table-responsive\"><tbody><tr><th width=\"29%\">\u00c9l\u00e8ves de la maternelle<\/th><td width=\"71%\">L'arr\u00eat d'autobus doit se trouver\u00a0<strong>au coin de leur rue,<\/strong>si possible.<\/td><\/tr><tr><th>\u00c9l\u00e8ves de 1re et 2e ann\u00e9e<\/th><td>L'arr\u00eat d'autobus doit se trouver \u00e0 tout au plus\u00a0<strong>300 m\u00e8tres<\/strong>\u00a0(environ\u00a0<strong>3 p\u00e2t\u00e9s de maisons<\/strong>) de leur domicile.<\/td><\/tr><tr><th>\u00c9l\u00e8ves de la 3e \u00e0 la 6e ann\u00e9e<\/th><td>L'arr\u00eat d'autobus doit se trouver \u00e0 tout au plus<strong>\u00a0600 m\u00e8tres<\/strong>\u00a0(environ\u00a0<strong>6 p\u00e2t\u00e9s de maisons<\/strong>) de leur domicile.<\/td><\/tr><\/tbody><\/table><p>Par mesure de s\u00e9curit\u00e9, il est recommand\u00e9 qu'un adulte responsable accompagne l'enfant \u00e0 l'arr\u00eat d'autobus d\u00e9sign\u00e9 et au retour.\u00a0<strong>Les \u00e9l\u00e8ves de maternelle et de 1re ann\u00e9e doivent obligatoirement \u00eatre accompagn\u00e9s d'un adulte pour se rendre \u00e0 l'arr\u00eat d'autobus assign\u00e9 et au retour.<\/strong><\/p>\t\t\t\t\t\t\t\t<\/div>\n\t\t\t\t<\/div>\n\t\t\t\t\t<\/div>\n\t\t<\/div>\n\t\t\t\t<div class=\"elementor-column elementor-col-33 elementor-top-column elementor-element elementor-element-d420f33\" data-id=\"d420f33\" data-element_type=\"column\" data-e-type=\"column\">\n\t\t\t<div class=\"elementor-widget-wrap elementor-element-populated\">\n\t\t\t\t\t\t<div class=\"elementor-element elementor-element-b352a9b elementor-widget elementor-widget-text-editor\" data-id=\"b352a9b\" data-element_type=\"widget\" data-e-type=\"widget\" data-widget_type=\"text-editor.default\">\n\t\t\t\t<div class=\"elementor-widget-container\">\n\t\t\t\t\t\t\t\t\t<h3>Division du transport scolaire de la CSEM<\/h3><p>La Division du transport scolaire de la CSEM veille au bon d\u00e9roulement quotidien du syst\u00e8me de transport scolaire. Pour en savoir plus, veuillez consulter le site Web de la CSEM :<\/p><ul class=\"links\"><li><a href=\"http:\/\/www.emsb.qc.ca\/emsb_en\/services_en\/transportation_en.asp\" target=\"_blank\" rel=\"noopener\">Division du transport scolaire de la CSEM<\/a><\/li><\/ul>\t\t\t\t\t\t\t\t<\/div>\n\t\t\t\t<\/div>\n\t\t\t\t<div class=\"elementor-element elementor-element-60b4b49 elementor-widget elementor-widget-spacer\" data-id=\"60b4b49\" data-element_type=\"widget\" data-e-type=\"widget\" data-widget_type=\"spacer.default\">\n\t\t\t\t<div class=\"elementor-widget-container\">\n\t\t\t\t\t\t\t<div class=\"elementor-spacer\">\n\t\t\t<div class=\"elementor-spacer-inner\"><\/div>\n\t\t<\/div>\n\t\t\t\t\t\t<\/div>\n\t\t\t\t<\/div>\n\t\t\t\t<div class=\"elementor-element elementor-element-c003299 elementor-widget elementor-widget-text-editor\" data-id=\"c003299\" data-element_type=\"widget\" data-e-type=\"widget\" data-widget_type=\"text-editor.default\">\n\t\t\t\t<div class=\"elementor-widget-container\">\n\t\t\t\t\t\t\t\t\t<h3>La s\u00e9curit\u00e9 en autobus<\/h3><p>Les pi\u00e9tons et les automobilistes doivent respecter certaines r\u00e8gles afin d'assurer la s\u00e9curit\u00e9 des \u00e9l\u00e8ves \u00e0 bord des autobus scolaires. Cliquez sur le lien ci-dessous pour conna\u00eetre les mesures de s\u00e9curit\u00e9 :<\/p><ul class=\"links\"><li><a href=\"http:\/\/www.saaq.gouv.qc.ca\/publications\/prevention\/transport_concern.pdf\" target=\"_blank\" rel=\"noopener\">Le transport \u00e9colier : une responsabilit\u00e9 partag\u00e9e (SAAQ)<\/a><\/li><li><a href=\"http:\/\/www.mastuvu.info\/en\">M'as-tu vu? Campagne de s\u00e9curit\u00e9 en transport scolaire<\/a><\/li><\/ul>\t\t\t\t\t\t\t\t<\/div>\n\t\t\t\t<\/div>\n\t\t\t\t<div class=\"elementor-element elementor-element-6e17d61 elementor-widget elementor-widget-spacer\" data-id=\"6e17d61\" data-element_type=\"widget\" data-e-type=\"widget\" data-widget_type=\"spacer.default\">\n\t\t\t\t<div class=\"elementor-widget-container\">\n\t\t\t\t\t\t\t<div class=\"elementor-spacer\">\n\t\t\t<div class=\"elementor-spacer-inner\"><\/div>\n\t\t<\/div>\n\t\t\t\t\t\t<\/div>\n\t\t\t\t<\/div>\n\t\t\t\t<div class=\"elementor-element elementor-element-9f88411 elementor-widget elementor-widget-text-editor\" data-id=\"9f88411\" data-element_type=\"widget\" data-e-type=\"widget\" data-widget_type=\"text-editor.default\">\n\t\t\t\t<div class=\"elementor-widget-container\">\n\t\t\t\t\t\t\t\t\t<h3>Mon enfant doit-il avoir un laissez-passer?<\/h3><p>Les conducteurs sont pr\u00e9venus que tous les \u00e9l\u00e8ves doivent avoir leur laissez-passer pour monter \u00e0 bord de l'autobus.\u00a0<u>Tout \u00e9l\u00e8ve qui n'a pas son laissez-passer doit \u00eatre port\u00e9 \u00e0 l'attention du personnel de l'\u00e9cole.<\/u><\/p><table class=\"table table-condensed table-responsive\"><tbody><tr><th scope=\"row\" width=\"29%\">\u00c9l\u00e8ves inscrits au transport :<\/th><td width=\"71%\">La Division du transport scolaire de la CSEM \u00e9met les laissez-passer lorsque les trajets d'autobus sont \u00e9tablis au cours de l'\u00e9t\u00e9 et les poste aux parents.<\/td><\/tr><tr><th scope=\"row\">\u00c9l\u00e8ves nouvellement inscrits :<\/th><td>Un laissez-passer temporaire est d\u00e9livr\u00e9 par le personnel de l'\u00e9cole et est valable jusqu'\u00e0 ce qu'un laissez-passer officiel soit fourni par la Division du transport scolaire.<\/td><\/tr><tr><th scope=\"row\">\u00c9l\u00e8ves ayant droit au transport de courtoisie :<\/th><td>Les laissez-passer de courtoisie sont d\u00e9livr\u00e9s par le personnel de l'\u00e9cole et la date \u00e0 laquelle ils sont distribu\u00e9s est d\u00e9termin\u00e9e par la direction de l'\u00e9cole.<\/td><\/tr><\/tbody><\/table>\t\t\t\t\t\t\t\t<\/div>\n\t\t\t\t<\/div>\n\t\t\t\t\t<\/div>\n\t\t<\/div>\n\t\t\t\t\t<\/div>\n\t\t<\/section>\n\t\t\t\t<\/div>","protected":false},"excerpt":{"rendered":"<p>If your home is beyond walking distance to school, your child may be eligible for school bus transportation. Eligibility is determined by grade level by the EMSB Transportation Department, and not by the school administration directly. Bussing Eligibility Criteria Pre-Kindergarten: Pre-Kindergarten students residing more than\u00a00.6 km\u00a0from school are eligible for busing. Kindertarten: Kindergarten students residing [&hellip;]<\/p>\n","protected":false},"author":3,"featured_media":0,"parent":0,"menu_order":0,"comment_status":"closed","ping_status":"closed","template":"","meta":{"site-sidebar-layout":"no-sidebar","site-content-layout":"page-builder","ast-site-content-layout":"default","site-content-style":"default","site-sidebar-style":"default","ast-global-header-display":"","ast-banner-title-visibility":"","ast-main-header-display":"","ast-hfb-above-header-display":"","ast-hfb-below-header-display":"","ast-hfb-mobile-header-display":"","site-post-title":"disabled","ast-breadcrumbs-content":"","ast-featured-img":"disabled","footer-sml-layout":"","ast-disable-related-posts":"","theme-transparent-header-meta":"default","adv-header-id-meta":"","stick-header-meta":"","header-above-stick-meta":"","header-main-stick-meta":"","header-below-stick-meta":"","astra-migrate-meta-layouts":"default","ast-page-background-enabled":"default","ast-page-background-meta":{"desktop":{"background-color":"var(--ast-global-color-4)","background-image":"","background-repeat":"repeat","background-position":"center center","background-size":"auto","background-attachment":"scroll","background-type":"","background-media":"","overlay-type":"","overlay-color":"","overlay-opacity":"","overlay-gradient":""},"tablet":{"background-color":"","background-image":"","background-repeat":"repeat","background-position":"center center","background-size":"auto","background-attachment":"scroll","background-type":"","background-media":"","overlay-type":"","overlay-color":"","overlay-opacity":"","overlay-gradient":""},"mobile":{"background-color":"","background-image":"","background-repeat":"repeat","background-position":"center center","background-size":"auto","background-attachment":"scroll","background-type":"","background-media":"","overlay-type":"","overlay-color":"","overlay-opacity":"","overlay-gradient":""}},"ast-content-background-meta":{"desktop":{"background-color":"var(--ast-global-color-5)","background-image":"","background-repeat":"repeat","background-position":"center center","background-size":"auto","background-attachment":"scroll","background-type":"","background-media":"","overlay-type":"","overlay-color":"","overlay-opacity":"","overlay-gradient":""},"tablet":{"background-color":"var(--ast-global-color-5)","background-image":"","background-repeat":"repeat","background-position":"center center","background-size":"auto","background-attachment":"scroll","background-type":"","background-media":"","overlay-type":"","overlay-color":"","overlay-opacity":"","overlay-gradient":""},"mobile":{"background-color":"var(--ast-global-color-5)","background-image":"","background-repeat":"repeat","background-position":"center center","background-size":"auto","background-attachment":"scroll","background-type":"","background-media":"","overlay-type":"","overlay-color":"","overlay-opacity":"","overlay-gradient":""}},"footnotes":""},"class_list":["post-6391","page","type-page","status-publish","hentry"],"yoast_head":"<!-- This site is optimized with the Yoast SEO plugin v27.4 - https:\/\/yoast.com\/product\/yoast-seo-wordpress\/ -->\n<title>Bussing and Transportation - Merton Elementary School<\/title>\n<meta name=\"robots\" content=\"index, follow, max-snippet:-1, max-image-preview:large, max-video-preview:-1\" \/>\n<link rel=\"canonical\" href=\"https:\/\/merton.emsb.qc.ca\/fr\/bussing-transportation\/\" \/>\n<meta property=\"og:locale\" content=\"fr_FR\" \/>\n<meta property=\"og:type\" content=\"article\" \/>\n<meta property=\"og:title\" content=\"Bussing and Transportation - Merton Elementary School\" \/>\n<meta property=\"og:description\" content=\"If your home is beyond walking distance to school, your child may be eligible for school bus transportation. Eligibility is determined by grade level by the EMSB Transportation Department, and not by the school administration directly. Bussing Eligibility Criteria Pre-Kindergarten: Pre-Kindergarten students residing more than\u00a00.6 km\u00a0from school are eligible for busing. Kindertarten: Kindergarten students residing [&hellip;]\" \/>\n<meta property=\"og:url\" content=\"https:\/\/merton.emsb.qc.ca\/fr\/bussing-transportation\/\" \/>\n<meta property=\"og:site_name\" content=\"Merton Elementary School\" \/>\n<meta property=\"article:modified_time\" content=\"2023-06-12T18:12:24+00:00\" \/>\n<meta name=\"twitter:card\" content=\"summary_large_image\" \/>\n<meta name=\"twitter:label1\" content=\"Dur\u00e9e de lecture estim\u00e9e\" \/>\n\t<meta name=\"twitter:data1\" content=\"3 minutes\" \/>\n<script type=\"application\/ld+json\" class=\"yoast-schema-graph\">{\"@context\":\"https:\\\/\\\/schema.org\",\"@graph\":[{\"@type\":\"WebPage\",\"@id\":\"https:\\\/\\\/merton.emsb.qc.ca\\\/bussing-transportation\\\/\",\"url\":\"https:\\\/\\\/merton.emsb.qc.ca\\\/bussing-transportation\\\/\",\"name\":\"Bussing and Transportation - Merton Elementary School\",\"isPartOf\":{\"@id\":\"https:\\\/\\\/merton.emsb.qc.ca\\\/#website\"},\"datePublished\":\"2023-02-13T14:35:31+00:00\",\"dateModified\":\"2023-06-12T18:12:24+00:00\",\"breadcrumb\":{\"@id\":\"https:\\\/\\\/merton.emsb.qc.ca\\\/bussing-transportation\\\/#breadcrumb\"},\"inLanguage\":\"fr-FR\",\"potentialAction\":[{\"@type\":\"ReadAction\",\"target\":[\"https:\\\/\\\/merton.emsb.qc.ca\\\/bussing-transportation\\\/\"]}]},{\"@type\":\"BreadcrumbList\",\"@id\":\"https:\\\/\\\/merton.emsb.qc.ca\\\/bussing-transportation\\\/#breadcrumb\",\"itemListElement\":[{\"@type\":\"ListItem\",\"position\":1,\"name\":\"Home\",\"item\":\"https:\\\/\\\/merton.emsb.qc.ca\\\/\"},{\"@type\":\"ListItem\",\"position\":2,\"name\":\"Bussing and Transportation\"}]},{\"@type\":\"WebSite\",\"@id\":\"https:\\\/\\\/merton.emsb.qc.ca\\\/#website\",\"url\":\"https:\\\/\\\/merton.emsb.qc.ca\\\/\",\"name\":\"Merton Elementary School\",\"description\":\"Merton Elementary School\",\"publisher\":{\"@id\":\"https:\\\/\\\/merton.emsb.qc.ca\\\/#organization\"},\"potentialAction\":[{\"@type\":\"SearchAction\",\"target\":{\"@type\":\"EntryPoint\",\"urlTemplate\":\"https:\\\/\\\/merton.emsb.qc.ca\\\/?s={search_term_string}\"},\"query-input\":{\"@type\":\"PropertyValueSpecification\",\"valueRequired\":true,\"valueName\":\"search_term_string\"}}],\"inLanguage\":\"fr-FR\"},{\"@type\":\"Organization\",\"@id\":\"https:\\\/\\\/merton.emsb.qc.ca\\\/#organization\",\"name\":\"Merton Elementary School\",\"url\":\"https:\\\/\\\/merton.emsb.qc.ca\\\/\",\"logo\":{\"@type\":\"ImageObject\",\"inLanguage\":\"fr-FR\",\"@id\":\"https:\\\/\\\/merton.emsb.qc.ca\\\/#\\\/schema\\\/logo\\\/image\\\/\",\"url\":\"https:\\\/\\\/merton.emsb.qc.ca\\\/wp-content\\\/uploads\\\/sites\\\/4\\\/2022\\\/01\\\/school-logo-footer.png\",\"contentUrl\":\"https:\\\/\\\/merton.emsb.qc.ca\\\/wp-content\\\/uploads\\\/sites\\\/4\\\/2022\\\/01\\\/school-logo-footer.png\",\"width\":150,\"height\":147,\"caption\":\"Merton Elementary School\"},\"image\":{\"@id\":\"https:\\\/\\\/merton.emsb.qc.ca\\\/#\\\/schema\\\/logo\\\/image\\\/\"}}]}<\/script>\n<!-- \/ Yoast SEO plugin. -->","yoast_head_json":{"title":"Bussing and Transportation - Merton Elementary School","robots":{"index":"index","follow":"follow","max-snippet":"max-snippet:-1","max-image-preview":"max-image-preview:large","max-video-preview":"max-video-preview:-1"},"canonical":"https:\/\/merton.emsb.qc.ca\/fr\/bussing-transportation\/","og_locale":"fr_FR","og_type":"article","og_title":"Bussing and Transportation - Merton Elementary School","og_description":"If your home is beyond walking distance to school, your child may be eligible for school bus transportation. Eligibility is determined by grade level by the EMSB Transportation Department, and not by the school administration directly. Bussing Eligibility Criteria Pre-Kindergarten: Pre-Kindergarten students residing more than\u00a00.6 km\u00a0from school are eligible for busing. Kindertarten: Kindergarten students residing [&hellip;]","og_url":"https:\/\/merton.emsb.qc.ca\/fr\/bussing-transportation\/","og_site_name":"Merton Elementary School","article_modified_time":"2023-06-12T18:12:24+00:00","twitter_card":"summary_large_image","twitter_misc":{"Dur\u00e9e de lecture estim\u00e9e":"3 minutes"},"schema":{"@context":"https:\/\/schema.org","@graph":[{"@type":"WebPage","@id":"https:\/\/merton.emsb.qc.ca\/bussing-transportation\/","url":"https:\/\/merton.emsb.qc.ca\/bussing-transportation\/","name":"Bussing and Transportation - Merton Elementary School","isPartOf":{"@id":"https:\/\/merton.emsb.qc.ca\/#website"},"datePublished":"2023-02-13T14:35:31+00:00","dateModified":"2023-06-12T18:12:24+00:00","breadcrumb":{"@id":"https:\/\/merton.emsb.qc.ca\/bussing-transportation\/#breadcrumb"},"inLanguage":"fr-FR","potentialAction":[{"@type":"ReadAction","target":["https:\/\/merton.emsb.qc.ca\/bussing-transportation\/"]}]},{"@type":"BreadcrumbList","@id":"https:\/\/merton.emsb.qc.ca\/bussing-transportation\/#breadcrumb","itemListElement":[{"@type":"ListItem","position":1,"name":"Home","item":"https:\/\/merton.emsb.qc.ca\/"},{"@type":"ListItem","position":2,"name":"Bussing and Transportation"}]},{"@type":"WebSite","@id":"https:\/\/merton.emsb.qc.ca\/#website","url":"https:\/\/merton.emsb.qc.ca\/","name":"\u00c9cole primaire Merton","description":"\u00c9cole primaire Merton","publisher":{"@id":"https:\/\/merton.emsb.qc.ca\/#organization"},"potentialAction":[{"@type":"SearchAction","target":{"@type":"EntryPoint","urlTemplate":"https:\/\/merton.emsb.qc.ca\/?s={search_term_string}"},"query-input":{"@type":"PropertyValueSpecification","valueRequired":true,"valueName":"search_term_string"}}],"inLanguage":"fr-FR"},{"@type":"Organization","@id":"https:\/\/merton.emsb.qc.ca\/#organization","name":"\u00c9cole primaire Merton","url":"https:\/\/merton.emsb.qc.ca\/","logo":{"@type":"ImageObject","inLanguage":"fr-FR","@id":"https:\/\/merton.emsb.qc.ca\/#\/schema\/logo\/image\/","url":"https:\/\/merton.emsb.qc.ca\/wp-content\/uploads\/sites\/4\/2022\/01\/school-logo-footer.png","contentUrl":"https:\/\/merton.emsb.qc.ca\/wp-content\/uploads\/sites\/4\/2022\/01\/school-logo-footer.png","width":150,"height":147,"caption":"Merton Elementary School"},"image":{"@id":"https:\/\/merton.emsb.qc.ca\/#\/schema\/logo\/image\/"}}]}},"_links":{"self":[{"href":"https:\/\/merton.emsb.qc.ca\/fr\/wp-json\/wp\/v2\/pages\/6391","targetHints":{"allow":["GET"]}}],"collection":[{"href":"https:\/\/merton.emsb.qc.ca\/fr\/wp-json\/wp\/v2\/pages"}],"about":[{"href":"https:\/\/merton.emsb.qc.ca\/fr\/wp-json\/wp\/v2\/types\/page"}],"author":[{"embeddable":true,"href":"https:\/\/merton.emsb.qc.ca\/fr\/wp-json\/wp\/v2\/users\/3"}],"replies":[{"embeddable":true,"href":"https:\/\/merton.emsb.qc.ca\/fr\/wp-json\/wp\/v2\/comments?post=6391"}],"version-history":[{"count":11,"href":"https:\/\/merton.emsb.qc.ca\/fr\/wp-json\/wp\/v2\/pages\/6391\/revisions"}],"predecessor-version":[{"id":7192,"href":"https:\/\/merton.emsb.qc.ca\/fr\/wp-json\/wp\/v2\/pages\/6391\/revisions\/7192"}],"wp:attachment":[{"href":"https:\/\/merton.emsb.qc.ca\/fr\/wp-json\/wp\/v2\/media?parent=6391"}],"curies":[{"name":"wp","href":"https:\/\/api.w.org\/{rel}","templated":true}]}}