
{"id":6437,"date":"2023-02-13T09:59:51","date_gmt":"2023-02-13T14:59:51","guid":{"rendered":"https:\/\/merton.emsbdev.com\/?page_id=6437"},"modified":"2023-07-11T11:53:18","modified_gmt":"2023-07-11T15:53:18","slug":"academic-support","status":"publish","type":"page","link":"https:\/\/merton.emsb.qc.ca\/fr\/academic-support\/","title":{"rendered":"Soutien scolaire"},"content":{"rendered":"<div data-elementor-type=\"wp-page\" data-elementor-id=\"6437\" class=\"elementor elementor-6437\" data-elementor-post-type=\"page\">\n\t\t\t\t\t\t<section class=\"elementor-section elementor-top-section elementor-element elementor-element-7037338 elementor-section-boxed elementor-section-height-default elementor-section-height-default\" data-id=\"7037338\" data-element_type=\"section\" data-e-type=\"section\" data-settings=\"{&quot;jet_parallax_layout_list&quot;:[]}\">\n\t\t\t\t\t\t<div class=\"elementor-container elementor-column-gap-default\">\n\t\t\t\t\t<div class=\"elementor-column elementor-col-100 elementor-top-column elementor-element elementor-element-4951609\" data-id=\"4951609\" data-element_type=\"column\" data-e-type=\"column\">\n\t\t\t<div class=\"elementor-widget-wrap elementor-element-populated\">\n\t\t\t\t\t\t<div class=\"elementor-element elementor-element-0d7d856 elementor-widget elementor-widget-text-editor\" data-id=\"0d7d856\" data-element_type=\"widget\" data-e-type=\"widget\" data-widget_type=\"text-editor.default\">\n\t\t\t\t<div class=\"elementor-widget-container\">\n\t\t\t\t\t\t\t\t\t<h3>ENSEIGNANTS-RESSOURCES<\/h3><p>Nos enseignants-ressources en fran\u00e7ais et en anglais offrent du soutien aux \u00e9l\u00e8ves qui \u00e9prouvent des difficult\u00e9s d'apprentissage dans un domaine particulier ou qui sont consid\u00e9r\u00e9s comme des apprenants \u00e0 risque. Le soutien peut \u00eatre dispens\u00e9 dans la salle de classe ou selon le mod\u00e8le classes-ressources. Les \u00e9l\u00e8ves b\u00e9n\u00e9ficiant d'un soutien peuvent avoir un PIP (plan d'intervention personnalis\u00e9) con\u00e7u pour eux, afin de leur permettre d'atteindre leur plein potentiel \u00e0 leur propre rythme.<\/p><h3>TUTORAT ET AIDE AUX DEVOIRS EN LIGNE<\/h3><p>Tous les \u00e9l\u00e8ves et leurs familles ont acc\u00e8s \u00e0\u00a0<a href=\"http:\/\/www.learnquebec.ca\/\" target=\"_blank\" rel=\"noopener\">LEARN<\/a>\u00a0(Leading English Education and Resource Network\/R\u00e9seau des ressources pour l'\u00e9ducation anglophone) qui offre des ressources et un soutien p\u00e9dagogiques en ligne, du tutorat en ligne ainsi que de l'aide aux devoirs, et ce, pour tous les niveaux scolaires. L'\u00e9cole fournit \u00e0 chaque \u00e9l\u00e8ve un nom d'utilisateur et un mot de passe.<\/p><h3>PROGRAMME D'AIDE AUX DEVOIRS APR\u00c8S L'\u00c9COLE<\/h3><p>Le programme d'aide aux devoirs apr\u00e8s l'\u00e9cole procure aux \u00e9l\u00e8ves qui en ont besoin du soutien pour faire leurs devoirs. La supervision et l'aide sont assur\u00e9es par un tuteur ou un enseignant qualifi\u00e9. Ce programme est offert \u00e0 tous les \u00e9l\u00e8ves de la 2e \u00e0 la 6e ann\u00e9e <strong>, gratuitement,<\/strong>\u00a0\u00e0 raison d'une heure apr\u00e8s la fin des classes.<\/p>\t\t\t\t\t\t\t\t<\/div>\n\t\t\t\t<\/div>\n\t\t\t\t\t<\/div>\n\t\t<\/div>\n\t\t\t\t\t<\/div>\n\t\t<\/section>\n\t\t\t\t<\/div>","protected":false},"excerpt":{"rendered":"<p>RESOURCE TEACHERS Support is provided by our resource teachers in both French and English to students who are experiencing learning difficulties in a particular area or who are considered to be at-risk learners. Resource may take place within the classroom setting and\/or through pull-out model. Students benefiting from resource support may have an I.E.P. (individualized [&hellip;]<\/p>\n","protected":false},"author":3,"featured_media":0,"parent":0,"menu_order":0,"comment_status":"closed","ping_status":"closed","template":"","meta":{"site-sidebar-layout":"no-sidebar","site-content-layout":"page-builder","ast-site-content-layout":"default","site-content-style":"default","site-sidebar-style":"default","ast-global-header-display":"","ast-banner-title-visibility":"","ast-main-header-display":"","ast-hfb-above-header-display":"","ast-hfb-below-header-display":"","ast-hfb-mobile-header-display":"","site-post-title":"disabled","ast-breadcrumbs-content":"","ast-featured-img":"disabled","footer-sml-layout":"","ast-disable-related-posts":"","theme-transparent-header-meta":"default","adv-header-id-meta":"","stick-header-meta":"","header-above-stick-meta":"","header-main-stick-meta":"","header-below-stick-meta":"","astra-migrate-meta-layouts":"default","ast-page-background-enabled":"default","ast-page-background-meta":{"desktop":{"background-color":"var(--ast-global-color-4)","background-image":"","background-repeat":"repeat","background-position":"center center","background-size":"auto","background-attachment":"scroll","background-type":"","background-media":"","overlay-type":"","overlay-color":"","overlay-opacity":"","overlay-gradient":""},"tablet":{"background-color":"","background-image":"","background-repeat":"repeat","background-position":"center center","background-size":"auto","background-attachment":"scroll","background-type":"","background-media":"","overlay-type":"","overlay-color":"","overlay-opacity":"","overlay-gradient":""},"mobile":{"background-color":"","background-image":"","background-repeat":"repeat","background-position":"center center","background-size":"auto","background-attachment":"scroll","background-type":"","background-media":"","overlay-type":"","overlay-color":"","overlay-opacity":"","overlay-gradient":""}},"ast-content-background-meta":{"desktop":{"background-color":"var(--ast-global-color-5)","background-image":"","background-repeat":"repeat","background-position":"center center","background-size":"auto","background-attachment":"scroll","background-type":"","background-media":"","overlay-type":"","overlay-color":"","overlay-opacity":"","overlay-gradient":""},"tablet":{"background-color":"var(--ast-global-color-5)","background-image":"","background-repeat":"repeat","background-position":"center center","background-size":"auto","background-attachment":"scroll","background-type":"","background-media":"","overlay-type":"","overlay-color":"","overlay-opacity":"","overlay-gradient":""},"mobile":{"background-color":"var(--ast-global-color-5)","background-image":"","background-repeat":"repeat","background-position":"center center","background-size":"auto","background-attachment":"scroll","background-type":"","background-media":"","overlay-type":"","overlay-color":"","overlay-opacity":"","overlay-gradient":""}},"footnotes":""},"class_list":["post-6437","page","type-page","status-publish","hentry"],"yoast_head":"<!-- This site is optimized with the Yoast SEO plugin v27.4 - https:\/\/yoast.com\/product\/yoast-seo-wordpress\/ -->\n<title>Academic Support - Merton Elementary School<\/title>\n<meta name=\"robots\" content=\"index, follow, max-snippet:-1, max-image-preview:large, max-video-preview:-1\" \/>\n<link rel=\"canonical\" href=\"https:\/\/merton.emsb.qc.ca\/fr\/academic-support\/\" \/>\n<meta property=\"og:locale\" content=\"fr_FR\" \/>\n<meta property=\"og:type\" content=\"article\" \/>\n<meta property=\"og:title\" content=\"Academic Support - Merton Elementary School\" \/>\n<meta property=\"og:description\" content=\"RESOURCE TEACHERS Support is provided by our resource teachers in both French and English to students who are experiencing learning difficulties in a particular area or who are considered to be at-risk learners. Resource may take place within the classroom setting and\/or through pull-out model. Students benefiting from resource support may have an I.E.P. (individualized [&hellip;]\" \/>\n<meta property=\"og:url\" content=\"https:\/\/merton.emsb.qc.ca\/fr\/academic-support\/\" \/>\n<meta property=\"og:site_name\" content=\"Merton Elementary School\" \/>\n<meta property=\"article:modified_time\" content=\"2023-07-11T15:53:18+00:00\" \/>\n<meta name=\"twitter:card\" content=\"summary_large_image\" \/>\n<meta name=\"twitter:label1\" content=\"Dur\u00e9e de lecture estim\u00e9e\" \/>\n\t<meta name=\"twitter:data1\" content=\"1 minute\" \/>\n<script type=\"application\/ld+json\" class=\"yoast-schema-graph\">{\"@context\":\"https:\\\/\\\/schema.org\",\"@graph\":[{\"@type\":\"WebPage\",\"@id\":\"https:\\\/\\\/merton.emsb.qc.ca\\\/academic-support\\\/\",\"url\":\"https:\\\/\\\/merton.emsb.qc.ca\\\/academic-support\\\/\",\"name\":\"Academic Support - Merton Elementary School\",\"isPartOf\":{\"@id\":\"https:\\\/\\\/merton.emsb.qc.ca\\\/#website\"},\"datePublished\":\"2023-02-13T14:59:51+00:00\",\"dateModified\":\"2023-07-11T15:53:18+00:00\",\"breadcrumb\":{\"@id\":\"https:\\\/\\\/merton.emsb.qc.ca\\\/academic-support\\\/#breadcrumb\"},\"inLanguage\":\"fr-FR\",\"potentialAction\":[{\"@type\":\"ReadAction\",\"target\":[\"https:\\\/\\\/merton.emsb.qc.ca\\\/academic-support\\\/\"]}]},{\"@type\":\"BreadcrumbList\",\"@id\":\"https:\\\/\\\/merton.emsb.qc.ca\\\/academic-support\\\/#breadcrumb\",\"itemListElement\":[{\"@type\":\"ListItem\",\"position\":1,\"name\":\"Home\",\"item\":\"https:\\\/\\\/merton.emsb.qc.ca\\\/\"},{\"@type\":\"ListItem\",\"position\":2,\"name\":\"Academic Support\"}]},{\"@type\":\"WebSite\",\"@id\":\"https:\\\/\\\/merton.emsb.qc.ca\\\/#website\",\"url\":\"https:\\\/\\\/merton.emsb.qc.ca\\\/\",\"name\":\"Merton Elementary School\",\"description\":\"Merton Elementary School\",\"publisher\":{\"@id\":\"https:\\\/\\\/merton.emsb.qc.ca\\\/#organization\"},\"potentialAction\":[{\"@type\":\"SearchAction\",\"target\":{\"@type\":\"EntryPoint\",\"urlTemplate\":\"https:\\\/\\\/merton.emsb.qc.ca\\\/?s={search_term_string}\"},\"query-input\":{\"@type\":\"PropertyValueSpecification\",\"valueRequired\":true,\"valueName\":\"search_term_string\"}}],\"inLanguage\":\"fr-FR\"},{\"@type\":\"Organization\",\"@id\":\"https:\\\/\\\/merton.emsb.qc.ca\\\/#organization\",\"name\":\"Merton Elementary School\",\"url\":\"https:\\\/\\\/merton.emsb.qc.ca\\\/\",\"logo\":{\"@type\":\"ImageObject\",\"inLanguage\":\"fr-FR\",\"@id\":\"https:\\\/\\\/merton.emsb.qc.ca\\\/#\\\/schema\\\/logo\\\/image\\\/\",\"url\":\"https:\\\/\\\/merton.emsb.qc.ca\\\/wp-content\\\/uploads\\\/sites\\\/4\\\/2022\\\/01\\\/school-logo-footer.png\",\"contentUrl\":\"https:\\\/\\\/merton.emsb.qc.ca\\\/wp-content\\\/uploads\\\/sites\\\/4\\\/2022\\\/01\\\/school-logo-footer.png\",\"width\":150,\"height\":147,\"caption\":\"Merton Elementary School\"},\"image\":{\"@id\":\"https:\\\/\\\/merton.emsb.qc.ca\\\/#\\\/schema\\\/logo\\\/image\\\/\"}}]}<\/script>\n<!-- \/ Yoast SEO plugin. -->","yoast_head_json":{"title":"Academic Support - Merton Elementary School","robots":{"index":"index","follow":"follow","max-snippet":"max-snippet:-1","max-image-preview":"max-image-preview:large","max-video-preview":"max-video-preview:-1"},"canonical":"https:\/\/merton.emsb.qc.ca\/fr\/academic-support\/","og_locale":"fr_FR","og_type":"article","og_title":"Academic Support - Merton Elementary School","og_description":"RESOURCE TEACHERS Support is provided by our resource teachers in both French and English to students who are experiencing learning difficulties in a particular area or who are considered to be at-risk learners. Resource may take place within the classroom setting and\/or through pull-out model. Students benefiting from resource support may have an I.E.P. (individualized [&hellip;]","og_url":"https:\/\/merton.emsb.qc.ca\/fr\/academic-support\/","og_site_name":"Merton Elementary School","article_modified_time":"2023-07-11T15:53:18+00:00","twitter_card":"summary_large_image","twitter_misc":{"Dur\u00e9e de lecture estim\u00e9e":"1 minute"},"schema":{"@context":"https:\/\/schema.org","@graph":[{"@type":"WebPage","@id":"https:\/\/merton.emsb.qc.ca\/academic-support\/","url":"https:\/\/merton.emsb.qc.ca\/academic-support\/","name":"Academic Support - Merton Elementary School","isPartOf":{"@id":"https:\/\/merton.emsb.qc.ca\/#website"},"datePublished":"2023-02-13T14:59:51+00:00","dateModified":"2023-07-11T15:53:18+00:00","breadcrumb":{"@id":"https:\/\/merton.emsb.qc.ca\/academic-support\/#breadcrumb"},"inLanguage":"fr-FR","potentialAction":[{"@type":"ReadAction","target":["https:\/\/merton.emsb.qc.ca\/academic-support\/"]}]},{"@type":"BreadcrumbList","@id":"https:\/\/merton.emsb.qc.ca\/academic-support\/#breadcrumb","itemListElement":[{"@type":"ListItem","position":1,"name":"Home","item":"https:\/\/merton.emsb.qc.ca\/"},{"@type":"ListItem","position":2,"name":"Academic Support"}]},{"@type":"WebSite","@id":"https:\/\/merton.emsb.qc.ca\/#website","url":"https:\/\/merton.emsb.qc.ca\/","name":"\u00c9cole primaire Merton","description":"\u00c9cole primaire Merton","publisher":{"@id":"https:\/\/merton.emsb.qc.ca\/#organization"},"potentialAction":[{"@type":"SearchAction","target":{"@type":"EntryPoint","urlTemplate":"https:\/\/merton.emsb.qc.ca\/?s={search_term_string}"},"query-input":{"@type":"PropertyValueSpecification","valueRequired":true,"valueName":"search_term_string"}}],"inLanguage":"fr-FR"},{"@type":"Organization","@id":"https:\/\/merton.emsb.qc.ca\/#organization","name":"\u00c9cole primaire Merton","url":"https:\/\/merton.emsb.qc.ca\/","logo":{"@type":"ImageObject","inLanguage":"fr-FR","@id":"https:\/\/merton.emsb.qc.ca\/#\/schema\/logo\/image\/","url":"https:\/\/merton.emsb.qc.ca\/wp-content\/uploads\/sites\/4\/2022\/01\/school-logo-footer.png","contentUrl":"https:\/\/merton.emsb.qc.ca\/wp-content\/uploads\/sites\/4\/2022\/01\/school-logo-footer.png","width":150,"height":147,"caption":"Merton Elementary School"},"image":{"@id":"https:\/\/merton.emsb.qc.ca\/#\/schema\/logo\/image\/"}}]}},"_links":{"self":[{"href":"https:\/\/merton.emsb.qc.ca\/fr\/wp-json\/wp\/v2\/pages\/6437","targetHints":{"allow":["GET"]}}],"collection":[{"href":"https:\/\/merton.emsb.qc.ca\/fr\/wp-json\/wp\/v2\/pages"}],"about":[{"href":"https:\/\/merton.emsb.qc.ca\/fr\/wp-json\/wp\/v2\/types\/page"}],"author":[{"embeddable":true,"href":"https:\/\/merton.emsb.qc.ca\/fr\/wp-json\/wp\/v2\/users\/3"}],"replies":[{"embeddable":true,"href":"https:\/\/merton.emsb.qc.ca\/fr\/wp-json\/wp\/v2\/comments?post=6437"}],"version-history":[{"count":10,"href":"https:\/\/merton.emsb.qc.ca\/fr\/wp-json\/wp\/v2\/pages\/6437\/revisions"}],"predecessor-version":[{"id":7321,"href":"https:\/\/merton.emsb.qc.ca\/fr\/wp-json\/wp\/v2\/pages\/6437\/revisions\/7321"}],"wp:attachment":[{"href":"https:\/\/merton.emsb.qc.ca\/fr\/wp-json\/wp\/v2\/media?parent=6437"}],"curies":[{"name":"wp","href":"https:\/\/api.w.org\/{rel}","templated":true}]}}