
{"id":6524,"date":"2023-02-13T10:33:51","date_gmt":"2023-02-13T15:33:51","guid":{"rendered":"https:\/\/merton.emsbdev.com\/?page_id=6524"},"modified":"2023-06-13T10:46:01","modified_gmt":"2023-06-13T14:46:01","slug":"daycare","status":"publish","type":"page","link":"https:\/\/merton.emsb.qc.ca\/fr\/daycare\/","title":{"rendered":"Cr\u00e8che"},"content":{"rendered":"<div data-elementor-type=\"wp-page\" data-elementor-id=\"6524\" class=\"elementor elementor-6524\" data-elementor-post-type=\"page\">\n\t\t\t\t\t\t<section class=\"elementor-section elementor-top-section elementor-element elementor-element-43ef039 elementor-section-boxed elementor-section-height-default elementor-section-height-default\" data-id=\"43ef039\" data-element_type=\"section\" data-e-type=\"section\" data-settings=\"{&quot;jet_parallax_layout_list&quot;:[]}\">\n\t\t\t\t\t\t<div class=\"elementor-container elementor-column-gap-default\">\n\t\t\t\t\t<div class=\"elementor-column elementor-col-100 elementor-top-column elementor-element elementor-element-1193075\" data-id=\"1193075\" data-element_type=\"column\" data-e-type=\"column\">\n\t\t\t<div class=\"elementor-widget-wrap elementor-element-populated\">\n\t\t\t\t\t\t<div class=\"elementor-element elementor-element-a8c3edf elementor-widget elementor-widget-text-editor\" data-id=\"a8c3edf\" data-element_type=\"widget\" data-e-type=\"widget\" data-widget_type=\"text-editor.default\">\n\t\t\t\t<div class=\"elementor-widget-container\">\n\t\t\t\t\t\t\t\t\t<p>Un certain nombre d'options diff\u00e9rentes sont propos\u00e9es en fonction des besoins individuels des familles. Le service est disponible de 14h45 \u00e0 18h pour tous les \u00e9l\u00e8ves inscrits \u00e0 Merton School.<\/p><p>Les programmes comprennent des activit\u00e9s programm\u00e9es, \u00e0 l'int\u00e9rieur et \u00e0 l'ext\u00e9rieur lorsque le temps le permet. Un programme hebdomadaire d'art, de sport, de technologie, de devoirs surveill\u00e9s et de jeux libres est propos\u00e9 pour tous les groupes d'\u00e2ge et affich\u00e9 par Home and School sur notre site web.<\/p><p>La participation \u00e0 l'ASA et \u00e0 l'ASE est subordonn\u00e9e au paiement int\u00e9gral des frais suivants\u00a0<a href=\"http:\/\/mertonschool.ca\/about-fees.asp\">frais de scolarit\u00e9<\/a>.<\/p><div class=\"doc_box\"><div class=\"doc_box_icon\"><a href=\"http:\/\/mertonschool.ca\/school%20pages\/\"><img decoding=\"async\" src=\"http:\/\/mertonschool.ca\/images\/doc-box-icons\/form-icon-large.png\" width=\"44\" height=\"46\" \/><\/a><\/div><h2><a href=\"http:\/\/mertonschool.ca\/school%20pages\/\">Activit\u00e9s parascolaires<\/a><\/h2><p>Ann\u00e9e scolaire 2020-2021<\/p><h3>T\u00e9l\u00e9charg\u00e9 :<\/h3><\/div><div class=\"doc_box\"><div class=\"doc_box_icon\"><a href=\"https:\/\/docs.google.com\/spreadsheets\/d\/1LfeWfkraKYvDYgQlJJ4LcVJD41-zJ_VJVUQQAQ0fnGs\/edit?usp=sharing\"><img decoding=\"async\" src=\"http:\/\/mertonschool.ca\/images\/doc-box-icons\/excel-icon-large.png\" width=\"44\" height=\"46\" \/><\/a><\/div><h2><a href=\"https:\/\/docs.google.com\/spreadsheets\/d\/1LfeWfkraKYvDYgQlJJ4LcVJD41-zJ_VJVUQQAQ0fnGs\/edit?usp=sharing\">Programme hebdomadaire de l'ASA<\/a><\/h2><p>Ann\u00e9e scolaire 2020-2021<\/p><h3>T\u00e9l\u00e9charg\u00e9 : Hebdomadaire<\/h3><\/div>\t\t\t\t\t\t\t\t<\/div>\n\t\t\t\t<\/div>\n\t\t\t\t\t<\/div>\n\t\t<\/div>\n\t\t\t\t\t<\/div>\n\t\t<\/section>\n\t\t\t\t<\/div>","protected":false},"excerpt":{"rendered":"<p>A number of different options are offered depending on individual family needs. The service is available from 2:45-6:00 p.m. for all students registered at Merton School. Programs include scheduled activities, both indoors and outdoors when weather permits. A weekly schedule of art, sports, technology, supervised homework periods and free play is offered for all age [&hellip;]<\/p>\n","protected":false},"author":3,"featured_media":0,"parent":0,"menu_order":0,"comment_status":"closed","ping_status":"closed","template":"","meta":{"site-sidebar-layout":"no-sidebar","site-content-layout":"page-builder","ast-site-content-layout":"default","site-content-style":"default","site-sidebar-style":"default","ast-global-header-display":"","ast-banner-title-visibility":"","ast-main-header-display":"","ast-hfb-above-header-display":"","ast-hfb-below-header-display":"","ast-hfb-mobile-header-display":"","site-post-title":"disabled","ast-breadcrumbs-content":"","ast-featured-img":"disabled","footer-sml-layout":"","ast-disable-related-posts":"","theme-transparent-header-meta":"default","adv-header-id-meta":"","stick-header-meta":"","header-above-stick-meta":"","header-main-stick-meta":"","header-below-stick-meta":"","astra-migrate-meta-layouts":"default","ast-page-background-enabled":"default","ast-page-background-meta":{"desktop":{"background-color":"var(--ast-global-color-4)","background-image":"","background-repeat":"repeat","background-position":"center center","background-size":"auto","background-attachment":"scroll","background-type":"","background-media":"","overlay-type":"","overlay-color":"","overlay-opacity":"","overlay-gradient":""},"tablet":{"background-color":"","background-image":"","background-repeat":"repeat","background-position":"center center","background-size":"auto","background-attachment":"scroll","background-type":"","background-media":"","overlay-type":"","overlay-color":"","overlay-opacity":"","overlay-gradient":""},"mobile":{"background-color":"","background-image":"","background-repeat":"repeat","background-position":"center center","background-size":"auto","background-attachment":"scroll","background-type":"","background-media":"","overlay-type":"","overlay-color":"","overlay-opacity":"","overlay-gradient":""}},"ast-content-background-meta":{"desktop":{"background-color":"var(--ast-global-color-5)","background-image":"","background-repeat":"repeat","background-position":"center center","background-size":"auto","background-attachment":"scroll","background-type":"","background-media":"","overlay-type":"","overlay-color":"","overlay-opacity":"","overlay-gradient":""},"tablet":{"background-color":"var(--ast-global-color-5)","background-image":"","background-repeat":"repeat","background-position":"center center","background-size":"auto","background-attachment":"scroll","background-type":"","background-media":"","overlay-type":"","overlay-color":"","overlay-opacity":"","overlay-gradient":""},"mobile":{"background-color":"var(--ast-global-color-5)","background-image":"","background-repeat":"repeat","background-position":"center center","background-size":"auto","background-attachment":"scroll","background-type":"","background-media":"","overlay-type":"","overlay-color":"","overlay-opacity":"","overlay-gradient":""}},"footnotes":""},"class_list":["post-6524","page","type-page","status-publish","hentry"],"yoast_head":"<!-- This site is optimized with the Yoast SEO plugin v27.3 - https:\/\/yoast.com\/product\/yoast-seo-wordpress\/ -->\n<title>Daycare - Merton Elementary School<\/title>\n<meta name=\"robots\" content=\"index, follow, max-snippet:-1, max-image-preview:large, max-video-preview:-1\" \/>\n<link rel=\"canonical\" href=\"https:\/\/merton.emsb.qc.ca\/fr\/daycare\/\" \/>\n<meta property=\"og:locale\" content=\"fr_FR\" \/>\n<meta property=\"og:type\" content=\"article\" \/>\n<meta property=\"og:title\" content=\"Daycare - Merton Elementary School\" \/>\n<meta property=\"og:description\" content=\"A number of different options are offered depending on individual family needs. The service is available from 2:45-6:00 p.m. for all students registered at Merton School. Programs include scheduled activities, both indoors and outdoors when weather permits. A weekly schedule of art, sports, technology, supervised homework periods and free play is offered for all age [&hellip;]\" \/>\n<meta property=\"og:url\" content=\"https:\/\/merton.emsb.qc.ca\/fr\/daycare\/\" \/>\n<meta property=\"og:site_name\" content=\"Merton Elementary School\" \/>\n<meta property=\"article:modified_time\" content=\"2023-06-13T14:46:01+00:00\" \/>\n<meta property=\"og:image\" content=\"http:\/\/mertonschool.ca\/images\/doc-box-icons\/form-icon-large.png\" \/>\n<meta name=\"twitter:card\" content=\"summary_large_image\" \/>\n<script type=\"application\/ld+json\" class=\"yoast-schema-graph\">{\"@context\":\"https:\\\/\\\/schema.org\",\"@graph\":[{\"@type\":\"WebPage\",\"@id\":\"https:\\\/\\\/merton.emsb.qc.ca\\\/daycare\\\/\",\"url\":\"https:\\\/\\\/merton.emsb.qc.ca\\\/daycare\\\/\",\"name\":\"Daycare - Merton Elementary School\",\"isPartOf\":{\"@id\":\"https:\\\/\\\/merton.emsb.qc.ca\\\/#website\"},\"primaryImageOfPage\":{\"@id\":\"https:\\\/\\\/merton.emsb.qc.ca\\\/daycare\\\/#primaryimage\"},\"image\":{\"@id\":\"https:\\\/\\\/merton.emsb.qc.ca\\\/daycare\\\/#primaryimage\"},\"thumbnailUrl\":\"http:\\\/\\\/mertonschool.ca\\\/images\\\/doc-box-icons\\\/form-icon-large.png\",\"datePublished\":\"2023-02-13T15:33:51+00:00\",\"dateModified\":\"2023-06-13T14:46:01+00:00\",\"breadcrumb\":{\"@id\":\"https:\\\/\\\/merton.emsb.qc.ca\\\/daycare\\\/#breadcrumb\"},\"inLanguage\":\"fr-FR\",\"potentialAction\":[{\"@type\":\"ReadAction\",\"target\":[\"https:\\\/\\\/merton.emsb.qc.ca\\\/daycare\\\/\"]}]},{\"@type\":\"ImageObject\",\"inLanguage\":\"fr-FR\",\"@id\":\"https:\\\/\\\/merton.emsb.qc.ca\\\/daycare\\\/#primaryimage\",\"url\":\"http:\\\/\\\/mertonschool.ca\\\/images\\\/doc-box-icons\\\/form-icon-large.png\",\"contentUrl\":\"http:\\\/\\\/mertonschool.ca\\\/images\\\/doc-box-icons\\\/form-icon-large.png\"},{\"@type\":\"BreadcrumbList\",\"@id\":\"https:\\\/\\\/merton.emsb.qc.ca\\\/daycare\\\/#breadcrumb\",\"itemListElement\":[{\"@type\":\"ListItem\",\"position\":1,\"name\":\"Home\",\"item\":\"https:\\\/\\\/merton.emsb.qc.ca\\\/\"},{\"@type\":\"ListItem\",\"position\":2,\"name\":\"Daycare\"}]},{\"@type\":\"WebSite\",\"@id\":\"https:\\\/\\\/merton.emsb.qc.ca\\\/#website\",\"url\":\"https:\\\/\\\/merton.emsb.qc.ca\\\/\",\"name\":\"Merton Elementary School\",\"description\":\"Merton Elementary School\",\"publisher\":{\"@id\":\"https:\\\/\\\/merton.emsb.qc.ca\\\/#organization\"},\"potentialAction\":[{\"@type\":\"SearchAction\",\"target\":{\"@type\":\"EntryPoint\",\"urlTemplate\":\"https:\\\/\\\/merton.emsb.qc.ca\\\/?s={search_term_string}\"},\"query-input\":{\"@type\":\"PropertyValueSpecification\",\"valueRequired\":true,\"valueName\":\"search_term_string\"}}],\"inLanguage\":\"fr-FR\"},{\"@type\":\"Organization\",\"@id\":\"https:\\\/\\\/merton.emsb.qc.ca\\\/#organization\",\"name\":\"Merton Elementary School\",\"url\":\"https:\\\/\\\/merton.emsb.qc.ca\\\/\",\"logo\":{\"@type\":\"ImageObject\",\"inLanguage\":\"fr-FR\",\"@id\":\"https:\\\/\\\/merton.emsb.qc.ca\\\/#\\\/schema\\\/logo\\\/image\\\/\",\"url\":\"https:\\\/\\\/merton.emsb.qc.ca\\\/wp-content\\\/uploads\\\/sites\\\/4\\\/2022\\\/01\\\/school-logo-footer.png\",\"contentUrl\":\"https:\\\/\\\/merton.emsb.qc.ca\\\/wp-content\\\/uploads\\\/sites\\\/4\\\/2022\\\/01\\\/school-logo-footer.png\",\"width\":150,\"height\":147,\"caption\":\"Merton Elementary School\"},\"image\":{\"@id\":\"https:\\\/\\\/merton.emsb.qc.ca\\\/#\\\/schema\\\/logo\\\/image\\\/\"}}]}<\/script>\n<!-- \/ Yoast SEO plugin. -->","yoast_head_json":{"title":"Daycare - Merton Elementary School","robots":{"index":"index","follow":"follow","max-snippet":"max-snippet:-1","max-image-preview":"max-image-preview:large","max-video-preview":"max-video-preview:-1"},"canonical":"https:\/\/merton.emsb.qc.ca\/fr\/daycare\/","og_locale":"fr_FR","og_type":"article","og_title":"Daycare - Merton Elementary School","og_description":"A number of different options are offered depending on individual family needs. The service is available from 2:45-6:00 p.m. for all students registered at Merton School. Programs include scheduled activities, both indoors and outdoors when weather permits. A weekly schedule of art, sports, technology, supervised homework periods and free play is offered for all age [&hellip;]","og_url":"https:\/\/merton.emsb.qc.ca\/fr\/daycare\/","og_site_name":"Merton Elementary School","article_modified_time":"2023-06-13T14:46:01+00:00","og_image":[{"url":"http:\/\/mertonschool.ca\/images\/doc-box-icons\/form-icon-large.png","type":"","width":"","height":""}],"twitter_card":"summary_large_image","schema":{"@context":"https:\/\/schema.org","@graph":[{"@type":"WebPage","@id":"https:\/\/merton.emsb.qc.ca\/daycare\/","url":"https:\/\/merton.emsb.qc.ca\/daycare\/","name":"Daycare - Merton Elementary School","isPartOf":{"@id":"https:\/\/merton.emsb.qc.ca\/#website"},"primaryImageOfPage":{"@id":"https:\/\/merton.emsb.qc.ca\/daycare\/#primaryimage"},"image":{"@id":"https:\/\/merton.emsb.qc.ca\/daycare\/#primaryimage"},"thumbnailUrl":"http:\/\/mertonschool.ca\/images\/doc-box-icons\/form-icon-large.png","datePublished":"2023-02-13T15:33:51+00:00","dateModified":"2023-06-13T14:46:01+00:00","breadcrumb":{"@id":"https:\/\/merton.emsb.qc.ca\/daycare\/#breadcrumb"},"inLanguage":"fr-FR","potentialAction":[{"@type":"ReadAction","target":["https:\/\/merton.emsb.qc.ca\/daycare\/"]}]},{"@type":"ImageObject","inLanguage":"fr-FR","@id":"https:\/\/merton.emsb.qc.ca\/daycare\/#primaryimage","url":"http:\/\/mertonschool.ca\/images\/doc-box-icons\/form-icon-large.png","contentUrl":"http:\/\/mertonschool.ca\/images\/doc-box-icons\/form-icon-large.png"},{"@type":"BreadcrumbList","@id":"https:\/\/merton.emsb.qc.ca\/daycare\/#breadcrumb","itemListElement":[{"@type":"ListItem","position":1,"name":"Home","item":"https:\/\/merton.emsb.qc.ca\/"},{"@type":"ListItem","position":2,"name":"Daycare"}]},{"@type":"WebSite","@id":"https:\/\/merton.emsb.qc.ca\/#website","url":"https:\/\/merton.emsb.qc.ca\/","name":"\u00c9cole primaire Merton","description":"\u00c9cole primaire Merton","publisher":{"@id":"https:\/\/merton.emsb.qc.ca\/#organization"},"potentialAction":[{"@type":"SearchAction","target":{"@type":"EntryPoint","urlTemplate":"https:\/\/merton.emsb.qc.ca\/?s={search_term_string}"},"query-input":{"@type":"PropertyValueSpecification","valueRequired":true,"valueName":"search_term_string"}}],"inLanguage":"fr-FR"},{"@type":"Organization","@id":"https:\/\/merton.emsb.qc.ca\/#organization","name":"\u00c9cole primaire Merton","url":"https:\/\/merton.emsb.qc.ca\/","logo":{"@type":"ImageObject","inLanguage":"fr-FR","@id":"https:\/\/merton.emsb.qc.ca\/#\/schema\/logo\/image\/","url":"https:\/\/merton.emsb.qc.ca\/wp-content\/uploads\/sites\/4\/2022\/01\/school-logo-footer.png","contentUrl":"https:\/\/merton.emsb.qc.ca\/wp-content\/uploads\/sites\/4\/2022\/01\/school-logo-footer.png","width":150,"height":147,"caption":"Merton Elementary School"},"image":{"@id":"https:\/\/merton.emsb.qc.ca\/#\/schema\/logo\/image\/"}}]}},"_links":{"self":[{"href":"https:\/\/merton.emsb.qc.ca\/fr\/wp-json\/wp\/v2\/pages\/6524","targetHints":{"allow":["GET"]}}],"collection":[{"href":"https:\/\/merton.emsb.qc.ca\/fr\/wp-json\/wp\/v2\/pages"}],"about":[{"href":"https:\/\/merton.emsb.qc.ca\/fr\/wp-json\/wp\/v2\/types\/page"}],"author":[{"embeddable":true,"href":"https:\/\/merton.emsb.qc.ca\/fr\/wp-json\/wp\/v2\/users\/3"}],"replies":[{"embeddable":true,"href":"https:\/\/merton.emsb.qc.ca\/fr\/wp-json\/wp\/v2\/comments?post=6524"}],"version-history":[{"count":4,"href":"https:\/\/merton.emsb.qc.ca\/fr\/wp-json\/wp\/v2\/pages\/6524\/revisions"}],"predecessor-version":[{"id":6529,"href":"https:\/\/merton.emsb.qc.ca\/fr\/wp-json\/wp\/v2\/pages\/6524\/revisions\/6529"}],"wp:attachment":[{"href":"https:\/\/merton.emsb.qc.ca\/fr\/wp-json\/wp\/v2\/media?parent=6524"}],"curies":[{"name":"wp","href":"https:\/\/api.w.org\/{rel}","templated":true}]}}