
{"id":6542,"date":"2023-02-13T10:45:58","date_gmt":"2023-02-13T15:45:58","guid":{"rendered":"https:\/\/merton.emsbdev.com\/?page_id=6542"},"modified":"2023-08-28T13:10:54","modified_gmt":"2023-08-28T17:10:54","slug":"join-our-community","status":"publish","type":"page","link":"https:\/\/merton.emsb.qc.ca\/fr\/join-our-community\/","title":{"rendered":"Rejoignez notre communaut\u00e9"},"content":{"rendered":"<div data-elementor-type=\"wp-page\" data-elementor-id=\"6542\" class=\"elementor elementor-6542\" data-elementor-post-type=\"page\">\n\t\t\t\t\t\t<section class=\"elementor-section elementor-top-section elementor-element elementor-element-9f1bac7 elementor-section-boxed elementor-section-height-default elementor-section-height-default\" data-id=\"9f1bac7\" data-element_type=\"section\" data-e-type=\"section\" data-settings=\"{&quot;jet_parallax_layout_list&quot;:[]}\">\n\t\t\t\t\t\t<div class=\"elementor-container elementor-column-gap-default\">\n\t\t\t\t\t<div class=\"elementor-column elementor-col-100 elementor-top-column elementor-element elementor-element-5191cc0\" data-id=\"5191cc0\" data-element_type=\"column\" data-e-type=\"column\">\n\t\t\t<div class=\"elementor-widget-wrap elementor-element-populated\">\n\t\t\t\t\t\t<div class=\"elementor-element elementor-element-44fa5a3 elementor-widget elementor-widget-text-editor\" data-id=\"44fa5a3\" data-element_type=\"widget\" data-e-type=\"widget\" data-widget_type=\"text-editor.default\">\n\t\t\t\t<div class=\"elementor-widget-container\">\n\t\t\t\t\t\t\t\t\t<p>L'implication des parents dans l'\u00e9cole de leur enfant est fortement corr\u00e9l\u00e9e \u00e0 la r\u00e9ussite des \u00e9l\u00e8ves. \u00c0 Merton, votre pr\u00e9sence est la bienvenue et votre contribution est appr\u00e9ci\u00e9e. Voici quelques-unes des nombreuses fa\u00e7ons dont vous pouvez faire la diff\u00e9rence pour tous les \u00e9l\u00e8ves :<\/p>\n<h4><b>ORGANISATIONS DE PARENTS<\/b><\/h4>\n<p><\/p>\n<h4><strong>Conseil d'\u00e9tablissement<\/strong><\/h4>\n<p><\/p>\n<p>Le conseil d'\u00e9tablissement est un comit\u00e9 l\u00e9gif\u00e9r\u00e9 par le gouvernement, dans lequel un nombre \u00e9gal de parents et de membres du personnel sont repr\u00e9sent\u00e9s. L'objectif de ce comit\u00e9 est de prendre des d\u00e9cisions au niveau local dans le meilleur int\u00e9r\u00eat des \u00e9l\u00e8ves de chaque \u00e9cole. Le mandat du conseil d'\u00e9tablissement est de discuter des politiques propos\u00e9es qui affectent la routine quotidienne des \u00e9l\u00e8ves de Merton. Des d\u00e9cisions sont prises sur des sujets tels que la s\u00e9curit\u00e9 des b\u00e2timents, les sorties scolaires et le budget de l'\u00e9cole. Conform\u00e9ment \u00e0 la loi sur l'\u00e9ducation, les \u00e9lections des parents membres dont le mandat de deux ans a expir\u00e9 doivent avoir lieu en septembre de chaque ann\u00e9e, \u00e0 la demande du pr\u00e9sident du conseil d'\u00e9tablissement.<\/p>\n<p style=\"font-weight: 400\">Les parents peuvent contacter tout membre du conseil de direction de l'une des mani\u00e8res suivantes :<\/p>\n<ul style=\"font-weight: 400\">\n<li><strong>T\u00e9l\u00e9phone<\/strong> Appelez le bureau de l'\u00e9cole - 514-481-7425 et laissez un message \u00e0 la personne appropri\u00e9e.<\/li>\n<li><strong>E-mail- <\/strong><a href=\"mailto:gb.merton@gmail.com\"><strong>gb.merton@gmail.com<\/strong><\/a><\/li>\n<li><strong>Par \u00e9crit-<\/strong> La correspondance peut \u00eatre confi\u00e9e \u00e0 la secr\u00e9taire de l'\u00e9cole au bureau.<\/li>\n<\/ul>\n<h4><strong>Association foyer-\u00e9cole<\/strong><\/h4>\n<p><\/p>\n<p>La Merton Home and School Association g\u00e8re les besoins de collecte de fonds pour les activit\u00e9s de Merton et s'appuie sur la participation active de tr\u00e8s nombreux parents. Si vous pouvez prendre le temps d'aider, vous apporterez une contribution inestimable \u00e0 la vie de l'\u00e9cole. Nous sommes convaincus que vous trouverez cette exp\u00e9rience enrichissante. <u>Pour vous impliquer, participez aux r\u00e9unions mensuelles<\/u>. L'association foyer-\u00e9cole communique les dates et heures de ses r\u00e9unions \u00e0 tous les parents tout au long de l'ann\u00e9e.<\/p>\n<p style=\"font-weight: 400\">La Home and School Association propose des programmes tels que les activit\u00e9s extrascolaires (ASA) et les cours d'enrichissement.&nbsp;&nbsp;<\/p><p style=\"font-weight: 400\">Pour plus d'informations, veuillez appeler le 514-481-2033 ; <a href=\"mailto:info@mertonhs.ca\">info@mertonhs.ca<\/a><\/p>\n<p><\/p>\t\t\t\t\t\t\t\t<\/div>\n\t\t\t\t<\/div>\n\t\t\t\t\t<\/div>\n\t\t<\/div>\n\t\t\t\t\t<\/div>\n\t\t<\/section>\n\t\t\t\t<\/div>","protected":false},"excerpt":{"rendered":"<p>Parent involvement in their child\u2019s school is highly correlated to student success. At Merton, your presence is welcome and your contribution is valued. Here are a few of the many ways in which you can make a difference for all students: PARENT ORGANIZATIONS Governing Board The Governing Board is a committee legislated by the Government, [&hellip;]<\/p>\n","protected":false},"author":3,"featured_media":0,"parent":0,"menu_order":0,"comment_status":"closed","ping_status":"closed","template":"","meta":{"site-sidebar-layout":"no-sidebar","site-content-layout":"page-builder","ast-site-content-layout":"default","site-content-style":"default","site-sidebar-style":"default","ast-global-header-display":"","ast-banner-title-visibility":"","ast-main-header-display":"","ast-hfb-above-header-display":"","ast-hfb-below-header-display":"","ast-hfb-mobile-header-display":"","site-post-title":"disabled","ast-breadcrumbs-content":"","ast-featured-img":"disabled","footer-sml-layout":"","ast-disable-related-posts":"","theme-transparent-header-meta":"default","adv-header-id-meta":"","stick-header-meta":"","header-above-stick-meta":"","header-main-stick-meta":"","header-below-stick-meta":"","astra-migrate-meta-layouts":"default","ast-page-background-enabled":"default","ast-page-background-meta":{"desktop":{"background-color":"var(--ast-global-color-4)","background-image":"","background-repeat":"repeat","background-position":"center center","background-size":"auto","background-attachment":"scroll","background-type":"","background-media":"","overlay-type":"","overlay-color":"","overlay-opacity":"","overlay-gradient":""},"tablet":{"background-color":"","background-image":"","background-repeat":"repeat","background-position":"center center","background-size":"auto","background-attachment":"scroll","background-type":"","background-media":"","overlay-type":"","overlay-color":"","overlay-opacity":"","overlay-gradient":""},"mobile":{"background-color":"","background-image":"","background-repeat":"repeat","background-position":"center center","background-size":"auto","background-attachment":"scroll","background-type":"","background-media":"","overlay-type":"","overlay-color":"","overlay-opacity":"","overlay-gradient":""}},"ast-content-background-meta":{"desktop":{"background-color":"var(--ast-global-color-5)","background-image":"","background-repeat":"repeat","background-position":"center center","background-size":"auto","background-attachment":"scroll","background-type":"","background-media":"","overlay-type":"","overlay-color":"","overlay-opacity":"","overlay-gradient":""},"tablet":{"background-color":"var(--ast-global-color-5)","background-image":"","background-repeat":"repeat","background-position":"center center","background-size":"auto","background-attachment":"scroll","background-type":"","background-media":"","overlay-type":"","overlay-color":"","overlay-opacity":"","overlay-gradient":""},"mobile":{"background-color":"var(--ast-global-color-5)","background-image":"","background-repeat":"repeat","background-position":"center center","background-size":"auto","background-attachment":"scroll","background-type":"","background-media":"","overlay-type":"","overlay-color":"","overlay-opacity":"","overlay-gradient":""}},"footnotes":""},"class_list":["post-6542","page","type-page","status-publish","hentry"],"yoast_head":"<!-- This site is optimized with the Yoast SEO plugin v27.4 - https:\/\/yoast.com\/product\/yoast-seo-wordpress\/ -->\n<title>Join our Community - Merton Elementary School<\/title>\n<meta name=\"robots\" content=\"index, follow, max-snippet:-1, max-image-preview:large, max-video-preview:-1\" \/>\n<link rel=\"canonical\" href=\"https:\/\/merton.emsb.qc.ca\/fr\/join-our-community\/\" \/>\n<meta property=\"og:locale\" content=\"fr_FR\" \/>\n<meta property=\"og:type\" content=\"article\" \/>\n<meta property=\"og:title\" content=\"Join our Community - Merton Elementary School\" \/>\n<meta property=\"og:description\" content=\"Parent involvement in their child\u2019s school is highly correlated to student success. At Merton, your presence is welcome and your contribution is valued. Here are a few of the many ways in which you can make a difference for all students: PARENT ORGANIZATIONS Governing Board The Governing Board is a committee legislated by the Government, [&hellip;]\" \/>\n<meta property=\"og:url\" content=\"https:\/\/merton.emsb.qc.ca\/fr\/join-our-community\/\" \/>\n<meta property=\"og:site_name\" content=\"Merton Elementary School\" \/>\n<meta property=\"article:modified_time\" content=\"2023-08-28T17:10:54+00:00\" \/>\n<meta name=\"twitter:card\" content=\"summary_large_image\" \/>\n<meta name=\"twitter:label1\" content=\"Dur\u00e9e de lecture estim\u00e9e\" \/>\n\t<meta name=\"twitter:data1\" content=\"2 minutes\" \/>\n<script type=\"application\/ld+json\" class=\"yoast-schema-graph\">{\"@context\":\"https:\\\/\\\/schema.org\",\"@graph\":[{\"@type\":\"WebPage\",\"@id\":\"https:\\\/\\\/merton.emsb.qc.ca\\\/join-our-community\\\/\",\"url\":\"https:\\\/\\\/merton.emsb.qc.ca\\\/join-our-community\\\/\",\"name\":\"Join our Community - Merton Elementary School\",\"isPartOf\":{\"@id\":\"https:\\\/\\\/merton.emsb.qc.ca\\\/#website\"},\"datePublished\":\"2023-02-13T15:45:58+00:00\",\"dateModified\":\"2023-08-28T17:10:54+00:00\",\"breadcrumb\":{\"@id\":\"https:\\\/\\\/merton.emsb.qc.ca\\\/join-our-community\\\/#breadcrumb\"},\"inLanguage\":\"fr-FR\",\"potentialAction\":[{\"@type\":\"ReadAction\",\"target\":[\"https:\\\/\\\/merton.emsb.qc.ca\\\/join-our-community\\\/\"]}]},{\"@type\":\"BreadcrumbList\",\"@id\":\"https:\\\/\\\/merton.emsb.qc.ca\\\/join-our-community\\\/#breadcrumb\",\"itemListElement\":[{\"@type\":\"ListItem\",\"position\":1,\"name\":\"Home\",\"item\":\"https:\\\/\\\/merton.emsb.qc.ca\\\/\"},{\"@type\":\"ListItem\",\"position\":2,\"name\":\"Join our Community\"}]},{\"@type\":\"WebSite\",\"@id\":\"https:\\\/\\\/merton.emsb.qc.ca\\\/#website\",\"url\":\"https:\\\/\\\/merton.emsb.qc.ca\\\/\",\"name\":\"Merton Elementary School\",\"description\":\"Merton Elementary School\",\"publisher\":{\"@id\":\"https:\\\/\\\/merton.emsb.qc.ca\\\/#organization\"},\"potentialAction\":[{\"@type\":\"SearchAction\",\"target\":{\"@type\":\"EntryPoint\",\"urlTemplate\":\"https:\\\/\\\/merton.emsb.qc.ca\\\/?s={search_term_string}\"},\"query-input\":{\"@type\":\"PropertyValueSpecification\",\"valueRequired\":true,\"valueName\":\"search_term_string\"}}],\"inLanguage\":\"fr-FR\"},{\"@type\":\"Organization\",\"@id\":\"https:\\\/\\\/merton.emsb.qc.ca\\\/#organization\",\"name\":\"Merton Elementary School\",\"url\":\"https:\\\/\\\/merton.emsb.qc.ca\\\/\",\"logo\":{\"@type\":\"ImageObject\",\"inLanguage\":\"fr-FR\",\"@id\":\"https:\\\/\\\/merton.emsb.qc.ca\\\/#\\\/schema\\\/logo\\\/image\\\/\",\"url\":\"https:\\\/\\\/merton.emsb.qc.ca\\\/wp-content\\\/uploads\\\/sites\\\/4\\\/2022\\\/01\\\/school-logo-footer.png\",\"contentUrl\":\"https:\\\/\\\/merton.emsb.qc.ca\\\/wp-content\\\/uploads\\\/sites\\\/4\\\/2022\\\/01\\\/school-logo-footer.png\",\"width\":150,\"height\":147,\"caption\":\"Merton Elementary School\"},\"image\":{\"@id\":\"https:\\\/\\\/merton.emsb.qc.ca\\\/#\\\/schema\\\/logo\\\/image\\\/\"}}]}<\/script>\n<!-- \/ Yoast SEO plugin. -->","yoast_head_json":{"title":"Rejoignez notre communaut\u00e9 - \u00c9cole primaire de Merton","robots":{"index":"index","follow":"follow","max-snippet":"max-snippet:-1","max-image-preview":"max-image-preview:large","max-video-preview":"max-video-preview:-1"},"canonical":"https:\/\/merton.emsb.qc.ca\/fr\/join-our-community\/","og_locale":"fr_FR","og_type":"article","og_title":"Join our Community - Merton Elementary School","og_description":"Parent involvement in their child\u2019s school is highly correlated to student success. At Merton, your presence is welcome and your contribution is valued. Here are a few of the many ways in which you can make a difference for all students: PARENT ORGANIZATIONS Governing Board The Governing Board is a committee legislated by the Government, [&hellip;]","og_url":"https:\/\/merton.emsb.qc.ca\/fr\/join-our-community\/","og_site_name":"Merton Elementary School","article_modified_time":"2023-08-28T17:10:54+00:00","twitter_card":"summary_large_image","twitter_misc":{"Dur\u00e9e de lecture estim\u00e9e":"2 minutes"},"schema":{"@context":"https:\/\/schema.org","@graph":[{"@type":"WebPage","@id":"https:\/\/merton.emsb.qc.ca\/join-our-community\/","url":"https:\/\/merton.emsb.qc.ca\/join-our-community\/","name":"Rejoignez notre communaut\u00e9 - \u00c9cole primaire de Merton","isPartOf":{"@id":"https:\/\/merton.emsb.qc.ca\/#website"},"datePublished":"2023-02-13T15:45:58+00:00","dateModified":"2023-08-28T17:10:54+00:00","breadcrumb":{"@id":"https:\/\/merton.emsb.qc.ca\/join-our-community\/#breadcrumb"},"inLanguage":"fr-FR","potentialAction":[{"@type":"ReadAction","target":["https:\/\/merton.emsb.qc.ca\/join-our-community\/"]}]},{"@type":"BreadcrumbList","@id":"https:\/\/merton.emsb.qc.ca\/join-our-community\/#breadcrumb","itemListElement":[{"@type":"ListItem","position":1,"name":"Home","item":"https:\/\/merton.emsb.qc.ca\/"},{"@type":"ListItem","position":2,"name":"Join our Community"}]},{"@type":"WebSite","@id":"https:\/\/merton.emsb.qc.ca\/#website","url":"https:\/\/merton.emsb.qc.ca\/","name":"\u00c9cole primaire Merton","description":"\u00c9cole primaire Merton","publisher":{"@id":"https:\/\/merton.emsb.qc.ca\/#organization"},"potentialAction":[{"@type":"SearchAction","target":{"@type":"EntryPoint","urlTemplate":"https:\/\/merton.emsb.qc.ca\/?s={search_term_string}"},"query-input":{"@type":"PropertyValueSpecification","valueRequired":true,"valueName":"search_term_string"}}],"inLanguage":"fr-FR"},{"@type":"Organization","@id":"https:\/\/merton.emsb.qc.ca\/#organization","name":"\u00c9cole primaire Merton","url":"https:\/\/merton.emsb.qc.ca\/","logo":{"@type":"ImageObject","inLanguage":"fr-FR","@id":"https:\/\/merton.emsb.qc.ca\/#\/schema\/logo\/image\/","url":"https:\/\/merton.emsb.qc.ca\/wp-content\/uploads\/sites\/4\/2022\/01\/school-logo-footer.png","contentUrl":"https:\/\/merton.emsb.qc.ca\/wp-content\/uploads\/sites\/4\/2022\/01\/school-logo-footer.png","width":150,"height":147,"caption":"Merton Elementary School"},"image":{"@id":"https:\/\/merton.emsb.qc.ca\/#\/schema\/logo\/image\/"}}]}},"_links":{"self":[{"href":"https:\/\/merton.emsb.qc.ca\/fr\/wp-json\/wp\/v2\/pages\/6542","targetHints":{"allow":["GET"]}}],"collection":[{"href":"https:\/\/merton.emsb.qc.ca\/fr\/wp-json\/wp\/v2\/pages"}],"about":[{"href":"https:\/\/merton.emsb.qc.ca\/fr\/wp-json\/wp\/v2\/types\/page"}],"author":[{"embeddable":true,"href":"https:\/\/merton.emsb.qc.ca\/fr\/wp-json\/wp\/v2\/users\/3"}],"replies":[{"embeddable":true,"href":"https:\/\/merton.emsb.qc.ca\/fr\/wp-json\/wp\/v2\/comments?post=6542"}],"version-history":[{"count":10,"href":"https:\/\/merton.emsb.qc.ca\/fr\/wp-json\/wp\/v2\/pages\/6542\/revisions"}],"predecessor-version":[{"id":7521,"href":"https:\/\/merton.emsb.qc.ca\/fr\/wp-json\/wp\/v2\/pages\/6542\/revisions\/7521"}],"wp:attachment":[{"href":"https:\/\/merton.emsb.qc.ca\/fr\/wp-json\/wp\/v2\/media?parent=6542"}],"curies":[{"name":"wp","href":"https:\/\/api.w.org\/{rel}","templated":true}]}}