
{"id":6554,"date":"2023-02-13T10:48:29","date_gmt":"2023-02-13T15:48:29","guid":{"rendered":"https:\/\/merton.emsbdev.com\/?page_id=6554"},"modified":"2025-10-03T12:53:40","modified_gmt":"2025-10-03T16:53:40","slug":"contact","status":"publish","type":"page","link":"https:\/\/merton.emsb.qc.ca\/fr\/contact\/","title":{"rendered":"Nous joindre"},"content":{"rendered":"<div data-elementor-type=\"wp-page\" data-elementor-id=\"6554\" class=\"elementor elementor-6554\" data-elementor-post-type=\"page\">\n\t\t\t\t\t\t<section class=\"elementor-section elementor-top-section elementor-element elementor-element-7d0ca46 elementor-section-boxed elementor-section-height-default elementor-section-height-default\" data-id=\"7d0ca46\" data-element_type=\"section\" data-e-type=\"section\" data-settings=\"{&quot;jet_parallax_layout_list&quot;:[]}\">\n\t\t\t\t\t\t<div class=\"elementor-container elementor-column-gap-default\">\n\t\t\t\t\t<div class=\"elementor-column elementor-col-100 elementor-top-column elementor-element elementor-element-ac2d54e\" data-id=\"ac2d54e\" data-element_type=\"column\" data-e-type=\"column\">\n\t\t\t<div class=\"elementor-widget-wrap elementor-element-populated\">\n\t\t\t\t\t\t<div class=\"elementor-element elementor-element-81b8500 elementor-widget elementor-widget-text-editor\" data-id=\"81b8500\" data-element_type=\"widget\" data-e-type=\"widget\" data-widget_type=\"text-editor.default\">\n\t\t\t\t<div class=\"elementor-widget-container\">\n\t\t\t\t\t\t\t\t\t<p>Les parents qui souhaitent inscrire leur(s) enfant(s) \u00e0 l'\u00e9cole Merton doivent nous contacter pour obtenir des informations sur les conditions d'admissibilit\u00e9 et les programmes. Merton accueille \u00e9galement de nouveaux \u00e9l\u00e8ves tout au long de l'ann\u00e9e scolaire, toutefois leur admission est sous r\u00e9serve de la disponibilit\u00e9 dans les classes.<\/p>\t\t\t\t\t\t\t\t<\/div>\n\t\t\t\t<\/div>\n\t\t\t\t<section class=\"elementor-section elementor-inner-section elementor-element elementor-element-7a1ac25 elementor-section-boxed elementor-section-height-default elementor-section-height-default\" data-id=\"7a1ac25\" data-element_type=\"section\" data-e-type=\"section\" data-settings=\"{&quot;jet_parallax_layout_list&quot;:[]}\">\n\t\t\t\t\t\t<div class=\"elementor-container elementor-column-gap-default\">\n\t\t\t\t\t<div class=\"elementor-column elementor-col-33 elementor-inner-column elementor-element elementor-element-2984530\" data-id=\"2984530\" data-element_type=\"column\" data-e-type=\"column\">\n\t\t\t<div class=\"elementor-widget-wrap elementor-element-populated\">\n\t\t\t\t\t\t<div class=\"elementor-element elementor-element-710567c elementor-widget elementor-widget-text-editor\" data-id=\"710567c\" data-element_type=\"widget\" data-e-type=\"widget\" data-widget_type=\"text-editor.default\">\n\t\t\t\t<div class=\"elementor-widget-container\">\n\t\t\t\t\t\t\t\t\t<h1>Coordonn\u00e9es<\/h1>\nL'\u00e9cole Merton est un b\u00e2timent s\u00e9curis\u00e9. Pour assurer la s\u00e9curit\u00e9 de nos \u00e9l\u00e8ves et des membres du personnel, tous les visiteurs doivent sonner afin de pouvoir acc\u00e9der au b\u00e2timent et se pr\u00e9senter directement au secr\u00e9tariat pour recevoir un laissez-passer de visiteur.\n<table class=\"table table-striped table-responsive\">\n<tbody>\n<tr>\n<th width=\"197\">Adresse :<\/th>\n<td width=\"376\">5554, ave. Robinson\nC\u00f4te St-Luc, (Qu\u00e9bec) H4V 2P8<\/td>\n<\/tr>\n<tr>\n<th>Courriels :<\/th>\n<td>Infos g\u00e9n\u00e9rales :\u00a0<a href=\"mailto:merton@emsb.qc.ca\">merton@emsb.qc.ca<\/a><br \/>\nDirection :\u00a0<a href=\"mailto:dlee@emsb.qc.ca\">dlee@emsb.qc.ca<\/a><br \/>\nSecr\u00e9taire :\u00a0<a href=\"mailto:gdufeal@emsb.qc.ca\">gdufeal@emsb.qc.ca<\/a><\/td>\n<\/tr>\n<tr>\n<th>T\u00e9l\u00e9phone :<\/th>\n<td>514.481.7425<\/td>\n<\/tr>\n<tr>\n<th>T\u00e9l\u00e9copieur :<\/th>\n<td>514.481.1290<\/td>\n<\/tr>\n<\/tbody>\n<\/table>\n<h3>ASSOCIATION FOYER-\u00c9COLE<\/h3>\n<table class=\"table table-striped table-responsive\">\n<tbody>\n<tr>\n<th>Courriels :<\/th>\n<td><a href=\"mailto:info@mertonhs.ca\">info@mertonhs.ca<\/a><\/td>\n<\/tr>\n<tr>\n<th>T\u00e9l\u00e9phone :<\/th>\n<td>514.481.2033<\/td>\n<\/tr>\n<tr>\n<th>Facebook :<\/th>\n<td><a href=\"https:\/\/www.facebook.com\/MertonHSA\" target=\"_blank\" rel=\"noopener\">@MertonHSA<\/a><\/td>\n<\/tr>\n<\/tbody>\n<\/table>\t\t\t\t\t\t\t\t<\/div>\n\t\t\t\t<\/div>\n\t\t\t\t\t<\/div>\n\t\t<\/div>\n\t\t\t\t<div class=\"elementor-column elementor-col-33 elementor-inner-column elementor-element elementor-element-23f1e59\" data-id=\"23f1e59\" data-element_type=\"column\" data-e-type=\"column\">\n\t\t\t<div class=\"elementor-widget-wrap\">\n\t\t\t\t\t\t\t<\/div>\n\t\t<\/div>\n\t\t\t\t<div class=\"elementor-column elementor-col-33 elementor-inner-column elementor-element elementor-element-69f3017\" data-id=\"69f3017\" data-element_type=\"column\" data-e-type=\"column\">\n\t\t\t<div class=\"elementor-widget-wrap elementor-element-populated\">\n\t\t\t\t\t\t<div class=\"elementor-element elementor-element-8b2bfcc elementor-widget elementor-widget-text-editor\" data-id=\"8b2bfcc\" data-element_type=\"widget\" data-e-type=\"widget\" data-widget_type=\"text-editor.default\">\n\t\t\t\t<div class=\"elementor-widget-container\">\n\t\t\t\t\t\t\t\t\t<h1>Transports en commun<\/h1><p>L'\u00e9cole Merton est situ\u00e9e dans la ville de C\u00f4te Saint-Luc. Elle est facilement accessible en transports en commun :<\/p>\t\t\t\t\t\t\t\t<\/div>\n\t\t\t\t<\/div>\n\t\t\t\t<div class=\"elementor-element elementor-element-7c74c15 elementor-widget elementor-widget-text-editor\" data-id=\"7c74c15\" data-element_type=\"widget\" data-e-type=\"widget\" data-widget_type=\"text-editor.default\">\n\t\t\t\t<div class=\"elementor-widget-container\">\n\t\t\t\t\t\t\t\t\t<div class=\"col-xs-12 col-sm-12 col-md-6\"><div class=\"panel panel-default\"><div class=\"panel-heading redbkd\">Autobus 104 Cavendish<\/div><table class=\"table table-responsive\"><tbody><tr><td><a href=\"http:\/\/m.stm.info\/en\/schedules\/bus\/104\/stops?direction=East\"><i class=\"fa fa-arrow-circle-right\"><\/i>\u00a0Vers l'est<\/a><\/td><\/tr><tr><td><a href=\"http:\/\/m.stm.info\/en\/schedules\/bus\/104\/stops?direction=West\"><i class=\"fa fa-arrow-circle-left\"><\/i>\u00a0Vers l'ouest<\/a><\/td><\/tr><\/tbody><\/table><\/div><\/div><div class=\"col-xs-12 col-sm-12 col-md-6\"><div class=\"panel panel-default\"><div class=\"panel-heading redbkd\">Autobus 138 Notre-Dame-de-Gr\u00e2ce<\/div><table class=\"table table-responsive\"><tbody><tr><td><a href=\"http:\/\/m.stm.info\/en\/schedules\/bus\/138\/stops?direction=East\"><i class=\"fa fa-arrow-circle-right\"><\/i>\u00a0Vers l'est<\/a><\/td><\/tr><tr><td><a href=\"http:\/\/m.stm.info\/en\/schedules\/bus\/138\/stops?direction=West\"><i class=\"fa fa-arrow-circle-left\"><\/i>\u00a0Vers l'ouest<\/a><\/td><\/tr><\/tbody><\/table><\/div><\/div>\t\t\t\t\t\t\t\t<\/div>\n\t\t\t\t<\/div>\n\t\t\t\t\t<\/div>\n\t\t<\/div>\n\t\t\t\t\t<\/div>\n\t\t<\/section>\n\t\t\t\t<div class=\"elementor-element elementor-element-1648f97 elementor-widget elementor-widget-google_maps\" data-id=\"1648f97\" data-element_type=\"widget\" data-e-type=\"widget\" data-widget_type=\"google_maps.default\">\n\t\t\t\t<div class=\"elementor-widget-container\">\n\t\t\t\t\t\t\t<div class=\"elementor-custom-embed\">\n\t\t\t<iframe loading=\"lazy\"\n\t\t\t\t\tsrc=\"https:\/\/maps.google.com\/maps?q=Merton%20Elementary%20School%205554%20Av.%20Robinson%2C%20C%C3%B4te%20Saint-Luc%2C%20QC%20H4V%202P8&#038;t=m&#038;z=15&#038;output=embed&#038;iwloc=near\"\n\t\t\t\t\ttitle=\"\u00c9cole primaire Merton 5554 Av. Robinson, C\u00f4te Saint-Luc, QC H4V 2P8\"\n\t\t\t\t\taria-label=\"\u00c9cole primaire Merton 5554 Av. Robinson, C\u00f4te Saint-Luc, QC H4V 2P8\"\n\t\t\t><\/iframe>\n\t\t<\/div>\n\t\t\t\t\t\t<\/div>\n\t\t\t\t<\/div>\n\t\t\t\t\t<\/div>\n\t\t<\/div>\n\t\t\t\t\t<\/div>\n\t\t<\/section>\n\t\t\t\t<section class=\"elementor-section elementor-top-section elementor-element elementor-element-a16ea86 elementor-section-boxed elementor-section-height-default elementor-section-height-default\" data-id=\"a16ea86\" data-element_type=\"section\" data-e-type=\"section\" data-settings=\"{&quot;jet_parallax_layout_list&quot;:[]}\">\n\t\t\t\t\t\t<div class=\"elementor-container elementor-column-gap-default\">\n\t\t\t\t\t<div class=\"elementor-column elementor-col-100 elementor-top-column elementor-element elementor-element-17dbde2\" data-id=\"17dbde2\" data-element_type=\"column\" data-e-type=\"column\">\n\t\t\t<div class=\"elementor-widget-wrap elementor-element-populated\">\n\t\t\t\t\t\t<div class=\"elementor-element elementor-element-f79055b elementor-widget elementor-widget-spacer\" data-id=\"f79055b\" data-element_type=\"widget\" data-e-type=\"widget\" data-widget_type=\"spacer.default\">\n\t\t\t\t<div class=\"elementor-widget-container\">\n\t\t\t\t\t\t\t<div class=\"elementor-spacer\">\n\t\t\t<div class=\"elementor-spacer-inner\"><\/div>\n\t\t<\/div>\n\t\t\t\t\t\t<\/div>\n\t\t\t\t<\/div>\n\t\t\t\t\t<\/div>\n\t\t<\/div>\n\t\t\t\t\t<\/div>\n\t\t<\/section>\n\t\t\t\t<\/div>","protected":false},"excerpt":{"rendered":"<p>Parents who are interested in registering their child(ren) at Merton School should contact us for information about eligibility and programs. Merton also registers new students throughout the school year, however, acceptance depends on classroom availability. Contact Information Merton School is a secure building. To ensure the safety of our students and staff members, all visitors [&hellip;]<\/p>\n","protected":false},"author":3,"featured_media":0,"parent":0,"menu_order":0,"comment_status":"closed","ping_status":"closed","template":"","meta":{"site-sidebar-layout":"no-sidebar","site-content-layout":"page-builder","ast-site-content-layout":"default","site-content-style":"default","site-sidebar-style":"default","ast-global-header-display":"","ast-banner-title-visibility":"","ast-main-header-display":"","ast-hfb-above-header-display":"","ast-hfb-below-header-display":"","ast-hfb-mobile-header-display":"","site-post-title":"disabled","ast-breadcrumbs-content":"","ast-featured-img":"disabled","footer-sml-layout":"","ast-disable-related-posts":"","theme-transparent-header-meta":"default","adv-header-id-meta":"","stick-header-meta":"","header-above-stick-meta":"","header-main-stick-meta":"","header-below-stick-meta":"","astra-migrate-meta-layouts":"default","ast-page-background-enabled":"default","ast-page-background-meta":{"desktop":{"background-color":"var(--ast-global-color-4)","background-image":"","background-repeat":"repeat","background-position":"center center","background-size":"auto","background-attachment":"scroll","background-type":"","background-media":"","overlay-type":"","overlay-color":"","overlay-opacity":"","overlay-gradient":""},"tablet":{"background-color":"","background-image":"","background-repeat":"repeat","background-position":"center center","background-size":"auto","background-attachment":"scroll","background-type":"","background-media":"","overlay-type":"","overlay-color":"","overlay-opacity":"","overlay-gradient":""},"mobile":{"background-color":"","background-image":"","background-repeat":"repeat","background-position":"center center","background-size":"auto","background-attachment":"scroll","background-type":"","background-media":"","overlay-type":"","overlay-color":"","overlay-opacity":"","overlay-gradient":""}},"ast-content-background-meta":{"desktop":{"background-color":"var(--ast-global-color-5)","background-image":"","background-repeat":"repeat","background-position":"center center","background-size":"auto","background-attachment":"scroll","background-type":"","background-media":"","overlay-type":"","overlay-color":"","overlay-opacity":"","overlay-gradient":""},"tablet":{"background-color":"var(--ast-global-color-5)","background-image":"","background-repeat":"repeat","background-position":"center center","background-size":"auto","background-attachment":"scroll","background-type":"","background-media":"","overlay-type":"","overlay-color":"","overlay-opacity":"","overlay-gradient":""},"mobile":{"background-color":"var(--ast-global-color-5)","background-image":"","background-repeat":"repeat","background-position":"center center","background-size":"auto","background-attachment":"scroll","background-type":"","background-media":"","overlay-type":"","overlay-color":"","overlay-opacity":"","overlay-gradient":""}},"footnotes":""},"class_list":["post-6554","page","type-page","status-publish","hentry"],"yoast_head":"<!-- This site is optimized with the Yoast SEO plugin v27.3 - https:\/\/yoast.com\/product\/yoast-seo-wordpress\/ -->\n<title>Contact - Merton Elementary School<\/title>\n<meta name=\"robots\" content=\"index, follow, max-snippet:-1, max-image-preview:large, max-video-preview:-1\" \/>\n<link rel=\"canonical\" href=\"https:\/\/merton.emsb.qc.ca\/fr\/contact\/\" \/>\n<meta property=\"og:locale\" content=\"fr_FR\" \/>\n<meta property=\"og:type\" content=\"article\" \/>\n<meta property=\"og:title\" content=\"Contact - Merton Elementary School\" \/>\n<meta property=\"og:description\" content=\"Parents who are interested in registering their child(ren) at Merton School should contact us for information about eligibility and programs. Merton also registers new students throughout the school year, however, acceptance depends on classroom availability. Contact Information Merton School is a secure building. To ensure the safety of our students and staff members, all visitors [&hellip;]\" \/>\n<meta property=\"og:url\" content=\"https:\/\/merton.emsb.qc.ca\/fr\/contact\/\" \/>\n<meta property=\"og:site_name\" content=\"Merton Elementary School\" \/>\n<meta property=\"article:modified_time\" content=\"2025-10-03T16:53:40+00:00\" \/>\n<meta name=\"twitter:card\" content=\"summary_large_image\" \/>\n<meta name=\"twitter:label1\" content=\"Dur\u00e9e de lecture estim\u00e9e\" \/>\n\t<meta name=\"twitter:data1\" content=\"1 minute\" \/>\n<script type=\"application\/ld+json\" class=\"yoast-schema-graph\">{\"@context\":\"https:\\\/\\\/schema.org\",\"@graph\":[{\"@type\":\"WebPage\",\"@id\":\"https:\\\/\\\/merton.emsb.qc.ca\\\/contact\\\/\",\"url\":\"https:\\\/\\\/merton.emsb.qc.ca\\\/contact\\\/\",\"name\":\"Contact - Merton Elementary School\",\"isPartOf\":{\"@id\":\"https:\\\/\\\/merton.emsb.qc.ca\\\/#website\"},\"datePublished\":\"2023-02-13T15:48:29+00:00\",\"dateModified\":\"2025-10-03T16:53:40+00:00\",\"breadcrumb\":{\"@id\":\"https:\\\/\\\/merton.emsb.qc.ca\\\/contact\\\/#breadcrumb\"},\"inLanguage\":\"fr-FR\",\"potentialAction\":[{\"@type\":\"ReadAction\",\"target\":[\"https:\\\/\\\/merton.emsb.qc.ca\\\/contact\\\/\"]}]},{\"@type\":\"BreadcrumbList\",\"@id\":\"https:\\\/\\\/merton.emsb.qc.ca\\\/contact\\\/#breadcrumb\",\"itemListElement\":[{\"@type\":\"ListItem\",\"position\":1,\"name\":\"Home\",\"item\":\"https:\\\/\\\/merton.emsb.qc.ca\\\/\"},{\"@type\":\"ListItem\",\"position\":2,\"name\":\"Contact\"}]},{\"@type\":\"WebSite\",\"@id\":\"https:\\\/\\\/merton.emsb.qc.ca\\\/#website\",\"url\":\"https:\\\/\\\/merton.emsb.qc.ca\\\/\",\"name\":\"Merton Elementary School\",\"description\":\"Merton Elementary School\",\"publisher\":{\"@id\":\"https:\\\/\\\/merton.emsb.qc.ca\\\/#organization\"},\"potentialAction\":[{\"@type\":\"SearchAction\",\"target\":{\"@type\":\"EntryPoint\",\"urlTemplate\":\"https:\\\/\\\/merton.emsb.qc.ca\\\/?s={search_term_string}\"},\"query-input\":{\"@type\":\"PropertyValueSpecification\",\"valueRequired\":true,\"valueName\":\"search_term_string\"}}],\"inLanguage\":\"fr-FR\"},{\"@type\":\"Organization\",\"@id\":\"https:\\\/\\\/merton.emsb.qc.ca\\\/#organization\",\"name\":\"Merton Elementary School\",\"url\":\"https:\\\/\\\/merton.emsb.qc.ca\\\/\",\"logo\":{\"@type\":\"ImageObject\",\"inLanguage\":\"fr-FR\",\"@id\":\"https:\\\/\\\/merton.emsb.qc.ca\\\/#\\\/schema\\\/logo\\\/image\\\/\",\"url\":\"https:\\\/\\\/merton.emsb.qc.ca\\\/wp-content\\\/uploads\\\/sites\\\/4\\\/2022\\\/01\\\/school-logo-footer.png\",\"contentUrl\":\"https:\\\/\\\/merton.emsb.qc.ca\\\/wp-content\\\/uploads\\\/sites\\\/4\\\/2022\\\/01\\\/school-logo-footer.png\",\"width\":150,\"height\":147,\"caption\":\"Merton Elementary School\"},\"image\":{\"@id\":\"https:\\\/\\\/merton.emsb.qc.ca\\\/#\\\/schema\\\/logo\\\/image\\\/\"}}]}<\/script>\n<!-- \/ Yoast SEO plugin. -->","yoast_head_json":{"title":"Contact - Merton Elementary School","robots":{"index":"index","follow":"follow","max-snippet":"max-snippet:-1","max-image-preview":"max-image-preview:large","max-video-preview":"max-video-preview:-1"},"canonical":"https:\/\/merton.emsb.qc.ca\/fr\/contact\/","og_locale":"fr_FR","og_type":"article","og_title":"Contact - Merton Elementary School","og_description":"Parents who are interested in registering their child(ren) at Merton School should contact us for information about eligibility and programs. Merton also registers new students throughout the school year, however, acceptance depends on classroom availability. Contact Information Merton School is a secure building. To ensure the safety of our students and staff members, all visitors [&hellip;]","og_url":"https:\/\/merton.emsb.qc.ca\/fr\/contact\/","og_site_name":"Merton Elementary School","article_modified_time":"2025-10-03T16:53:40+00:00","twitter_card":"summary_large_image","twitter_misc":{"Dur\u00e9e de lecture estim\u00e9e":"1 minute"},"schema":{"@context":"https:\/\/schema.org","@graph":[{"@type":"WebPage","@id":"https:\/\/merton.emsb.qc.ca\/contact\/","url":"https:\/\/merton.emsb.qc.ca\/contact\/","name":"Contact - Merton Elementary School","isPartOf":{"@id":"https:\/\/merton.emsb.qc.ca\/#website"},"datePublished":"2023-02-13T15:48:29+00:00","dateModified":"2025-10-03T16:53:40+00:00","breadcrumb":{"@id":"https:\/\/merton.emsb.qc.ca\/contact\/#breadcrumb"},"inLanguage":"fr-FR","potentialAction":[{"@type":"ReadAction","target":["https:\/\/merton.emsb.qc.ca\/contact\/"]}]},{"@type":"BreadcrumbList","@id":"https:\/\/merton.emsb.qc.ca\/contact\/#breadcrumb","itemListElement":[{"@type":"ListItem","position":1,"name":"Home","item":"https:\/\/merton.emsb.qc.ca\/"},{"@type":"ListItem","position":2,"name":"Contact"}]},{"@type":"WebSite","@id":"https:\/\/merton.emsb.qc.ca\/#website","url":"https:\/\/merton.emsb.qc.ca\/","name":"\u00c9cole primaire Merton","description":"\u00c9cole primaire Merton","publisher":{"@id":"https:\/\/merton.emsb.qc.ca\/#organization"},"potentialAction":[{"@type":"SearchAction","target":{"@type":"EntryPoint","urlTemplate":"https:\/\/merton.emsb.qc.ca\/?s={search_term_string}"},"query-input":{"@type":"PropertyValueSpecification","valueRequired":true,"valueName":"search_term_string"}}],"inLanguage":"fr-FR"},{"@type":"Organization","@id":"https:\/\/merton.emsb.qc.ca\/#organization","name":"\u00c9cole primaire Merton","url":"https:\/\/merton.emsb.qc.ca\/","logo":{"@type":"ImageObject","inLanguage":"fr-FR","@id":"https:\/\/merton.emsb.qc.ca\/#\/schema\/logo\/image\/","url":"https:\/\/merton.emsb.qc.ca\/wp-content\/uploads\/sites\/4\/2022\/01\/school-logo-footer.png","contentUrl":"https:\/\/merton.emsb.qc.ca\/wp-content\/uploads\/sites\/4\/2022\/01\/school-logo-footer.png","width":150,"height":147,"caption":"Merton Elementary School"},"image":{"@id":"https:\/\/merton.emsb.qc.ca\/#\/schema\/logo\/image\/"}}]}},"_links":{"self":[{"href":"https:\/\/merton.emsb.qc.ca\/fr\/wp-json\/wp\/v2\/pages\/6554","targetHints":{"allow":["GET"]}}],"collection":[{"href":"https:\/\/merton.emsb.qc.ca\/fr\/wp-json\/wp\/v2\/pages"}],"about":[{"href":"https:\/\/merton.emsb.qc.ca\/fr\/wp-json\/wp\/v2\/types\/page"}],"author":[{"embeddable":true,"href":"https:\/\/merton.emsb.qc.ca\/fr\/wp-json\/wp\/v2\/users\/3"}],"replies":[{"embeddable":true,"href":"https:\/\/merton.emsb.qc.ca\/fr\/wp-json\/wp\/v2\/comments?post=6554"}],"version-history":[{"count":16,"href":"https:\/\/merton.emsb.qc.ca\/fr\/wp-json\/wp\/v2\/pages\/6554\/revisions"}],"predecessor-version":[{"id":9235,"href":"https:\/\/merton.emsb.qc.ca\/fr\/wp-json\/wp\/v2\/pages\/6554\/revisions\/9235"}],"wp:attachment":[{"href":"https:\/\/merton.emsb.qc.ca\/fr\/wp-json\/wp\/v2\/media?parent=6554"}],"curies":[{"name":"wp","href":"https:\/\/api.w.org\/{rel}","templated":true}]}}