
{"id":6885,"date":"2023-05-25T12:54:53","date_gmt":"2023-05-25T16:54:53","guid":{"rendered":"https:\/\/merton.emsbdev.com\/?page_id=6885"},"modified":"2023-05-25T13:06:34","modified_gmt":"2023-05-25T17:06:34","slug":"professional-services","status":"publish","type":"page","link":"https:\/\/merton.emsb.qc.ca\/fr\/professional-services\/","title":{"rendered":"Services professionnels"},"content":{"rendered":"<div data-elementor-type=\"wp-page\" data-elementor-id=\"6885\" class=\"elementor elementor-6885\" data-elementor-post-type=\"page\">\n\t\t\t\t\t\t<section class=\"elementor-section elementor-top-section elementor-element elementor-element-2de48b7 elementor-section-boxed elementor-section-height-default elementor-section-height-default\" data-id=\"2de48b7\" data-element_type=\"section\" data-e-type=\"section\" data-settings=\"{&quot;jet_parallax_layout_list&quot;:[]}\">\n\t\t\t\t\t\t<div class=\"elementor-container elementor-column-gap-default\">\n\t\t\t\t\t<div class=\"elementor-column elementor-col-100 elementor-top-column elementor-element elementor-element-3596a15\" data-id=\"3596a15\" data-element_type=\"column\" data-e-type=\"column\">\n\t\t\t<div class=\"elementor-widget-wrap elementor-element-populated\">\n\t\t\t\t\t\t<div class=\"elementor-element elementor-element-d391939 elementor-widget elementor-widget-image\" data-id=\"d391939\" data-element_type=\"widget\" data-e-type=\"widget\" data-widget_type=\"image.default\">\n\t\t\t\t<div class=\"elementor-widget-container\">\n\t\t\t\t\t\t\t\t\t\t\t\t\t\t\t<img fetchpriority=\"high\" decoding=\"async\" width=\"1024\" height=\"192\" src=\"https:\/\/merton.emsb.qc.ca\/wp-content\/uploads\/sites\/4\/2023\/05\/Slider-Banner-Option-3-1-1024x192.png\" class=\"attachment-large size-large wp-image-6886\" alt=\"\" srcset=\"https:\/\/merton.emsb.qc.ca\/wp-content\/uploads\/sites\/4\/2023\/05\/Slider-Banner-Option-3-1-1024x192.png 1024w, https:\/\/merton.emsb.qc.ca\/wp-content\/uploads\/sites\/4\/2023\/05\/Slider-Banner-Option-3-1-300x56.png 300w, https:\/\/merton.emsb.qc.ca\/wp-content\/uploads\/sites\/4\/2023\/05\/Slider-Banner-Option-3-1-768x144.png 768w, https:\/\/merton.emsb.qc.ca\/wp-content\/uploads\/sites\/4\/2023\/05\/Slider-Banner-Option-3-1-18x3.png 18w, https:\/\/merton.emsb.qc.ca\/wp-content\/uploads\/sites\/4\/2023\/05\/Slider-Banner-Option-3-1.png 1335w\" sizes=\"(max-width: 1024px) 100vw, 1024px\" \/>\t\t\t\t\t\t\t\t\t\t\t\t\t\t\t<\/div>\n\t\t\t\t<\/div>\n\t\t\t\t<div class=\"elementor-element elementor-element-7b0b224 elementor-widget elementor-widget-text-editor\" data-id=\"7b0b224\" data-element_type=\"widget\" data-e-type=\"widget\" data-widget_type=\"text-editor.default\">\n\t\t\t\t<div class=\"elementor-widget-container\">\n\t\t\t\t\t\t\t\t\t<div class=\"main-content-zone pure-u-1 pure-u-lg-2-3\"><section class=\"rich-text-area rich-text\"><div class=\"rich-text-area__container\"><h5>Services professionnels fournis par la Commission scolaire English-Montr\u00e9al aux \u00e9l\u00e8ves et aux familles :<\/h5><h2>Services d'orthophonie<\/h2><p>Un orthophoniste est disponible pour \u00e9valuer, diagnostiquer et traiter les \u00e9l\u00e8ves pr\u00e9sentant divers probl\u00e8mes, notamment l'articulation, les retards de langage, les difficult\u00e9s d'apprentissage, le b\u00e9gaiement et les troubles de la parole.<\/p><h2>Services psychologiques<\/h2><h6>(un jour par semaine)<\/h6><p>Un p\u00e9dopsychologue est affect\u00e9 \u00e0 l'\u00e9cole \u00e0 raison d'un jour par semaine. Sa t\u00e2che principale est de faciliter les fonctions d'adaptation et de d\u00e9veloppement de l'enfant dans le contexte scolaire et au-del\u00e0.<\/p><h2>Engagement spirituel et communautaire<\/h2><p>L'animateur de vie spirituelle et d'engagement communautaire \u00e9labore et met en \u0153uvre des programmes ou des activit\u00e9s de nature communautaire, humanitaire, spirituelle et religieuse. Il fournit \u00e9galement des informations et des conseils au personnel, aux parents et aux \u00e9l\u00e8ves en ce qui concerne les croyances religieuses et les besoins en termes de vie spirituelle et d'engagement communautaire.<\/p><h2>Ergoth\u00e9rapie<\/h2><h6>(selon les besoins de l'\u00e9cole)<\/h6><p>L'ergoth\u00e9rapeute travaille avec les parents et\/ou les aidants et d'autres personnes pour \u00e9valuer si un \u00e9l\u00e8ve a des difficult\u00e9s au niveau de la motricit\u00e9 pratique, globale et fine, et recommande des strat\u00e9gies appropri\u00e9es afin de maximiser le potentiel de l'\u00e9l\u00e8ve dans l'accomplissement des activit\u00e9s de la vie quotidienne.<\/p><\/div><h4>Plus d'informations sur notre \u00c9QUIPE DE PROFESSIONNELS<\/h4><p>La Commission scolaire English-Montr\u00e9al est fi\u00e8re de fournir des services professionnels aux \u00e9l\u00e8ves et aux familles.<\/p><p><a class=\"button-rich\" href=\"https:\/\/willingdon.emsb.qc.ca\/willingdon\/about-us\/staff\" target=\"_self\" rel=\"noopener\">En savoir plus sur notre \u00e9quipe<\/a><\/p><\/section><\/div><div class=\"info-box lightgray\"><h4>Services de soutien pour une communaut\u00e9 \u00e9tudiante saine<\/h4><p>Nos \u00e9coles ne sont pas seulement destin\u00e9es \u00e0 l'apprentissage scolaire, mais aussi \u00e0 l'intelligence \u00e9motionnelle, \u00e0 la sant\u00e9 et \u00e0 l'\u00e9panouissement social. La CSEM propose des services d'orientation scolaire, du counseling, du soutien en mati\u00e8re de sant\u00e9 physique et de soutien social par l'entremise de l'\u00e9quipe des Services aux \u00e9l\u00e8ves ainsi que de ses partenaires universitaires, hospitaliers et sociaux.<\/p><p><a class=\"button-rich black\" href=\"https:\/\/www.emsb.qc.ca\/fr-ca\/csem\/services\/services-de-soutien\" target=\"_blank\" rel=\"noopener\">Visitez le site Web de la CSEM pour plus d'informations<\/a><\/p><\/div>\t\t\t\t\t\t\t\t<\/div>\n\t\t\t\t<\/div>\n\t\t\t\t\t<\/div>\n\t\t<\/div>\n\t\t\t\t\t<\/div>\n\t\t<\/section>\n\t\t\t\t<\/div>","protected":false},"excerpt":{"rendered":"<p>\/*! elementor &#8211; v3.13.3 &#8211; 22-05-2023 *\/ .elementor-widget-image{text-align:center}.elementor-widget-image a{display:inline-block}.elementor-widget-image a img[src$=&#8221;.svg&#8221;]{width:48px}.elementor-widget-image img{vertical-align:middle;display:inline-block} Professional services provided by the English Montreal School Board for students and families: Speech and Language Services A speech and language pathologist is available to evaluate, diagnose and treat students with a variety of problems including articulation, language delays, learning disabilities, stuttering, and [&hellip;]<\/p>\n","protected":false},"author":11,"featured_media":0,"parent":0,"menu_order":0,"comment_status":"closed","ping_status":"closed","template":"","meta":{"site-sidebar-layout":"no-sidebar","site-content-layout":"page-builder","ast-site-content-layout":"default","site-content-style":"default","site-sidebar-style":"default","ast-global-header-display":"","ast-banner-title-visibility":"","ast-main-header-display":"","ast-hfb-above-header-display":"","ast-hfb-below-header-display":"","ast-hfb-mobile-header-display":"","site-post-title":"disabled","ast-breadcrumbs-content":"","ast-featured-img":"disabled","footer-sml-layout":"","ast-disable-related-posts":"","theme-transparent-header-meta":"","adv-header-id-meta":"","stick-header-meta":"","header-above-stick-meta":"","header-main-stick-meta":"","header-below-stick-meta":"","astra-migrate-meta-layouts":"default","ast-page-background-enabled":"default","ast-page-background-meta":{"desktop":{"background-color":"var(--ast-global-color-4)","background-image":"","background-repeat":"repeat","background-position":"center center","background-size":"auto","background-attachment":"scroll","background-type":"","background-media":"","overlay-type":"","overlay-color":"","overlay-opacity":"","overlay-gradient":""},"tablet":{"background-color":"","background-image":"","background-repeat":"repeat","background-position":"center center","background-size":"auto","background-attachment":"scroll","background-type":"","background-media":"","overlay-type":"","overlay-color":"","overlay-opacity":"","overlay-gradient":""},"mobile":{"background-color":"","background-image":"","background-repeat":"repeat","background-position":"center center","background-size":"auto","background-attachment":"scroll","background-type":"","background-media":"","overlay-type":"","overlay-color":"","overlay-opacity":"","overlay-gradient":""}},"ast-content-background-meta":{"desktop":{"background-color":"var(--ast-global-color-5)","background-image":"","background-repeat":"repeat","background-position":"center center","background-size":"auto","background-attachment":"scroll","background-type":"","background-media":"","overlay-type":"","overlay-color":"","overlay-opacity":"","overlay-gradient":""},"tablet":{"background-color":"var(--ast-global-color-5)","background-image":"","background-repeat":"repeat","background-position":"center center","background-size":"auto","background-attachment":"scroll","background-type":"","background-media":"","overlay-type":"","overlay-color":"","overlay-opacity":"","overlay-gradient":""},"mobile":{"background-color":"var(--ast-global-color-5)","background-image":"","background-repeat":"repeat","background-position":"center center","background-size":"auto","background-attachment":"scroll","background-type":"","background-media":"","overlay-type":"","overlay-color":"","overlay-opacity":"","overlay-gradient":""}},"footnotes":""},"class_list":["post-6885","page","type-page","status-publish","hentry"],"yoast_head":"<!-- This site is optimized with the Yoast SEO plugin v27.3 - https:\/\/yoast.com\/product\/yoast-seo-wordpress\/ -->\n<title>Professional Services - Merton Elementary School<\/title>\n<meta name=\"robots\" content=\"index, follow, max-snippet:-1, max-image-preview:large, max-video-preview:-1\" \/>\n<link rel=\"canonical\" href=\"https:\/\/merton.emsb.qc.ca\/fr\/professional-services\/\" \/>\n<meta property=\"og:locale\" content=\"fr_FR\" \/>\n<meta property=\"og:type\" content=\"article\" \/>\n<meta property=\"og:title\" content=\"Professional Services - Merton Elementary School\" \/>\n<meta property=\"og:description\" content=\"\/*! elementor &#8211; v3.13.3 &#8211; 22-05-2023 *\/ .elementor-widget-image{text-align:center}.elementor-widget-image a{display:inline-block}.elementor-widget-image a img[src$=&#8221;.svg&#8221;]{width:48px}.elementor-widget-image img{vertical-align:middle;display:inline-block} Professional services provided by the English Montreal School Board for students and families: Speech and Language Services A speech and language pathologist is available to evaluate, diagnose and treat students with a variety of problems including articulation, language delays, learning disabilities, stuttering, and [&hellip;]\" \/>\n<meta property=\"og:url\" content=\"https:\/\/merton.emsb.qc.ca\/fr\/professional-services\/\" \/>\n<meta property=\"og:site_name\" content=\"Merton Elementary School\" \/>\n<meta property=\"article:modified_time\" content=\"2023-05-25T17:06:34+00:00\" \/>\n<meta property=\"og:image\" content=\"https:\/\/merton.emsb.qc.ca\/wp-content\/uploads\/sites\/4\/2023\/05\/Slider-Banner-Option-3-1-1024x192.png\" \/>\n<meta name=\"twitter:card\" content=\"summary_large_image\" \/>\n<meta name=\"twitter:label1\" content=\"Dur\u00e9e de lecture estim\u00e9e\" \/>\n\t<meta name=\"twitter:data1\" content=\"1 minute\" \/>\n<script type=\"application\/ld+json\" class=\"yoast-schema-graph\">{\"@context\":\"https:\\\/\\\/schema.org\",\"@graph\":[{\"@type\":\"WebPage\",\"@id\":\"https:\\\/\\\/merton.emsb.qc.ca\\\/professional-services\\\/\",\"url\":\"https:\\\/\\\/merton.emsb.qc.ca\\\/professional-services\\\/\",\"name\":\"Professional Services - Merton Elementary School\",\"isPartOf\":{\"@id\":\"https:\\\/\\\/merton.emsb.qc.ca\\\/#website\"},\"primaryImageOfPage\":{\"@id\":\"https:\\\/\\\/merton.emsb.qc.ca\\\/professional-services\\\/#primaryimage\"},\"image\":{\"@id\":\"https:\\\/\\\/merton.emsb.qc.ca\\\/professional-services\\\/#primaryimage\"},\"thumbnailUrl\":\"https:\\\/\\\/merton.emsb.qc.ca\\\/wp-content\\\/uploads\\\/sites\\\/4\\\/2023\\\/05\\\/Slider-Banner-Option-3-1-1024x192.png\",\"datePublished\":\"2023-05-25T16:54:53+00:00\",\"dateModified\":\"2023-05-25T17:06:34+00:00\",\"breadcrumb\":{\"@id\":\"https:\\\/\\\/merton.emsb.qc.ca\\\/professional-services\\\/#breadcrumb\"},\"inLanguage\":\"fr-FR\",\"potentialAction\":[{\"@type\":\"ReadAction\",\"target\":[\"https:\\\/\\\/merton.emsb.qc.ca\\\/professional-services\\\/\"]}]},{\"@type\":\"ImageObject\",\"inLanguage\":\"fr-FR\",\"@id\":\"https:\\\/\\\/merton.emsb.qc.ca\\\/professional-services\\\/#primaryimage\",\"url\":\"https:\\\/\\\/merton.emsb.qc.ca\\\/wp-content\\\/uploads\\\/sites\\\/4\\\/2023\\\/05\\\/Slider-Banner-Option-3-1-1024x192.png\",\"contentUrl\":\"https:\\\/\\\/merton.emsb.qc.ca\\\/wp-content\\\/uploads\\\/sites\\\/4\\\/2023\\\/05\\\/Slider-Banner-Option-3-1-1024x192.png\"},{\"@type\":\"BreadcrumbList\",\"@id\":\"https:\\\/\\\/merton.emsb.qc.ca\\\/professional-services\\\/#breadcrumb\",\"itemListElement\":[{\"@type\":\"ListItem\",\"position\":1,\"name\":\"Home\",\"item\":\"https:\\\/\\\/merton.emsb.qc.ca\\\/\"},{\"@type\":\"ListItem\",\"position\":2,\"name\":\"Professional Services\"}]},{\"@type\":\"WebSite\",\"@id\":\"https:\\\/\\\/merton.emsb.qc.ca\\\/#website\",\"url\":\"https:\\\/\\\/merton.emsb.qc.ca\\\/\",\"name\":\"Merton Elementary School\",\"description\":\"Merton Elementary School\",\"publisher\":{\"@id\":\"https:\\\/\\\/merton.emsb.qc.ca\\\/#organization\"},\"potentialAction\":[{\"@type\":\"SearchAction\",\"target\":{\"@type\":\"EntryPoint\",\"urlTemplate\":\"https:\\\/\\\/merton.emsb.qc.ca\\\/?s={search_term_string}\"},\"query-input\":{\"@type\":\"PropertyValueSpecification\",\"valueRequired\":true,\"valueName\":\"search_term_string\"}}],\"inLanguage\":\"fr-FR\"},{\"@type\":\"Organization\",\"@id\":\"https:\\\/\\\/merton.emsb.qc.ca\\\/#organization\",\"name\":\"Merton Elementary School\",\"url\":\"https:\\\/\\\/merton.emsb.qc.ca\\\/\",\"logo\":{\"@type\":\"ImageObject\",\"inLanguage\":\"fr-FR\",\"@id\":\"https:\\\/\\\/merton.emsb.qc.ca\\\/#\\\/schema\\\/logo\\\/image\\\/\",\"url\":\"https:\\\/\\\/merton.emsb.qc.ca\\\/wp-content\\\/uploads\\\/sites\\\/4\\\/2022\\\/01\\\/school-logo-footer.png\",\"contentUrl\":\"https:\\\/\\\/merton.emsb.qc.ca\\\/wp-content\\\/uploads\\\/sites\\\/4\\\/2022\\\/01\\\/school-logo-footer.png\",\"width\":150,\"height\":147,\"caption\":\"Merton Elementary School\"},\"image\":{\"@id\":\"https:\\\/\\\/merton.emsb.qc.ca\\\/#\\\/schema\\\/logo\\\/image\\\/\"}}]}<\/script>\n<!-- \/ Yoast SEO plugin. -->","yoast_head_json":{"title":"Services professionnels - \u00c9cole primaire de Merton","robots":{"index":"index","follow":"follow","max-snippet":"max-snippet:-1","max-image-preview":"max-image-preview:large","max-video-preview":"max-video-preview:-1"},"canonical":"https:\/\/merton.emsb.qc.ca\/fr\/professional-services\/","og_locale":"fr_FR","og_type":"article","og_title":"Professional Services - Merton Elementary School","og_description":"\/*! elementor &#8211; v3.13.3 &#8211; 22-05-2023 *\/ .elementor-widget-image{text-align:center}.elementor-widget-image a{display:inline-block}.elementor-widget-image a img[src$=&#8221;.svg&#8221;]{width:48px}.elementor-widget-image img{vertical-align:middle;display:inline-block} Professional services provided by the English Montreal School Board for students and families: Speech and Language Services A speech and language pathologist is available to evaluate, diagnose and treat students with a variety of problems including articulation, language delays, learning disabilities, stuttering, and [&hellip;]","og_url":"https:\/\/merton.emsb.qc.ca\/fr\/professional-services\/","og_site_name":"Merton Elementary School","article_modified_time":"2023-05-25T17:06:34+00:00","og_image":[{"url":"https:\/\/merton.emsb.qc.ca\/wp-content\/uploads\/sites\/4\/2023\/05\/Slider-Banner-Option-3-1-1024x192.png","type":"","width":"","height":""}],"twitter_card":"summary_large_image","twitter_misc":{"Dur\u00e9e de lecture estim\u00e9e":"1 minute"},"schema":{"@context":"https:\/\/schema.org","@graph":[{"@type":"WebPage","@id":"https:\/\/merton.emsb.qc.ca\/professional-services\/","url":"https:\/\/merton.emsb.qc.ca\/professional-services\/","name":"Services professionnels - \u00c9cole primaire de Merton","isPartOf":{"@id":"https:\/\/merton.emsb.qc.ca\/#website"},"primaryImageOfPage":{"@id":"https:\/\/merton.emsb.qc.ca\/professional-services\/#primaryimage"},"image":{"@id":"https:\/\/merton.emsb.qc.ca\/professional-services\/#primaryimage"},"thumbnailUrl":"https:\/\/merton.emsb.qc.ca\/wp-content\/uploads\/sites\/4\/2023\/05\/Slider-Banner-Option-3-1-1024x192.png","datePublished":"2023-05-25T16:54:53+00:00","dateModified":"2023-05-25T17:06:34+00:00","breadcrumb":{"@id":"https:\/\/merton.emsb.qc.ca\/professional-services\/#breadcrumb"},"inLanguage":"fr-FR","potentialAction":[{"@type":"ReadAction","target":["https:\/\/merton.emsb.qc.ca\/professional-services\/"]}]},{"@type":"ImageObject","inLanguage":"fr-FR","@id":"https:\/\/merton.emsb.qc.ca\/professional-services\/#primaryimage","url":"https:\/\/merton.emsb.qc.ca\/wp-content\/uploads\/sites\/4\/2023\/05\/Slider-Banner-Option-3-1-1024x192.png","contentUrl":"https:\/\/merton.emsb.qc.ca\/wp-content\/uploads\/sites\/4\/2023\/05\/Slider-Banner-Option-3-1-1024x192.png"},{"@type":"BreadcrumbList","@id":"https:\/\/merton.emsb.qc.ca\/professional-services\/#breadcrumb","itemListElement":[{"@type":"ListItem","position":1,"name":"Home","item":"https:\/\/merton.emsb.qc.ca\/"},{"@type":"ListItem","position":2,"name":"Professional Services"}]},{"@type":"WebSite","@id":"https:\/\/merton.emsb.qc.ca\/#website","url":"https:\/\/merton.emsb.qc.ca\/","name":"\u00c9cole primaire Merton","description":"\u00c9cole primaire Merton","publisher":{"@id":"https:\/\/merton.emsb.qc.ca\/#organization"},"potentialAction":[{"@type":"SearchAction","target":{"@type":"EntryPoint","urlTemplate":"https:\/\/merton.emsb.qc.ca\/?s={search_term_string}"},"query-input":{"@type":"PropertyValueSpecification","valueRequired":true,"valueName":"search_term_string"}}],"inLanguage":"fr-FR"},{"@type":"Organization","@id":"https:\/\/merton.emsb.qc.ca\/#organization","name":"\u00c9cole primaire Merton","url":"https:\/\/merton.emsb.qc.ca\/","logo":{"@type":"ImageObject","inLanguage":"fr-FR","@id":"https:\/\/merton.emsb.qc.ca\/#\/schema\/logo\/image\/","url":"https:\/\/merton.emsb.qc.ca\/wp-content\/uploads\/sites\/4\/2022\/01\/school-logo-footer.png","contentUrl":"https:\/\/merton.emsb.qc.ca\/wp-content\/uploads\/sites\/4\/2022\/01\/school-logo-footer.png","width":150,"height":147,"caption":"Merton Elementary School"},"image":{"@id":"https:\/\/merton.emsb.qc.ca\/#\/schema\/logo\/image\/"}}]}},"_links":{"self":[{"href":"https:\/\/merton.emsb.qc.ca\/fr\/wp-json\/wp\/v2\/pages\/6885","targetHints":{"allow":["GET"]}}],"collection":[{"href":"https:\/\/merton.emsb.qc.ca\/fr\/wp-json\/wp\/v2\/pages"}],"about":[{"href":"https:\/\/merton.emsb.qc.ca\/fr\/wp-json\/wp\/v2\/types\/page"}],"author":[{"embeddable":true,"href":"https:\/\/merton.emsb.qc.ca\/fr\/wp-json\/wp\/v2\/users\/11"}],"replies":[{"embeddable":true,"href":"https:\/\/merton.emsb.qc.ca\/fr\/wp-json\/wp\/v2\/comments?post=6885"}],"version-history":[{"count":3,"href":"https:\/\/merton.emsb.qc.ca\/fr\/wp-json\/wp\/v2\/pages\/6885\/revisions"}],"predecessor-version":[{"id":6889,"href":"https:\/\/merton.emsb.qc.ca\/fr\/wp-json\/wp\/v2\/pages\/6885\/revisions\/6889"}],"wp:attachment":[{"href":"https:\/\/merton.emsb.qc.ca\/fr\/wp-json\/wp\/v2\/media?parent=6885"}],"curies":[{"name":"wp","href":"https:\/\/api.w.org\/{rel}","templated":true}]}}