
{"id":6963,"date":"2023-05-25T14:16:43","date_gmt":"2023-05-25T18:16:43","guid":{"rendered":"https:\/\/merton.emsbdev.com\/?page_id=6963"},"modified":"2023-07-11T14:09:22","modified_gmt":"2023-07-11T18:09:22","slug":"registration-information","status":"publish","type":"page","link":"https:\/\/merton.emsb.qc.ca\/fr\/registration-information\/","title":{"rendered":"Informations sur l'inscription"},"content":{"rendered":"<div data-elementor-type=\"wp-page\" data-elementor-id=\"6963\" class=\"elementor elementor-6963\" data-elementor-post-type=\"page\">\n\t\t\t\t\t\t<section class=\"elementor-section elementor-top-section elementor-element elementor-element-78fdf81 elementor-section-boxed elementor-section-height-default elementor-section-height-default\" data-id=\"78fdf81\" data-element_type=\"section\" data-e-type=\"section\" data-settings=\"{&quot;jet_parallax_layout_list&quot;:[]}\">\n\t\t\t\t\t\t<div class=\"elementor-container elementor-column-gap-default\">\n\t\t\t\t\t<div class=\"elementor-column elementor-col-100 elementor-top-column elementor-element elementor-element-d934d81\" data-id=\"d934d81\" data-element_type=\"column\" data-e-type=\"column\">\n\t\t\t<div class=\"elementor-widget-wrap elementor-element-populated\">\n\t\t\t\t\t\t<div class=\"elementor-element elementor-element-d587bb5 elementor-widget elementor-widget-text-editor\" data-id=\"d587bb5\" data-element_type=\"widget\" data-e-type=\"widget\" data-widget_type=\"text-editor.default\">\n\t\t\t\t<div class=\"elementor-widget-container\">\n\t\t\t\t\t\t\t\t\t<div class=\"main-content-zone pure-u-1 pure-u-lg-2-3\"><section class=\"rich-text-area rich-text\"><div class=\"rich-text-area__container\"><h3>S'inscrire \u00e0 l'\u00e9cole primaire Merton<\/h3><p>L'inscription des \u00e9l\u00e8ves \u00e0 la <strong>Maternelle<\/strong> a lieu \u00e0 la fin janvier pour l'ann\u00e9e scolaire suivante. <strong>Les fr\u00e8res et s\u0153urs<\/strong> des \u00e9l\u00e8ves actuels doivent s'inscrire la semaine pr\u00e9c\u00e9dant l'inscription \u00e0 la maternelle. <strong>Toutes les autres inscriptions<\/strong> pour les nouveaux \u00e9l\u00e8ves au primaire se d\u00e9roulent \u00e0 notre \u00e9cole au d\u00e9but du mois de f\u00e9vrier.<\/p><p>Merton accueille de nouveaux \u00e9l\u00e8ves tout au long de l'ann\u00e9e scolaire et tient \u00e9galement une liste d'attente. L'admission de nouveaux \u00e9l\u00e8ves est sous r\u00e9serve de la disponibilit\u00e9 dans les classes. Les demandes d'inscription pour les \u00e9l\u00e8ves qui r\u00e9sident hors du territoire de l'\u00e9cole ne seront accept\u00e9es que lorsque toutes les familles int\u00e9ress\u00e9es au sein du territoire auront inscrits leurs enfants. Vous pouvez consulter les limites territoriales de l'\u00e9cole ici : <span style=\"text-decoration: underline\"><a href=\"https:\/\/az184419.vo.msecnd.net\/emsb\/emsb-website\/common\/boundary-maps\/merton-imm.pdf\"><strong>Limites territoriales de Merton (PDF)<\/strong><\/a><\/span><\/p><p>Les parents doivent eux-m\u00eames \u00eatre admissibles pour recevoir une d\u00e9claration d'admissibilit\u00e9 pour leur enfant. Pour en savoir plus sur l'admissibilit\u00e9,\u00a0<strong><span style=\"text-decoration: underline\"><a href=\"https:\/\/www.emsb.qc.ca\/fr-ca\/csem\/admissions\/admissibilite\">visitez le site Web de la CSEM<\/a><\/span><\/strong>.\u00a0<\/p><p>Si vous avez d\u00e9j\u00e0 un enfant qui fr\u00e9quente notre \u00e9cole, veuillez vous r\u00e9f\u00e9rer aux dates d'inscription des fr\u00e8res et s\u0153urs indiqu\u00e9es ci-dessus.<\/p><div class=\"largebox\"><h3>Vous devez apporter les documents suivants pour inscrire votre enfant :<\/h3><ul class=\"list\"><li>Certificat de naissance grand format (indiquant le nom des deux parents)<\/li><li>Documents d'immigration (requis si n\u00e9 hors du Canada)<\/li><li>D\u00e9claration d'admissibilit\u00e9 \u00e0 l'enseignement en anglais<\/li><li>Preuve de r\u00e9sidence (bail, permis de conduire, facture d'\u00e9lectricit\u00e9, etc.)<\/li><li>Bulletin scolaire le plus r\u00e9cent (pour la 1re \u00e0 la 6e ann\u00e9e)<\/li><li>Carnet de vaccination<\/li><\/ul><\/div><div class=\"largebox\"><h3>Crit\u00e8res d'inscription :<\/h3><h5>Maternelle :<\/h5><ul class=\"list\"><li>Votre enfant doit \u00eatre \u00e2g\u00e9 de\u00a0<strong>5 ans au 30 septembre<\/strong>. Sinon, vous pouvez demander une\u00a0<a href=\"https:\/\/www.emsb.qc.ca\/emsb\/admissions\/registration\/early-entry\" target=\"_blank\" rel=\"noopener\"><span style=\"text-decoration: underline\">d\u00e9rogation<\/span><\/a>. Veuillez contacter l'\u00e9cole Merton ou les Services aux \u00e9l\u00e8ves pour plus de d\u00e9tails.<\/li><li>Vous devez d\u00e9tenir une\u00a0<span style=\"text-decoration: underline\"><a href=\"https:\/\/www.emsb.qc.ca\/fr-ca\/csem\/admissions\/admissibilite\" target=\"_self\">d\u00e9claration d'admissibilit\u00e9<\/a><\/span>\u00a0au nom de votre enfant.<\/li><\/ul><h5>1re ann\u00e9e :<\/h5><ul class=\"list\"><li>Votre enfant doit \u00eatre \u00e2g\u00e9 de\u00a0<strong>6 ans avant le 30 septembre<\/strong>. Sinon, vous pouvez demander une\u00a0<span style=\"text-decoration: underline\"><a href=\"https:\/\/www.emsb.qc.ca\/emsb\/admissions\/registration\/early-entry\" target=\"_blank\" rel=\"noopener\">d\u00e9rogation<\/a><\/span>. Veuillez contacter\u00a0<span style=\"text-decoration: underline\"><a href=\"https:\/\/merton.emsb.qc.ca\/fr\/contact\/\" target=\"_self\">l'\u00e9cole Merton<\/a><\/span>\u00a0ou les Services aux \u00e9l\u00e8ves pour plus de d\u00e9tails.<\/li><li>Vous devez d\u00e9tenir une\u00a0<a href=\"https:\/\/www.emsb.qc.ca\/fr-ca\/csem\/admissions\/admissibilite\" target=\"_self\"><span style=\"text-decoration: underline\">d\u00e9claration d'admissibilit\u00e9<\/span><\/a>\u00a0au nom de votre enfant.<\/li><\/ul><\/div><\/div><\/section><section class=\"rich-text-area rich-text\"><div class=\"rich-text-area__container\"><div class=\"pure-g pure-row\"><div class=\"pure-u-1 pure-u-md-1-2\"><h3>Si vous d\u00e9tenez une d\u00e9claration d'admissibilit\u00e9<\/h3><p>Vous devez apporter les documents suivants pour inscrire votre enfant. Vous pouvez vous pr\u00e9senter \u00e0 l'\u00e9cole avec les originaux de ces documents entre 10 h 00 et 15 h 00, tous les jours :<\/p><ul class=\"list\"><li>Certificat de naissance grand format (indiquant le nom des deux parents)<\/li><li>Documents d'immigration (requis si n\u00e9 hors du Canada)<\/li><li>d\u00e9claration d'admissibilit\u00e9<\/li><li>Preuve de r\u00e9sidence (bail et permis de conduire\/facture d'\u00e9lectricit\u00e9, etc.)<br \/><h6>Requis seulement si l'enfant est n\u00e9 hors du Qu\u00e9bec<\/h6><\/li><li>Citoyennet\u00e9 du parent<\/li><li>Bulletin scolaire le plus r\u00e9cent (pour la 1re \u00e0 la 6e ann\u00e9e)<\/li><li>Carnet de vaccination<\/li><\/ul><\/div><div class=\"pure-u-1 pure-u-md-1-2\"><h3>Si vous ne d\u00e9tenez pas une d\u00e9claration d'admissibilit\u00e9<\/h3><p>Pour avoir droit \u00e0 l'enseignement en anglais dans les \u00e9coles publiques du Qu\u00e9bec, les \u00e9l\u00e8ves doivent r\u00e9pondre \u00e0 certains crit\u00e8res d'admissibilit\u00e9 en vertu de la Charte de la langue fran\u00e7aise \u00e9tablie par le gouvernement du Qu\u00e9bec.<\/p><p>Visitez le site Web de la CSEM pour obtenir des informations sur les conditions d'admissibilit\u00e9 et sur la fa\u00e7on de pr\u00e9senter une demande d'admissibilit\u00e9.<\/p><p><span style=\"text-decoration: underline\"><span class=\"red-outline-button\"><a title=\"conditions d&#039;\u00e9ligibilit\u00e9\" href=\"https:\/\/www.emsb.qc.ca\/fr-ca\/csem\/admissions\/admissibilite\" target=\"_blank\" rel=\"noopener\">Crit\u00e8res d'admissibilit\u00e9 \u00e0 l'enseignement en anglais dans les \u00e9coles publiques<\/a><\/span><\/span>\u00a0<\/p><p><span style=\"text-decoration: underline\"><span class=\"red-outline-button\"><a title=\"conditions d&#039;\u00e9ligibilit\u00e9\" href=\"https:\/\/www.emsb.qc.ca\/emsb\/about\/school-board\/faq\" target=\"_blank\" rel=\"noopener\">Foire aux questions (FAQ) - CSEM<\/a><\/span><\/span><\/p><\/div><\/div><\/div><\/section><\/div><div class=\"sidebar-content-zone pure-u-1 pure-u-lg-1-3\"><section class=\"rich-text-area rich-text\"><div class=\"rich-text-area__container\"><p><span style=\"text-decoration: underline\"><span class=\"red-button fit\"><a href=\"https:\/\/merton.emsb.qc.ca\/fr\/contact\/\" target=\"_self\">Contactez-nous pour inscrire votre enfant<\/a><\/span><\/span><\/p><\/div><\/section><section class=\"rich-text-area rich-text\"><div class=\"rich-text-area__container\"><div class=\"info-box lightgreen\"><h4>Vous voulez visiter notre \u00e9cole?<\/h4><p>Venez voir par vous-m\u00eame si Merton est l'\u00e9cole id\u00e9ale pour votre famille.<\/p><p><span style=\"text-decoration: underline\"><a class=\"button-rich\" href=\"http:\/\/www.emsbopenhouses.ca\/emsb\/schools\/open-house\/elementary-schools\/Merton\" target=\"_self\">Assistez \u00e0 notre journ\u00e9e Portes ouvertes<\/a><\/span><\/p><\/div><div class=\"info-box darkblue\"><h4>\u00c9l\u00e8ves internationaux<\/h4><p>Merton accueille au Canada des \u00e9l\u00e8ves et leurs familles provenant des quatre coins du monde. Les enfants des familles r\u00e9sidant au Qu\u00e9bec \u00e0 titre temporaire (permis de travail ou d'\u00e9tudes) peuvent \u00eatre admissibles \u00e0 fr\u00e9quenter une \u00e9cole publique anglophone.<\/p><p>Pour plus d'informations sur le processus d'admission applicable aux r\u00e9sidents temporaires, veuillez cliquer sur le lien ci-dessous :<\/p><p><span style=\"text-decoration: underline\"><a class=\"button-rich\" href=\"https:\/\/www.emsb.qc.ca\/emsb\/admissions\/eligibility\/temporary-residents\" target=\"_self\">Conditions d'admissibilit\u00e9 pour les r\u00e9sidents temporaires<\/a><\/span><\/p><\/div><div class=\"info-box lightgray\"><h4>Notre territoire<\/h4><p>Chaque \u00e9cole primaire de la CSEM dessert la communaut\u00e9 au sein de sa limite territoriale. Au moment de s'inscrire, les enfants qui y vivent, ainsi que leurs fr\u00e8res et s\u0153urs, ont priorit\u00e9 sur les enfants qui r\u00e9sident en dehors de la limite territoriale de l'\u00e9cole. Les \u00e9l\u00e8ves qui habitent \u00e0 l'ext\u00e9rieur de cette limite ne sont pas admissibles au transport scolaire.<\/p><p><span style=\"text-decoration: underline\"><a class=\"button-rich black\" href=\"https:\/\/az184419.vo.msecnd.net\/emsb\/emsb-website\/common\/boundary-maps\/merton-imm.pdf\" target=\"_blank\" rel=\"noopener\">Carte du territoire de Merton<\/a><\/span><\/p><\/div><\/div><\/section><\/div>\t\t\t\t\t\t\t\t<\/div>\n\t\t\t\t<\/div>\n\t\t\t\t\t<\/div>\n\t\t<\/div>\n\t\t\t\t\t<\/div>\n\t\t<\/section>\n\t\t\t\t<\/div>","protected":false},"excerpt":{"rendered":"<p>Register at Merton Elementary School Registration for Kindergarten students take place at the end of January for the following school year. Siblings of current students are registered the week before Kindergarten registration. All other new registrations for Elementary Students take place at our school in early February. Merton registers new students throughout the school year [&hellip;]<\/p>\n","protected":false},"author":11,"featured_media":0,"parent":0,"menu_order":0,"comment_status":"closed","ping_status":"closed","template":"","meta":{"site-sidebar-layout":"no-sidebar","site-content-layout":"page-builder","ast-site-content-layout":"default","site-content-style":"default","site-sidebar-style":"default","ast-global-header-display":"","ast-banner-title-visibility":"","ast-main-header-display":"","ast-hfb-above-header-display":"","ast-hfb-below-header-display":"","ast-hfb-mobile-header-display":"","site-post-title":"disabled","ast-breadcrumbs-content":"","ast-featured-img":"disabled","footer-sml-layout":"","ast-disable-related-posts":"","theme-transparent-header-meta":"","adv-header-id-meta":"","stick-header-meta":"","header-above-stick-meta":"","header-main-stick-meta":"","header-below-stick-meta":"","astra-migrate-meta-layouts":"default","ast-page-background-enabled":"default","ast-page-background-meta":{"desktop":{"background-color":"var(--ast-global-color-4)","background-image":"","background-repeat":"repeat","background-position":"center center","background-size":"auto","background-attachment":"scroll","background-type":"","background-media":"","overlay-type":"","overlay-color":"","overlay-opacity":"","overlay-gradient":""},"tablet":{"background-color":"","background-image":"","background-repeat":"repeat","background-position":"center center","background-size":"auto","background-attachment":"scroll","background-type":"","background-media":"","overlay-type":"","overlay-color":"","overlay-opacity":"","overlay-gradient":""},"mobile":{"background-color":"","background-image":"","background-repeat":"repeat","background-position":"center center","background-size":"auto","background-attachment":"scroll","background-type":"","background-media":"","overlay-type":"","overlay-color":"","overlay-opacity":"","overlay-gradient":""}},"ast-content-background-meta":{"desktop":{"background-color":"var(--ast-global-color-5)","background-image":"","background-repeat":"repeat","background-position":"center center","background-size":"auto","background-attachment":"scroll","background-type":"","background-media":"","overlay-type":"","overlay-color":"","overlay-opacity":"","overlay-gradient":""},"tablet":{"background-color":"var(--ast-global-color-5)","background-image":"","background-repeat":"repeat","background-position":"center center","background-size":"auto","background-attachment":"scroll","background-type":"","background-media":"","overlay-type":"","overlay-color":"","overlay-opacity":"","overlay-gradient":""},"mobile":{"background-color":"var(--ast-global-color-5)","background-image":"","background-repeat":"repeat","background-position":"center center","background-size":"auto","background-attachment":"scroll","background-type":"","background-media":"","overlay-type":"","overlay-color":"","overlay-opacity":"","overlay-gradient":""}},"footnotes":""},"class_list":["post-6963","page","type-page","status-publish","hentry"],"yoast_head":"<!-- This site is optimized with the Yoast SEO plugin v27.3 - https:\/\/yoast.com\/product\/yoast-seo-wordpress\/ -->\n<title>Registration Information - Merton Elementary School<\/title>\n<meta name=\"robots\" content=\"index, follow, max-snippet:-1, max-image-preview:large, max-video-preview:-1\" \/>\n<link rel=\"canonical\" href=\"https:\/\/merton.emsb.qc.ca\/fr\/registration-information\/\" \/>\n<meta property=\"og:locale\" content=\"fr_FR\" \/>\n<meta property=\"og:type\" content=\"article\" \/>\n<meta property=\"og:title\" content=\"Registration Information - Merton Elementary School\" \/>\n<meta property=\"og:description\" content=\"Register at Merton Elementary School Registration for Kindergarten students take place at the end of January for the following school year. Siblings of current students are registered the week before Kindergarten registration. All other new registrations for Elementary Students take place at our school in early February. Merton registers new students throughout the school year [&hellip;]\" \/>\n<meta property=\"og:url\" content=\"https:\/\/merton.emsb.qc.ca\/fr\/registration-information\/\" \/>\n<meta property=\"og:site_name\" content=\"Merton Elementary School\" \/>\n<meta property=\"article:modified_time\" content=\"2023-07-11T18:09:22+00:00\" \/>\n<meta name=\"twitter:card\" content=\"summary_large_image\" \/>\n<meta name=\"twitter:label1\" content=\"Dur\u00e9e de lecture estim\u00e9e\" \/>\n\t<meta name=\"twitter:data1\" content=\"3 minutes\" \/>\n<script type=\"application\/ld+json\" class=\"yoast-schema-graph\">{\"@context\":\"https:\\\/\\\/schema.org\",\"@graph\":[{\"@type\":\"WebPage\",\"@id\":\"https:\\\/\\\/merton.emsb.qc.ca\\\/registration-information\\\/\",\"url\":\"https:\\\/\\\/merton.emsb.qc.ca\\\/registration-information\\\/\",\"name\":\"Registration Information - Merton Elementary School\",\"isPartOf\":{\"@id\":\"https:\\\/\\\/merton.emsb.qc.ca\\\/#website\"},\"datePublished\":\"2023-05-25T18:16:43+00:00\",\"dateModified\":\"2023-07-11T18:09:22+00:00\",\"breadcrumb\":{\"@id\":\"https:\\\/\\\/merton.emsb.qc.ca\\\/registration-information\\\/#breadcrumb\"},\"inLanguage\":\"fr-FR\",\"potentialAction\":[{\"@type\":\"ReadAction\",\"target\":[\"https:\\\/\\\/merton.emsb.qc.ca\\\/registration-information\\\/\"]}]},{\"@type\":\"BreadcrumbList\",\"@id\":\"https:\\\/\\\/merton.emsb.qc.ca\\\/registration-information\\\/#breadcrumb\",\"itemListElement\":[{\"@type\":\"ListItem\",\"position\":1,\"name\":\"Home\",\"item\":\"https:\\\/\\\/merton.emsb.qc.ca\\\/\"},{\"@type\":\"ListItem\",\"position\":2,\"name\":\"Registration Information\"}]},{\"@type\":\"WebSite\",\"@id\":\"https:\\\/\\\/merton.emsb.qc.ca\\\/#website\",\"url\":\"https:\\\/\\\/merton.emsb.qc.ca\\\/\",\"name\":\"Merton Elementary School\",\"description\":\"Merton Elementary School\",\"publisher\":{\"@id\":\"https:\\\/\\\/merton.emsb.qc.ca\\\/#organization\"},\"potentialAction\":[{\"@type\":\"SearchAction\",\"target\":{\"@type\":\"EntryPoint\",\"urlTemplate\":\"https:\\\/\\\/merton.emsb.qc.ca\\\/?s={search_term_string}\"},\"query-input\":{\"@type\":\"PropertyValueSpecification\",\"valueRequired\":true,\"valueName\":\"search_term_string\"}}],\"inLanguage\":\"fr-FR\"},{\"@type\":\"Organization\",\"@id\":\"https:\\\/\\\/merton.emsb.qc.ca\\\/#organization\",\"name\":\"Merton Elementary School\",\"url\":\"https:\\\/\\\/merton.emsb.qc.ca\\\/\",\"logo\":{\"@type\":\"ImageObject\",\"inLanguage\":\"fr-FR\",\"@id\":\"https:\\\/\\\/merton.emsb.qc.ca\\\/#\\\/schema\\\/logo\\\/image\\\/\",\"url\":\"https:\\\/\\\/merton.emsb.qc.ca\\\/wp-content\\\/uploads\\\/sites\\\/4\\\/2022\\\/01\\\/school-logo-footer.png\",\"contentUrl\":\"https:\\\/\\\/merton.emsb.qc.ca\\\/wp-content\\\/uploads\\\/sites\\\/4\\\/2022\\\/01\\\/school-logo-footer.png\",\"width\":150,\"height\":147,\"caption\":\"Merton Elementary School\"},\"image\":{\"@id\":\"https:\\\/\\\/merton.emsb.qc.ca\\\/#\\\/schema\\\/logo\\\/image\\\/\"}}]}<\/script>\n<!-- \/ Yoast SEO plugin. -->","yoast_head_json":{"title":"Informations sur l'inscription - \u00c9cole primaire de Merton","robots":{"index":"index","follow":"follow","max-snippet":"max-snippet:-1","max-image-preview":"max-image-preview:large","max-video-preview":"max-video-preview:-1"},"canonical":"https:\/\/merton.emsb.qc.ca\/fr\/registration-information\/","og_locale":"fr_FR","og_type":"article","og_title":"Registration Information - Merton Elementary School","og_description":"Register at Merton Elementary School Registration for Kindergarten students take place at the end of January for the following school year. Siblings of current students are registered the week before Kindergarten registration. All other new registrations for Elementary Students take place at our school in early February. Merton registers new students throughout the school year [&hellip;]","og_url":"https:\/\/merton.emsb.qc.ca\/fr\/registration-information\/","og_site_name":"Merton Elementary School","article_modified_time":"2023-07-11T18:09:22+00:00","twitter_card":"summary_large_image","twitter_misc":{"Dur\u00e9e de lecture estim\u00e9e":"3 minutes"},"schema":{"@context":"https:\/\/schema.org","@graph":[{"@type":"WebPage","@id":"https:\/\/merton.emsb.qc.ca\/registration-information\/","url":"https:\/\/merton.emsb.qc.ca\/registration-information\/","name":"Informations sur l'inscription - \u00c9cole primaire de Merton","isPartOf":{"@id":"https:\/\/merton.emsb.qc.ca\/#website"},"datePublished":"2023-05-25T18:16:43+00:00","dateModified":"2023-07-11T18:09:22+00:00","breadcrumb":{"@id":"https:\/\/merton.emsb.qc.ca\/registration-information\/#breadcrumb"},"inLanguage":"fr-FR","potentialAction":[{"@type":"ReadAction","target":["https:\/\/merton.emsb.qc.ca\/registration-information\/"]}]},{"@type":"BreadcrumbList","@id":"https:\/\/merton.emsb.qc.ca\/registration-information\/#breadcrumb","itemListElement":[{"@type":"ListItem","position":1,"name":"Home","item":"https:\/\/merton.emsb.qc.ca\/"},{"@type":"ListItem","position":2,"name":"Registration Information"}]},{"@type":"WebSite","@id":"https:\/\/merton.emsb.qc.ca\/#website","url":"https:\/\/merton.emsb.qc.ca\/","name":"\u00c9cole primaire Merton","description":"\u00c9cole primaire Merton","publisher":{"@id":"https:\/\/merton.emsb.qc.ca\/#organization"},"potentialAction":[{"@type":"SearchAction","target":{"@type":"EntryPoint","urlTemplate":"https:\/\/merton.emsb.qc.ca\/?s={search_term_string}"},"query-input":{"@type":"PropertyValueSpecification","valueRequired":true,"valueName":"search_term_string"}}],"inLanguage":"fr-FR"},{"@type":"Organization","@id":"https:\/\/merton.emsb.qc.ca\/#organization","name":"\u00c9cole primaire Merton","url":"https:\/\/merton.emsb.qc.ca\/","logo":{"@type":"ImageObject","inLanguage":"fr-FR","@id":"https:\/\/merton.emsb.qc.ca\/#\/schema\/logo\/image\/","url":"https:\/\/merton.emsb.qc.ca\/wp-content\/uploads\/sites\/4\/2022\/01\/school-logo-footer.png","contentUrl":"https:\/\/merton.emsb.qc.ca\/wp-content\/uploads\/sites\/4\/2022\/01\/school-logo-footer.png","width":150,"height":147,"caption":"Merton Elementary School"},"image":{"@id":"https:\/\/merton.emsb.qc.ca\/#\/schema\/logo\/image\/"}}]}},"_links":{"self":[{"href":"https:\/\/merton.emsb.qc.ca\/fr\/wp-json\/wp\/v2\/pages\/6963","targetHints":{"allow":["GET"]}}],"collection":[{"href":"https:\/\/merton.emsb.qc.ca\/fr\/wp-json\/wp\/v2\/pages"}],"about":[{"href":"https:\/\/merton.emsb.qc.ca\/fr\/wp-json\/wp\/v2\/types\/page"}],"author":[{"embeddable":true,"href":"https:\/\/merton.emsb.qc.ca\/fr\/wp-json\/wp\/v2\/users\/11"}],"replies":[{"embeddable":true,"href":"https:\/\/merton.emsb.qc.ca\/fr\/wp-json\/wp\/v2\/comments?post=6963"}],"version-history":[{"count":18,"href":"https:\/\/merton.emsb.qc.ca\/fr\/wp-json\/wp\/v2\/pages\/6963\/revisions"}],"predecessor-version":[{"id":7420,"href":"https:\/\/merton.emsb.qc.ca\/fr\/wp-json\/wp\/v2\/pages\/6963\/revisions\/7420"}],"wp:attachment":[{"href":"https:\/\/merton.emsb.qc.ca\/fr\/wp-json\/wp\/v2\/media?parent=6963"}],"curies":[{"name":"wp","href":"https:\/\/api.w.org\/{rel}","templated":true}]}}