
{"id":6978,"date":"2023-05-25T14:25:42","date_gmt":"2023-05-25T18:25:42","guid":{"rendered":"https:\/\/merton.emsbdev.com\/?page_id=6978"},"modified":"2023-07-11T14:15:06","modified_gmt":"2023-07-11T18:15:06","slug":"international-students","status":"publish","type":"page","link":"https:\/\/merton.emsb.qc.ca\/fr\/international-students\/","title":{"rendered":"\u00c9l\u00e8ves internationaux"},"content":{"rendered":"<div data-elementor-type=\"wp-page\" data-elementor-id=\"6978\" class=\"elementor elementor-6978\" data-elementor-post-type=\"page\">\n\t\t\t\t\t\t<section class=\"elementor-section elementor-top-section elementor-element elementor-element-816c114 elementor-section-boxed elementor-section-height-default elementor-section-height-default\" data-id=\"816c114\" data-element_type=\"section\" data-e-type=\"section\" data-settings=\"{&quot;jet_parallax_layout_list&quot;:[]}\">\n\t\t\t\t\t\t<div class=\"elementor-container elementor-column-gap-default\">\n\t\t\t\t\t<div class=\"elementor-column elementor-col-100 elementor-top-column elementor-element elementor-element-b90295b\" data-id=\"b90295b\" data-element_type=\"column\" data-e-type=\"column\">\n\t\t\t<div class=\"elementor-widget-wrap elementor-element-populated\">\n\t\t\t\t\t\t<div class=\"elementor-element elementor-element-7d5b24d elementor-widget elementor-widget-image\" data-id=\"7d5b24d\" data-element_type=\"widget\" data-e-type=\"widget\" data-widget_type=\"image.default\">\n\t\t\t\t<div class=\"elementor-widget-container\">\n\t\t\t\t\t\t\t\t\t\t\t\t\t\t\t<img fetchpriority=\"high\" decoding=\"async\" width=\"1024\" height=\"192\" src=\"https:\/\/merton.emsb.qc.ca\/wp-content\/uploads\/sites\/4\/2023\/05\/Slider-Banner-Option-4-1-2-1024x192.png\" class=\"attachment-large size-large wp-image-6979\" alt=\"\" srcset=\"https:\/\/merton.emsb.qc.ca\/wp-content\/uploads\/sites\/4\/2023\/05\/Slider-Banner-Option-4-1-2-1024x192.png 1024w, https:\/\/merton.emsb.qc.ca\/wp-content\/uploads\/sites\/4\/2023\/05\/Slider-Banner-Option-4-1-2-300x56.png 300w, https:\/\/merton.emsb.qc.ca\/wp-content\/uploads\/sites\/4\/2023\/05\/Slider-Banner-Option-4-1-2-768x144.png 768w, https:\/\/merton.emsb.qc.ca\/wp-content\/uploads\/sites\/4\/2023\/05\/Slider-Banner-Option-4-1-2-18x3.png 18w, https:\/\/merton.emsb.qc.ca\/wp-content\/uploads\/sites\/4\/2023\/05\/Slider-Banner-Option-4-1-2.png 1335w\" sizes=\"(max-width: 1024px) 100vw, 1024px\" \/>\t\t\t\t\t\t\t\t\t\t\t\t\t\t\t<\/div>\n\t\t\t\t<\/div>\n\t\t\t\t\t<\/div>\n\t\t<\/div>\n\t\t\t\t\t<\/div>\n\t\t<\/section>\n\t\t\t\t<section class=\"elementor-section elementor-top-section elementor-element elementor-element-6146db7 elementor-section-boxed elementor-section-height-default elementor-section-height-default\" data-id=\"6146db7\" data-element_type=\"section\" data-e-type=\"section\" data-settings=\"{&quot;jet_parallax_layout_list&quot;:[]}\">\n\t\t\t\t\t\t<div class=\"elementor-container elementor-column-gap-default\">\n\t\t\t\t\t<div class=\"elementor-column elementor-col-100 elementor-top-column elementor-element elementor-element-35abe60\" data-id=\"35abe60\" data-element_type=\"column\" data-e-type=\"column\">\n\t\t\t<div class=\"elementor-widget-wrap elementor-element-populated\">\n\t\t\t\t\t\t<div class=\"elementor-element elementor-element-496b859 elementor-widget elementor-widget-text-editor\" data-id=\"496b859\" data-element_type=\"widget\" data-e-type=\"widget\" data-widget_type=\"text-editor.default\">\n\t\t\t\t<div class=\"elementor-widget-container\">\n\t\t\t\t\t\t\t\t\t<h4>\u00c9l\u00e8ves internationaux<\/h4><p>Merton accueille au Canada des \u00e9l\u00e8ves et leurs familles provenant des quatre coins du monde. Les enfants des familles r\u00e9sidant au Qu\u00e9bec \u00e0 titre temporaire (permis de travail ou d'\u00e9tudes) peuvent \u00eatre admissibles \u00e0 fr\u00e9quenter une \u00e9cole publique anglophone.<\/p><p>Pour plus d'informations sur le processus d'admission applicable aux r\u00e9sidents temporaires, veuillez cliquer sur le lien ci-dessous :<\/p><p><a class=\"button-rich\" href=\"https:\/\/merton.emsb.qc.ca\/fr\/emsb\/admissions\/eligibility\/temporary-residents\/\" target=\"_self\">Conditions d'admissibilit\u00e9 pour les r\u00e9sidents temporaires<\/a><\/p>\t\t\t\t\t\t\t\t<\/div>\n\t\t\t\t<\/div>\n\t\t\t\t\t<\/div>\n\t\t<\/div>\n\t\t\t\t\t<\/div>\n\t\t<\/section>\n\t\t\t\t<\/div>","protected":false},"excerpt":{"rendered":"<p>\/*! elementor &#8211; v3.13.3 &#8211; 28-05-2023 *\/ .elementor-widget-image{text-align:center}.elementor-widget-image a{display:inline-block}.elementor-widget-image a img[src$=&#8221;.svg&#8221;]{width:48px}.elementor-widget-image img{vertical-align:middle;display:inline-block} International Students Merton welcomes students and their families to Canada from all over the world. Families living Quebec on a temporary basis (work or school visa) can be eligible to send their children to an English public school. For more information on the [&hellip;]<\/p>\n","protected":false},"author":11,"featured_media":0,"parent":0,"menu_order":0,"comment_status":"closed","ping_status":"closed","template":"","meta":{"site-sidebar-layout":"no-sidebar","site-content-layout":"page-builder","ast-site-content-layout":"default","site-content-style":"default","site-sidebar-style":"default","ast-global-header-display":"","ast-banner-title-visibility":"","ast-main-header-display":"","ast-hfb-above-header-display":"","ast-hfb-below-header-display":"","ast-hfb-mobile-header-display":"","site-post-title":"disabled","ast-breadcrumbs-content":"","ast-featured-img":"disabled","footer-sml-layout":"","ast-disable-related-posts":"","theme-transparent-header-meta":"","adv-header-id-meta":"","stick-header-meta":"","header-above-stick-meta":"","header-main-stick-meta":"","header-below-stick-meta":"","astra-migrate-meta-layouts":"default","ast-page-background-enabled":"default","ast-page-background-meta":{"desktop":{"background-color":"var(--ast-global-color-4)","background-image":"","background-repeat":"repeat","background-position":"center center","background-size":"auto","background-attachment":"scroll","background-type":"","background-media":"","overlay-type":"","overlay-color":"","overlay-opacity":"","overlay-gradient":""},"tablet":{"background-color":"","background-image":"","background-repeat":"repeat","background-position":"center center","background-size":"auto","background-attachment":"scroll","background-type":"","background-media":"","overlay-type":"","overlay-color":"","overlay-opacity":"","overlay-gradient":""},"mobile":{"background-color":"","background-image":"","background-repeat":"repeat","background-position":"center center","background-size":"auto","background-attachment":"scroll","background-type":"","background-media":"","overlay-type":"","overlay-color":"","overlay-opacity":"","overlay-gradient":""}},"ast-content-background-meta":{"desktop":{"background-color":"var(--ast-global-color-5)","background-image":"","background-repeat":"repeat","background-position":"center center","background-size":"auto","background-attachment":"scroll","background-type":"","background-media":"","overlay-type":"","overlay-color":"","overlay-opacity":"","overlay-gradient":""},"tablet":{"background-color":"var(--ast-global-color-5)","background-image":"","background-repeat":"repeat","background-position":"center center","background-size":"auto","background-attachment":"scroll","background-type":"","background-media":"","overlay-type":"","overlay-color":"","overlay-opacity":"","overlay-gradient":""},"mobile":{"background-color":"var(--ast-global-color-5)","background-image":"","background-repeat":"repeat","background-position":"center center","background-size":"auto","background-attachment":"scroll","background-type":"","background-media":"","overlay-type":"","overlay-color":"","overlay-opacity":"","overlay-gradient":""}},"footnotes":""},"class_list":["post-6978","page","type-page","status-publish","hentry"],"yoast_head":"<!-- This site is optimized with the Yoast SEO plugin v27.3 - https:\/\/yoast.com\/product\/yoast-seo-wordpress\/ -->\n<title>International Students - Merton Elementary School<\/title>\n<meta name=\"robots\" content=\"index, follow, max-snippet:-1, max-image-preview:large, max-video-preview:-1\" \/>\n<link rel=\"canonical\" href=\"https:\/\/merton.emsb.qc.ca\/fr\/international-students\/\" \/>\n<meta property=\"og:locale\" content=\"fr_FR\" \/>\n<meta property=\"og:type\" content=\"article\" \/>\n<meta property=\"og:title\" content=\"International Students - Merton Elementary School\" \/>\n<meta property=\"og:description\" content=\"\/*! elementor &#8211; v3.13.3 &#8211; 28-05-2023 *\/ .elementor-widget-image{text-align:center}.elementor-widget-image a{display:inline-block}.elementor-widget-image a img[src$=&#8221;.svg&#8221;]{width:48px}.elementor-widget-image img{vertical-align:middle;display:inline-block} International Students Merton welcomes students and their families to Canada from all over the world. Families living Quebec on a temporary basis (work or school visa) can be eligible to send their children to an English public school. For more information on the [&hellip;]\" \/>\n<meta property=\"og:url\" content=\"https:\/\/merton.emsb.qc.ca\/fr\/international-students\/\" \/>\n<meta property=\"og:site_name\" content=\"Merton Elementary School\" \/>\n<meta property=\"article:modified_time\" content=\"2023-07-11T18:15:06+00:00\" \/>\n<meta property=\"og:image\" content=\"https:\/\/merton.emsb.qc.ca\/wp-content\/uploads\/sites\/4\/2023\/05\/Slider-Banner-Option-4-1-2-1024x192.png\" \/>\n<meta name=\"twitter:card\" content=\"summary_large_image\" \/>\n<script type=\"application\/ld+json\" class=\"yoast-schema-graph\">{\"@context\":\"https:\\\/\\\/schema.org\",\"@graph\":[{\"@type\":\"WebPage\",\"@id\":\"https:\\\/\\\/merton.emsb.qc.ca\\\/international-students\\\/\",\"url\":\"https:\\\/\\\/merton.emsb.qc.ca\\\/international-students\\\/\",\"name\":\"International Students - Merton Elementary School\",\"isPartOf\":{\"@id\":\"https:\\\/\\\/merton.emsb.qc.ca\\\/#website\"},\"primaryImageOfPage\":{\"@id\":\"https:\\\/\\\/merton.emsb.qc.ca\\\/international-students\\\/#primaryimage\"},\"image\":{\"@id\":\"https:\\\/\\\/merton.emsb.qc.ca\\\/international-students\\\/#primaryimage\"},\"thumbnailUrl\":\"https:\\\/\\\/merton.emsb.qc.ca\\\/wp-content\\\/uploads\\\/sites\\\/4\\\/2023\\\/05\\\/Slider-Banner-Option-4-1-2-1024x192.png\",\"datePublished\":\"2023-05-25T18:25:42+00:00\",\"dateModified\":\"2023-07-11T18:15:06+00:00\",\"breadcrumb\":{\"@id\":\"https:\\\/\\\/merton.emsb.qc.ca\\\/international-students\\\/#breadcrumb\"},\"inLanguage\":\"fr-FR\",\"potentialAction\":[{\"@type\":\"ReadAction\",\"target\":[\"https:\\\/\\\/merton.emsb.qc.ca\\\/international-students\\\/\"]}]},{\"@type\":\"ImageObject\",\"inLanguage\":\"fr-FR\",\"@id\":\"https:\\\/\\\/merton.emsb.qc.ca\\\/international-students\\\/#primaryimage\",\"url\":\"https:\\\/\\\/merton.emsb.qc.ca\\\/wp-content\\\/uploads\\\/sites\\\/4\\\/2023\\\/05\\\/Slider-Banner-Option-4-1-2-1024x192.png\",\"contentUrl\":\"https:\\\/\\\/merton.emsb.qc.ca\\\/wp-content\\\/uploads\\\/sites\\\/4\\\/2023\\\/05\\\/Slider-Banner-Option-4-1-2-1024x192.png\"},{\"@type\":\"BreadcrumbList\",\"@id\":\"https:\\\/\\\/merton.emsb.qc.ca\\\/international-students\\\/#breadcrumb\",\"itemListElement\":[{\"@type\":\"ListItem\",\"position\":1,\"name\":\"Home\",\"item\":\"https:\\\/\\\/merton.emsb.qc.ca\\\/\"},{\"@type\":\"ListItem\",\"position\":2,\"name\":\"International Students\"}]},{\"@type\":\"WebSite\",\"@id\":\"https:\\\/\\\/merton.emsb.qc.ca\\\/#website\",\"url\":\"https:\\\/\\\/merton.emsb.qc.ca\\\/\",\"name\":\"Merton Elementary School\",\"description\":\"Merton Elementary School\",\"publisher\":{\"@id\":\"https:\\\/\\\/merton.emsb.qc.ca\\\/#organization\"},\"potentialAction\":[{\"@type\":\"SearchAction\",\"target\":{\"@type\":\"EntryPoint\",\"urlTemplate\":\"https:\\\/\\\/merton.emsb.qc.ca\\\/?s={search_term_string}\"},\"query-input\":{\"@type\":\"PropertyValueSpecification\",\"valueRequired\":true,\"valueName\":\"search_term_string\"}}],\"inLanguage\":\"fr-FR\"},{\"@type\":\"Organization\",\"@id\":\"https:\\\/\\\/merton.emsb.qc.ca\\\/#organization\",\"name\":\"Merton Elementary School\",\"url\":\"https:\\\/\\\/merton.emsb.qc.ca\\\/\",\"logo\":{\"@type\":\"ImageObject\",\"inLanguage\":\"fr-FR\",\"@id\":\"https:\\\/\\\/merton.emsb.qc.ca\\\/#\\\/schema\\\/logo\\\/image\\\/\",\"url\":\"https:\\\/\\\/merton.emsb.qc.ca\\\/wp-content\\\/uploads\\\/sites\\\/4\\\/2022\\\/01\\\/school-logo-footer.png\",\"contentUrl\":\"https:\\\/\\\/merton.emsb.qc.ca\\\/wp-content\\\/uploads\\\/sites\\\/4\\\/2022\\\/01\\\/school-logo-footer.png\",\"width\":150,\"height\":147,\"caption\":\"Merton Elementary School\"},\"image\":{\"@id\":\"https:\\\/\\\/merton.emsb.qc.ca\\\/#\\\/schema\\\/logo\\\/image\\\/\"}}]}<\/script>\n<!-- \/ Yoast SEO plugin. -->","yoast_head_json":{"title":"\u00c9l\u00e8ves internationaux - \u00c9cole primaire de Merton","robots":{"index":"index","follow":"follow","max-snippet":"max-snippet:-1","max-image-preview":"max-image-preview:large","max-video-preview":"max-video-preview:-1"},"canonical":"https:\/\/merton.emsb.qc.ca\/fr\/international-students\/","og_locale":"fr_FR","og_type":"article","og_title":"International Students - Merton Elementary School","og_description":"\/*! elementor &#8211; v3.13.3 &#8211; 28-05-2023 *\/ .elementor-widget-image{text-align:center}.elementor-widget-image a{display:inline-block}.elementor-widget-image a img[src$=&#8221;.svg&#8221;]{width:48px}.elementor-widget-image img{vertical-align:middle;display:inline-block} International Students Merton welcomes students and their families to Canada from all over the world. Families living Quebec on a temporary basis (work or school visa) can be eligible to send their children to an English public school. For more information on the [&hellip;]","og_url":"https:\/\/merton.emsb.qc.ca\/fr\/international-students\/","og_site_name":"Merton Elementary School","article_modified_time":"2023-07-11T18:15:06+00:00","og_image":[{"url":"https:\/\/merton.emsb.qc.ca\/wp-content\/uploads\/sites\/4\/2023\/05\/Slider-Banner-Option-4-1-2-1024x192.png","type":"","width":"","height":""}],"twitter_card":"summary_large_image","schema":{"@context":"https:\/\/schema.org","@graph":[{"@type":"WebPage","@id":"https:\/\/merton.emsb.qc.ca\/international-students\/","url":"https:\/\/merton.emsb.qc.ca\/international-students\/","name":"\u00c9l\u00e8ves internationaux - \u00c9cole primaire de Merton","isPartOf":{"@id":"https:\/\/merton.emsb.qc.ca\/#website"},"primaryImageOfPage":{"@id":"https:\/\/merton.emsb.qc.ca\/international-students\/#primaryimage"},"image":{"@id":"https:\/\/merton.emsb.qc.ca\/international-students\/#primaryimage"},"thumbnailUrl":"https:\/\/merton.emsb.qc.ca\/wp-content\/uploads\/sites\/4\/2023\/05\/Slider-Banner-Option-4-1-2-1024x192.png","datePublished":"2023-05-25T18:25:42+00:00","dateModified":"2023-07-11T18:15:06+00:00","breadcrumb":{"@id":"https:\/\/merton.emsb.qc.ca\/international-students\/#breadcrumb"},"inLanguage":"fr-FR","potentialAction":[{"@type":"ReadAction","target":["https:\/\/merton.emsb.qc.ca\/international-students\/"]}]},{"@type":"ImageObject","inLanguage":"fr-FR","@id":"https:\/\/merton.emsb.qc.ca\/international-students\/#primaryimage","url":"https:\/\/merton.emsb.qc.ca\/wp-content\/uploads\/sites\/4\/2023\/05\/Slider-Banner-Option-4-1-2-1024x192.png","contentUrl":"https:\/\/merton.emsb.qc.ca\/wp-content\/uploads\/sites\/4\/2023\/05\/Slider-Banner-Option-4-1-2-1024x192.png"},{"@type":"BreadcrumbList","@id":"https:\/\/merton.emsb.qc.ca\/international-students\/#breadcrumb","itemListElement":[{"@type":"ListItem","position":1,"name":"Home","item":"https:\/\/merton.emsb.qc.ca\/"},{"@type":"ListItem","position":2,"name":"International Students"}]},{"@type":"WebSite","@id":"https:\/\/merton.emsb.qc.ca\/#website","url":"https:\/\/merton.emsb.qc.ca\/","name":"\u00c9cole primaire Merton","description":"\u00c9cole primaire Merton","publisher":{"@id":"https:\/\/merton.emsb.qc.ca\/#organization"},"potentialAction":[{"@type":"SearchAction","target":{"@type":"EntryPoint","urlTemplate":"https:\/\/merton.emsb.qc.ca\/?s={search_term_string}"},"query-input":{"@type":"PropertyValueSpecification","valueRequired":true,"valueName":"search_term_string"}}],"inLanguage":"fr-FR"},{"@type":"Organization","@id":"https:\/\/merton.emsb.qc.ca\/#organization","name":"\u00c9cole primaire Merton","url":"https:\/\/merton.emsb.qc.ca\/","logo":{"@type":"ImageObject","inLanguage":"fr-FR","@id":"https:\/\/merton.emsb.qc.ca\/#\/schema\/logo\/image\/","url":"https:\/\/merton.emsb.qc.ca\/wp-content\/uploads\/sites\/4\/2022\/01\/school-logo-footer.png","contentUrl":"https:\/\/merton.emsb.qc.ca\/wp-content\/uploads\/sites\/4\/2022\/01\/school-logo-footer.png","width":150,"height":147,"caption":"Merton Elementary School"},"image":{"@id":"https:\/\/merton.emsb.qc.ca\/#\/schema\/logo\/image\/"}}]}},"_links":{"self":[{"href":"https:\/\/merton.emsb.qc.ca\/fr\/wp-json\/wp\/v2\/pages\/6978","targetHints":{"allow":["GET"]}}],"collection":[{"href":"https:\/\/merton.emsb.qc.ca\/fr\/wp-json\/wp\/v2\/pages"}],"about":[{"href":"https:\/\/merton.emsb.qc.ca\/fr\/wp-json\/wp\/v2\/types\/page"}],"author":[{"embeddable":true,"href":"https:\/\/merton.emsb.qc.ca\/fr\/wp-json\/wp\/v2\/users\/11"}],"replies":[{"embeddable":true,"href":"https:\/\/merton.emsb.qc.ca\/fr\/wp-json\/wp\/v2\/comments?post=6978"}],"version-history":[{"count":6,"href":"https:\/\/merton.emsb.qc.ca\/fr\/wp-json\/wp\/v2\/pages\/6978\/revisions"}],"predecessor-version":[{"id":7426,"href":"https:\/\/merton.emsb.qc.ca\/fr\/wp-json\/wp\/v2\/pages\/6978\/revisions\/7426"}],"wp:attachment":[{"href":"https:\/\/merton.emsb.qc.ca\/fr\/wp-json\/wp\/v2\/media?parent=6978"}],"curies":[{"name":"wp","href":"https:\/\/api.w.org\/{rel}","templated":true}]}}