
{"id":6984,"date":"2023-05-25T14:34:13","date_gmt":"2023-05-25T18:34:13","guid":{"rendered":"https:\/\/merton.emsbdev.com\/?page_id=6984"},"modified":"2023-05-25T14:35:05","modified_gmt":"2023-05-25T18:35:05","slug":"registering-special-cases","status":"publish","type":"page","link":"https:\/\/merton.emsb.qc.ca\/fr\/registering-special-cases\/","title":{"rendered":"Inscription de cas particuliers"},"content":{"rendered":"<div data-elementor-type=\"wp-page\" data-elementor-id=\"6984\" class=\"elementor elementor-6984\" data-elementor-post-type=\"page\">\n\t\t\t\t\t\t<section class=\"elementor-section elementor-top-section elementor-element elementor-element-213c46a elementor-section-boxed elementor-section-height-default elementor-section-height-default\" data-id=\"213c46a\" data-element_type=\"section\" data-e-type=\"section\" data-settings=\"{&quot;jet_parallax_layout_list&quot;:[]}\">\n\t\t\t\t\t\t<div class=\"elementor-container elementor-column-gap-default\">\n\t\t\t\t\t<div class=\"elementor-column elementor-col-100 elementor-top-column elementor-element elementor-element-5582c37\" data-id=\"5582c37\" data-element_type=\"column\" data-e-type=\"column\">\n\t\t\t<div class=\"elementor-widget-wrap elementor-element-populated\">\n\t\t\t\t\t\t<div class=\"elementor-element elementor-element-d0498ea elementor-widget elementor-widget-image\" data-id=\"d0498ea\" data-element_type=\"widget\" data-e-type=\"widget\" data-widget_type=\"image.default\">\n\t\t\t\t<div class=\"elementor-widget-container\">\n\t\t\t\t\t\t\t\t\t\t\t\t\t\t\t<img fetchpriority=\"high\" decoding=\"async\" width=\"1024\" height=\"192\" src=\"https:\/\/merton.emsb.qc.ca\/wp-content\/uploads\/sites\/4\/2023\/05\/Slider-Banner-Option-4-5-1024x192.png\" class=\"attachment-large size-large wp-image-6985\" alt=\"\" srcset=\"https:\/\/merton.emsb.qc.ca\/wp-content\/uploads\/sites\/4\/2023\/05\/Slider-Banner-Option-4-5-1024x192.png 1024w, https:\/\/merton.emsb.qc.ca\/wp-content\/uploads\/sites\/4\/2023\/05\/Slider-Banner-Option-4-5-300x56.png 300w, https:\/\/merton.emsb.qc.ca\/wp-content\/uploads\/sites\/4\/2023\/05\/Slider-Banner-Option-4-5-768x144.png 768w, https:\/\/merton.emsb.qc.ca\/wp-content\/uploads\/sites\/4\/2023\/05\/Slider-Banner-Option-4-5-18x3.png 18w, https:\/\/merton.emsb.qc.ca\/wp-content\/uploads\/sites\/4\/2023\/05\/Slider-Banner-Option-4-5.png 1335w\" sizes=\"(max-width: 1024px) 100vw, 1024px\" \/>\t\t\t\t\t\t\t\t\t\t\t\t\t\t\t<\/div>\n\t\t\t\t<\/div>\n\t\t\t\t\t<\/div>\n\t\t<\/div>\n\t\t\t\t\t<\/div>\n\t\t<\/section>\n\t\t\t\t<section class=\"elementor-section elementor-top-section elementor-element elementor-element-01d9cd0 elementor-section-boxed elementor-section-height-default elementor-section-height-default\" data-id=\"01d9cd0\" data-element_type=\"section\" data-e-type=\"section\" data-settings=\"{&quot;jet_parallax_layout_list&quot;:[]}\">\n\t\t\t\t\t\t<div class=\"elementor-container elementor-column-gap-default\">\n\t\t\t\t\t<div class=\"elementor-column elementor-col-100 elementor-top-column elementor-element elementor-element-44566ab\" data-id=\"44566ab\" data-element_type=\"column\" data-e-type=\"column\">\n\t\t\t<div class=\"elementor-widget-wrap elementor-element-populated\">\n\t\t\t\t\t\t<div class=\"elementor-element elementor-element-d3baa78 elementor-widget elementor-widget-text-editor\" data-id=\"d3baa78\" data-element_type=\"widget\" data-e-type=\"widget\" data-widget_type=\"text-editor.default\">\n\t\t\t\t<div class=\"elementor-widget-container\">\n\t\t\t\t\t\t\t\t\t<h2 class=\"banner-slider__slide-content-text-title\">Exceptions sp\u00e9ciales en mati\u00e8re d'\u00e9ligibilit\u00e9 (formulaire K)<\/h2><p class=\"banner-slider__slide-content-text-subtitle\">Exigences relatives \u00e0 la demande de d\u00e9rogations sp\u00e9ciales pour les \u00e9coles primaires ou secondaires.<\/p><p><strong>En raison de la nature complexe de cette demande, veuillez consulter le site web de la Commission europ\u00e9enne.\u00a0<a href=\"https:\/\/www.emsb.qc.ca\/emsb\/admissions\/eligibility\/office\" target=\"_self\">Bureau de la loi 101\u00a0<\/a>situ\u00e9 dans le b\u00e2timent administratif de l'EMSB pour remplir un formulaire de demande.\u00a0\u00a0<\/strong><em>Apr\u00e8s que le parent a demand\u00e9 l'exemption (formulaire K) au bureau de la loi 101, la\u00a0<a href=\"https:\/\/www.emsb.qc.ca\/emsb\/about\/administration\/management-depts\" target=\"_self\">D\u00e9partement des services aux \u00e9tudiants<\/a>\u00a0traitera la demande.<\/em><\/p>\t\t\t\t\t\t\t\t<\/div>\n\t\t\t\t<\/div>\n\t\t\t\t\t<\/div>\n\t\t<\/div>\n\t\t\t\t\t<\/div>\n\t\t<\/section>\n\t\t\t\t<\/div>","protected":false},"excerpt":{"rendered":"<p>\/*! elementor &#8211; v3.13.3 &#8211; 22-05-2023 *\/ .elementor-widget-image{text-align:center}.elementor-widget-image a{display:inline-block}.elementor-widget-image a img[src$=&#8221;.svg&#8221;]{width:48px}.elementor-widget-image img{vertical-align:middle;display:inline-block} Eligibility Special Exceptions (Form K) Application requirements for special exceptions to elementary or secondary school. Due to the complex nature of this request, please visit the\u00a0Law 101 office\u00a0located at the EMSB Administration Building to complete an application form.\u00a0\u00a0After the parent applies for the [&hellip;]<\/p>\n","protected":false},"author":11,"featured_media":0,"parent":0,"menu_order":0,"comment_status":"closed","ping_status":"closed","template":"","meta":{"site-sidebar-layout":"no-sidebar","site-content-layout":"page-builder","ast-site-content-layout":"default","site-content-style":"default","site-sidebar-style":"default","ast-global-header-display":"","ast-banner-title-visibility":"","ast-main-header-display":"","ast-hfb-above-header-display":"","ast-hfb-below-header-display":"","ast-hfb-mobile-header-display":"","site-post-title":"disabled","ast-breadcrumbs-content":"","ast-featured-img":"disabled","footer-sml-layout":"","ast-disable-related-posts":"","theme-transparent-header-meta":"","adv-header-id-meta":"","stick-header-meta":"","header-above-stick-meta":"","header-main-stick-meta":"","header-below-stick-meta":"","astra-migrate-meta-layouts":"default","ast-page-background-enabled":"default","ast-page-background-meta":{"desktop":{"background-color":"var(--ast-global-color-4)","background-image":"","background-repeat":"repeat","background-position":"center center","background-size":"auto","background-attachment":"scroll","background-type":"","background-media":"","overlay-type":"","overlay-color":"","overlay-opacity":"","overlay-gradient":""},"tablet":{"background-color":"","background-image":"","background-repeat":"repeat","background-position":"center center","background-size":"auto","background-attachment":"scroll","background-type":"","background-media":"","overlay-type":"","overlay-color":"","overlay-opacity":"","overlay-gradient":""},"mobile":{"background-color":"","background-image":"","background-repeat":"repeat","background-position":"center center","background-size":"auto","background-attachment":"scroll","background-type":"","background-media":"","overlay-type":"","overlay-color":"","overlay-opacity":"","overlay-gradient":""}},"ast-content-background-meta":{"desktop":{"background-color":"var(--ast-global-color-5)","background-image":"","background-repeat":"repeat","background-position":"center center","background-size":"auto","background-attachment":"scroll","background-type":"","background-media":"","overlay-type":"","overlay-color":"","overlay-opacity":"","overlay-gradient":""},"tablet":{"background-color":"var(--ast-global-color-5)","background-image":"","background-repeat":"repeat","background-position":"center center","background-size":"auto","background-attachment":"scroll","background-type":"","background-media":"","overlay-type":"","overlay-color":"","overlay-opacity":"","overlay-gradient":""},"mobile":{"background-color":"var(--ast-global-color-5)","background-image":"","background-repeat":"repeat","background-position":"center center","background-size":"auto","background-attachment":"scroll","background-type":"","background-media":"","overlay-type":"","overlay-color":"","overlay-opacity":"","overlay-gradient":""}},"footnotes":""},"class_list":["post-6984","page","type-page","status-publish","hentry"],"yoast_head":"<!-- This site is optimized with the Yoast SEO plugin v27.3 - https:\/\/yoast.com\/product\/yoast-seo-wordpress\/ -->\n<title>Registering Special Cases - Merton Elementary School<\/title>\n<meta name=\"robots\" content=\"index, follow, max-snippet:-1, max-image-preview:large, max-video-preview:-1\" \/>\n<link rel=\"canonical\" href=\"https:\/\/merton.emsb.qc.ca\/fr\/registering-special-cases\/\" \/>\n<meta property=\"og:locale\" content=\"fr_FR\" \/>\n<meta property=\"og:type\" content=\"article\" \/>\n<meta property=\"og:title\" content=\"Registering Special Cases - Merton Elementary School\" \/>\n<meta property=\"og:description\" content=\"\/*! elementor &#8211; v3.13.3 &#8211; 22-05-2023 *\/ .elementor-widget-image{text-align:center}.elementor-widget-image a{display:inline-block}.elementor-widget-image a img[src$=&#8221;.svg&#8221;]{width:48px}.elementor-widget-image img{vertical-align:middle;display:inline-block} Eligibility Special Exceptions (Form K) Application requirements for special exceptions to elementary or secondary school. Due to the complex nature of this request, please visit the\u00a0Law 101 office\u00a0located at the EMSB Administration Building to complete an application form.\u00a0\u00a0After the parent applies for the [&hellip;]\" \/>\n<meta property=\"og:url\" content=\"https:\/\/merton.emsb.qc.ca\/fr\/registering-special-cases\/\" \/>\n<meta property=\"og:site_name\" content=\"Merton Elementary School\" \/>\n<meta property=\"article:modified_time\" content=\"2023-05-25T18:35:05+00:00\" \/>\n<meta property=\"og:image\" content=\"https:\/\/merton.emsb.qc.ca\/wp-content\/uploads\/sites\/4\/2023\/05\/Slider-Banner-Option-4-5-1024x192.png\" \/>\n<meta name=\"twitter:card\" content=\"summary_large_image\" \/>\n<script type=\"application\/ld+json\" class=\"yoast-schema-graph\">{\"@context\":\"https:\\\/\\\/schema.org\",\"@graph\":[{\"@type\":\"WebPage\",\"@id\":\"https:\\\/\\\/merton.emsb.qc.ca\\\/registering-special-cases\\\/\",\"url\":\"https:\\\/\\\/merton.emsb.qc.ca\\\/registering-special-cases\\\/\",\"name\":\"Registering Special Cases - Merton Elementary School\",\"isPartOf\":{\"@id\":\"https:\\\/\\\/merton.emsb.qc.ca\\\/#website\"},\"primaryImageOfPage\":{\"@id\":\"https:\\\/\\\/merton.emsb.qc.ca\\\/registering-special-cases\\\/#primaryimage\"},\"image\":{\"@id\":\"https:\\\/\\\/merton.emsb.qc.ca\\\/registering-special-cases\\\/#primaryimage\"},\"thumbnailUrl\":\"https:\\\/\\\/merton.emsb.qc.ca\\\/wp-content\\\/uploads\\\/sites\\\/4\\\/2023\\\/05\\\/Slider-Banner-Option-4-5-1024x192.png\",\"datePublished\":\"2023-05-25T18:34:13+00:00\",\"dateModified\":\"2023-05-25T18:35:05+00:00\",\"breadcrumb\":{\"@id\":\"https:\\\/\\\/merton.emsb.qc.ca\\\/registering-special-cases\\\/#breadcrumb\"},\"inLanguage\":\"fr-FR\",\"potentialAction\":[{\"@type\":\"ReadAction\",\"target\":[\"https:\\\/\\\/merton.emsb.qc.ca\\\/registering-special-cases\\\/\"]}]},{\"@type\":\"ImageObject\",\"inLanguage\":\"fr-FR\",\"@id\":\"https:\\\/\\\/merton.emsb.qc.ca\\\/registering-special-cases\\\/#primaryimage\",\"url\":\"https:\\\/\\\/merton.emsb.qc.ca\\\/wp-content\\\/uploads\\\/sites\\\/4\\\/2023\\\/05\\\/Slider-Banner-Option-4-5-1024x192.png\",\"contentUrl\":\"https:\\\/\\\/merton.emsb.qc.ca\\\/wp-content\\\/uploads\\\/sites\\\/4\\\/2023\\\/05\\\/Slider-Banner-Option-4-5-1024x192.png\"},{\"@type\":\"BreadcrumbList\",\"@id\":\"https:\\\/\\\/merton.emsb.qc.ca\\\/registering-special-cases\\\/#breadcrumb\",\"itemListElement\":[{\"@type\":\"ListItem\",\"position\":1,\"name\":\"Home\",\"item\":\"https:\\\/\\\/merton.emsb.qc.ca\\\/\"},{\"@type\":\"ListItem\",\"position\":2,\"name\":\"Registering Special Cases\"}]},{\"@type\":\"WebSite\",\"@id\":\"https:\\\/\\\/merton.emsb.qc.ca\\\/#website\",\"url\":\"https:\\\/\\\/merton.emsb.qc.ca\\\/\",\"name\":\"Merton Elementary School\",\"description\":\"Merton Elementary School\",\"publisher\":{\"@id\":\"https:\\\/\\\/merton.emsb.qc.ca\\\/#organization\"},\"potentialAction\":[{\"@type\":\"SearchAction\",\"target\":{\"@type\":\"EntryPoint\",\"urlTemplate\":\"https:\\\/\\\/merton.emsb.qc.ca\\\/?s={search_term_string}\"},\"query-input\":{\"@type\":\"PropertyValueSpecification\",\"valueRequired\":true,\"valueName\":\"search_term_string\"}}],\"inLanguage\":\"fr-FR\"},{\"@type\":\"Organization\",\"@id\":\"https:\\\/\\\/merton.emsb.qc.ca\\\/#organization\",\"name\":\"Merton Elementary School\",\"url\":\"https:\\\/\\\/merton.emsb.qc.ca\\\/\",\"logo\":{\"@type\":\"ImageObject\",\"inLanguage\":\"fr-FR\",\"@id\":\"https:\\\/\\\/merton.emsb.qc.ca\\\/#\\\/schema\\\/logo\\\/image\\\/\",\"url\":\"https:\\\/\\\/merton.emsb.qc.ca\\\/wp-content\\\/uploads\\\/sites\\\/4\\\/2022\\\/01\\\/school-logo-footer.png\",\"contentUrl\":\"https:\\\/\\\/merton.emsb.qc.ca\\\/wp-content\\\/uploads\\\/sites\\\/4\\\/2022\\\/01\\\/school-logo-footer.png\",\"width\":150,\"height\":147,\"caption\":\"Merton Elementary School\"},\"image\":{\"@id\":\"https:\\\/\\\/merton.emsb.qc.ca\\\/#\\\/schema\\\/logo\\\/image\\\/\"}}]}<\/script>\n<!-- \/ Yoast SEO plugin. -->","yoast_head_json":{"title":"Enregistrement des cas particuliers - \u00c9cole primaire de Merton","robots":{"index":"index","follow":"follow","max-snippet":"max-snippet:-1","max-image-preview":"max-image-preview:large","max-video-preview":"max-video-preview:-1"},"canonical":"https:\/\/merton.emsb.qc.ca\/fr\/registering-special-cases\/","og_locale":"fr_FR","og_type":"article","og_title":"Registering Special Cases - Merton Elementary School","og_description":"\/*! elementor &#8211; v3.13.3 &#8211; 22-05-2023 *\/ .elementor-widget-image{text-align:center}.elementor-widget-image a{display:inline-block}.elementor-widget-image a img[src$=&#8221;.svg&#8221;]{width:48px}.elementor-widget-image img{vertical-align:middle;display:inline-block} Eligibility Special Exceptions (Form K) Application requirements for special exceptions to elementary or secondary school. Due to the complex nature of this request, please visit the\u00a0Law 101 office\u00a0located at the EMSB Administration Building to complete an application form.\u00a0\u00a0After the parent applies for the [&hellip;]","og_url":"https:\/\/merton.emsb.qc.ca\/fr\/registering-special-cases\/","og_site_name":"Merton Elementary School","article_modified_time":"2023-05-25T18:35:05+00:00","og_image":[{"url":"https:\/\/merton.emsb.qc.ca\/wp-content\/uploads\/sites\/4\/2023\/05\/Slider-Banner-Option-4-5-1024x192.png","type":"","width":"","height":""}],"twitter_card":"summary_large_image","schema":{"@context":"https:\/\/schema.org","@graph":[{"@type":"WebPage","@id":"https:\/\/merton.emsb.qc.ca\/registering-special-cases\/","url":"https:\/\/merton.emsb.qc.ca\/registering-special-cases\/","name":"Enregistrement des cas particuliers - \u00c9cole primaire de Merton","isPartOf":{"@id":"https:\/\/merton.emsb.qc.ca\/#website"},"primaryImageOfPage":{"@id":"https:\/\/merton.emsb.qc.ca\/registering-special-cases\/#primaryimage"},"image":{"@id":"https:\/\/merton.emsb.qc.ca\/registering-special-cases\/#primaryimage"},"thumbnailUrl":"https:\/\/merton.emsb.qc.ca\/wp-content\/uploads\/sites\/4\/2023\/05\/Slider-Banner-Option-4-5-1024x192.png","datePublished":"2023-05-25T18:34:13+00:00","dateModified":"2023-05-25T18:35:05+00:00","breadcrumb":{"@id":"https:\/\/merton.emsb.qc.ca\/registering-special-cases\/#breadcrumb"},"inLanguage":"fr-FR","potentialAction":[{"@type":"ReadAction","target":["https:\/\/merton.emsb.qc.ca\/registering-special-cases\/"]}]},{"@type":"ImageObject","inLanguage":"fr-FR","@id":"https:\/\/merton.emsb.qc.ca\/registering-special-cases\/#primaryimage","url":"https:\/\/merton.emsb.qc.ca\/wp-content\/uploads\/sites\/4\/2023\/05\/Slider-Banner-Option-4-5-1024x192.png","contentUrl":"https:\/\/merton.emsb.qc.ca\/wp-content\/uploads\/sites\/4\/2023\/05\/Slider-Banner-Option-4-5-1024x192.png"},{"@type":"BreadcrumbList","@id":"https:\/\/merton.emsb.qc.ca\/registering-special-cases\/#breadcrumb","itemListElement":[{"@type":"ListItem","position":1,"name":"Home","item":"https:\/\/merton.emsb.qc.ca\/"},{"@type":"ListItem","position":2,"name":"Registering Special Cases"}]},{"@type":"WebSite","@id":"https:\/\/merton.emsb.qc.ca\/#website","url":"https:\/\/merton.emsb.qc.ca\/","name":"\u00c9cole primaire Merton","description":"\u00c9cole primaire Merton","publisher":{"@id":"https:\/\/merton.emsb.qc.ca\/#organization"},"potentialAction":[{"@type":"SearchAction","target":{"@type":"EntryPoint","urlTemplate":"https:\/\/merton.emsb.qc.ca\/?s={search_term_string}"},"query-input":{"@type":"PropertyValueSpecification","valueRequired":true,"valueName":"search_term_string"}}],"inLanguage":"fr-FR"},{"@type":"Organization","@id":"https:\/\/merton.emsb.qc.ca\/#organization","name":"\u00c9cole primaire Merton","url":"https:\/\/merton.emsb.qc.ca\/","logo":{"@type":"ImageObject","inLanguage":"fr-FR","@id":"https:\/\/merton.emsb.qc.ca\/#\/schema\/logo\/image\/","url":"https:\/\/merton.emsb.qc.ca\/wp-content\/uploads\/sites\/4\/2022\/01\/school-logo-footer.png","contentUrl":"https:\/\/merton.emsb.qc.ca\/wp-content\/uploads\/sites\/4\/2022\/01\/school-logo-footer.png","width":150,"height":147,"caption":"Merton Elementary School"},"image":{"@id":"https:\/\/merton.emsb.qc.ca\/#\/schema\/logo\/image\/"}}]}},"_links":{"self":[{"href":"https:\/\/merton.emsb.qc.ca\/fr\/wp-json\/wp\/v2\/pages\/6984","targetHints":{"allow":["GET"]}}],"collection":[{"href":"https:\/\/merton.emsb.qc.ca\/fr\/wp-json\/wp\/v2\/pages"}],"about":[{"href":"https:\/\/merton.emsb.qc.ca\/fr\/wp-json\/wp\/v2\/types\/page"}],"author":[{"embeddable":true,"href":"https:\/\/merton.emsb.qc.ca\/fr\/wp-json\/wp\/v2\/users\/11"}],"replies":[{"embeddable":true,"href":"https:\/\/merton.emsb.qc.ca\/fr\/wp-json\/wp\/v2\/comments?post=6984"}],"version-history":[{"count":3,"href":"https:\/\/merton.emsb.qc.ca\/fr\/wp-json\/wp\/v2\/pages\/6984\/revisions"}],"predecessor-version":[{"id":6988,"href":"https:\/\/merton.emsb.qc.ca\/fr\/wp-json\/wp\/v2\/pages\/6984\/revisions\/6988"}],"wp:attachment":[{"href":"https:\/\/merton.emsb.qc.ca\/fr\/wp-json\/wp\/v2\/media?parent=6984"}],"curies":[{"name":"wp","href":"https:\/\/api.w.org\/{rel}","templated":true}]}}