
{"id":7531,"date":"2023-09-06T10:00:47","date_gmt":"2023-09-06T14:00:47","guid":{"rendered":"https:\/\/merton.emsb.qc.ca\/?page_id=7531"},"modified":"2025-09-29T14:47:26","modified_gmt":"2025-09-29T18:47:26","slug":"standards-and-procedures","status":"publish","type":"page","link":"https:\/\/merton.emsb.qc.ca\/fr\/standards-and-procedures\/","title":{"rendered":"Normes et proc\u00e9dures"},"content":{"rendered":"<div data-elementor-type=\"wp-page\" data-elementor-id=\"7531\" class=\"elementor elementor-7531\" data-elementor-post-type=\"page\">\n\t\t\t\t\t\t<section class=\"elementor-section elementor-top-section elementor-element elementor-element-55510ff elementor-section-boxed elementor-section-height-default elementor-section-height-default\" data-id=\"55510ff\" data-element_type=\"section\" data-e-type=\"section\" data-settings=\"{&quot;jet_parallax_layout_list&quot;:[]}\">\n\t\t\t\t\t\t<div class=\"elementor-container elementor-column-gap-default\">\n\t\t\t\t\t<div class=\"elementor-column elementor-col-100 elementor-top-column elementor-element elementor-element-d4ca5c0\" data-id=\"d4ca5c0\" data-element_type=\"column\" data-e-type=\"column\">\n\t\t\t<div class=\"elementor-widget-wrap elementor-element-populated\">\n\t\t\t\t\t\t<div class=\"elementor-element elementor-element-2385cb1 elementor-widget elementor-widget-text-editor\" data-id=\"2385cb1\" data-element_type=\"widget\" data-e-type=\"widget\" data-widget_type=\"text-editor.default\">\n\t\t\t\t<div class=\"elementor-widget-container\">\n\t\t\t\t\t\t\t\t\t<p>Les normes et proc\u00e9dures sont des documents officiels relatifs \u00e0 l'\u00e9valuation des apprentissages r\u00e9alis\u00e9s par les \u00e9l\u00e8ves. Ils fournissent un r\u00e9sum\u00e9 des crit\u00e8res d'\u00e9valuation pour chaque mati\u00e8re, ainsi que la p\u00e9riode pendant laquelle les examens sont pr\u00e9vus. Les normes et proc\u00e9dures sont mises \u00e0 jour au d\u00e9but de l'ann\u00e9e scolaire par les enseignants et approuv\u00e9es par la direction de l'\u00e9cole.<\/p>\t\t\t\t\t\t\t\t<\/div>\n\t\t\t\t<\/div>\n\t\t\t\t\t<\/div>\n\t\t<\/div>\n\t\t\t\t\t<\/div>\n\t\t<\/section>\n\t\t\t\t<section class=\"elementor-section elementor-top-section elementor-element elementor-element-5174971 elementor-section-boxed elementor-section-height-default elementor-section-height-default\" data-id=\"5174971\" data-element_type=\"section\" data-e-type=\"section\" data-settings=\"{&quot;jet_parallax_layout_list&quot;:[]}\">\n\t\t\t\t\t\t<div class=\"elementor-container elementor-column-gap-default\">\n\t\t\t\t\t<div class=\"elementor-column elementor-col-100 elementor-top-column elementor-element elementor-element-3ef5b36\" data-id=\"3ef5b36\" data-element_type=\"column\" data-e-type=\"column\">\n\t\t\t<div class=\"elementor-widget-wrap elementor-element-populated\">\n\t\t\t\t\t\t<div class=\"elementor-element elementor-element-88119b1 elementor-widget elementor-widget-toggle\" data-id=\"88119b1\" data-element_type=\"widget\" data-e-type=\"widget\" data-widget_type=\"toggle.default\">\n\t\t\t\t<div class=\"elementor-widget-container\">\n\t\t\t\t\t\t\t<div class=\"elementor-toggle\">\n\t\t\t\t\t\t\t<div class=\"elementor-toggle-item\">\n\t\t\t\t\t<div id=\"elementor-tab-title-1421\" class=\"elementor-tab-title\" data-tab=\"1\" role=\"button\" aria-controls=\"elementor-tab-content-1421\" aria-expanded=\"false\">\n\t\t\t\t\t\t\t\t\t\t\t\t<span class=\"elementor-toggle-icon elementor-toggle-icon-left\" aria-hidden=\"true\">\n\t\t\t\t\t\t\t\t\t\t\t\t\t\t\t<span class=\"elementor-toggle-icon-closed\"><i class=\"fas fa-caret-right\"><\/i><\/span>\n\t\t\t\t\t\t\t\t<span class=\"elementor-toggle-icon-opened\"><i class=\"elementor-toggle-icon-opened fas fa-caret-up\"><\/i><\/span>\n\t\t\t\t\t\t\t\t\t\t\t\t\t<\/span>\n\t\t\t\t\t\t\t\t\t\t\t\t<a class=\"elementor-toggle-title\" tabindex=\"0\">Cycle pr\u00e9scolaire<\/a>\n\t\t\t\t\t<\/div>\n\n\t\t\t\t\t<div id=\"elementor-tab-content-1421\" class=\"elementor-tab-content elementor-clearfix\" data-tab=\"1\" role=\"region\" aria-labelledby=\"elementor-tab-title-1421\"><table width=\"99%\">\n<tbody>\n<tr>\n<th width=\"33%\">Maternelle<\/th>\n<td width=\"34%\">Pascale Nizri Lallouz<\/td>\n<td width=\"33%\">\n<ul>\n \t<li><a href=\"https:\/\/merton.emsb.qc.ca\/wp-content\/uploads\/sites\/4\/2025\/09\/Standards-and-Procedures-KDG-2025_2026.pdf\" target=\"_blank\" rel=\"noopener\">Normes et proc\u00e9dures<\/a><\/li>\n<\/ul>\n<\/td>\n<\/tr>\n<tr>\n<th>Maternelle<\/th>\n<td width=\"33%\">Romain Goubel<\/td>\n<td width=\"33%\">\n<ul>\n \t<li><a href=\"https:\/\/merton.emsb.qc.ca\/wp-content\/uploads\/sites\/4\/2025\/09\/Standards-and-Procedures-KDG-2025_2026.pdf\" target=\"_blank\" rel=\"noopener\">Normes et proc\u00e9dures<\/a><\/li>\n<\/ul>\n<\/td>\n<\/tr>\n<\/tbody>\n<\/table><\/div>\n\t\t\t\t<\/div>\n\t\t\t\t\t\t\t<div class=\"elementor-toggle-item\">\n\t\t\t\t\t<div id=\"elementor-tab-title-1422\" class=\"elementor-tab-title\" data-tab=\"2\" role=\"button\" aria-controls=\"elementor-tab-content-1422\" aria-expanded=\"false\">\n\t\t\t\t\t\t\t\t\t\t\t\t<span class=\"elementor-toggle-icon elementor-toggle-icon-left\" aria-hidden=\"true\">\n\t\t\t\t\t\t\t\t\t\t\t\t\t\t\t<span class=\"elementor-toggle-icon-closed\"><i class=\"fas fa-caret-right\"><\/i><\/span>\n\t\t\t\t\t\t\t\t<span class=\"elementor-toggle-icon-opened\"><i class=\"elementor-toggle-icon-opened fas fa-caret-up\"><\/i><\/span>\n\t\t\t\t\t\t\t\t\t\t\t\t\t<\/span>\n\t\t\t\t\t\t\t\t\t\t\t\t<a class=\"elementor-toggle-title\" tabindex=\"0\">Premier cycle<\/a>\n\t\t\t\t\t<\/div>\n\n\t\t\t\t\t<div id=\"elementor-tab-content-1422\" class=\"elementor-tab-content elementor-clearfix\" data-tab=\"2\" role=\"region\" aria-labelledby=\"elementor-tab-title-1422\"><table class=\"table table-striped table-bordered table-condensed table-responsive td45\" width=\"99%\">\n<tbody>\n<tr>\n<th width=\"33%\">1re ann\u00e9e<\/th>\n<td width=\"34%\">Heidi Loerick<\/td>\n<td width=\"33%\">\n<ul>\n \t<li><a href=\"https:\/\/drive.google.com\/file\/d\/19m5zbHhseaHlXurQ52s_Sg6wmril1pzf\/view?usp=sharing\" target=\"_blank\" rel=\"noopener\">Plan de cours<\/a><\/li>\n<\/ul>\n<\/td>\n<\/tr>\n<tr>\n<th>1re ann\u00e9e<\/th>\n<td>Nathalie Faviere<\/td>\n<td>\n<ul>\n \t<li class=\"text-muted\"><a href=\"https:\/\/docs.google.com\/document\/d\/1CHii1whkmCe3PknC3jUPwd2e70J3Ezjr\/edit?usp=sharing&amp;ouid=109283789434422769348&amp;rtpof=true&amp;sd=true\" target=\"_blank\" rel=\"noopener\">Plan de cours<\/a><\/li>\n<\/ul>\n<\/td>\n<\/tr>\n<tr>\n<th>2e ann\u00e9e<\/th>\n<td>Bianca Coverini<\/td>\n<td>\n<ul>\n \t<li class=\"text-muted\"><a href=\"https:\/\/docs.google.com\/document\/d\/1sshVHhIGDTnc7-2sBO4IDzxCCtbwZM_E\/edit?usp=sharing&amp;ouid=109283789434422769348&amp;rtpof=true&amp;sd=true\" target=\"_blank\" rel=\"noopener\">Plan de cours<\/a><\/li>\n<\/ul>\n<\/td>\n<\/tr>\n<tr>\n<th>2e ann\u00e9e<\/th>\n<td>Sihem Youbi<\/td>\n<td>\n<ul>\n \t<li class=\"text-muted\"><a href=\"https:\/\/merton.emsb.qc.ca\/wp-content\/uploads\/sites\/4\/2025\/09\/Plan-de-Cours-Salle-2.docx.pdf\" target=\"_blank\" rel=\"noopener\">Plan de cours<\/a><\/li>\n<\/ul>\n<\/td>\n<\/tr>\n<\/tbody>\n<\/table><\/div>\n\t\t\t\t<\/div>\n\t\t\t\t\t\t\t<div class=\"elementor-toggle-item\">\n\t\t\t\t\t<div id=\"elementor-tab-title-1423\" class=\"elementor-tab-title\" data-tab=\"3\" role=\"button\" aria-controls=\"elementor-tab-content-1423\" aria-expanded=\"false\">\n\t\t\t\t\t\t\t\t\t\t\t\t<span class=\"elementor-toggle-icon elementor-toggle-icon-left\" aria-hidden=\"true\">\n\t\t\t\t\t\t\t\t\t\t\t\t\t\t\t<span class=\"elementor-toggle-icon-closed\"><i class=\"fas fa-caret-right\"><\/i><\/span>\n\t\t\t\t\t\t\t\t<span class=\"elementor-toggle-icon-opened\"><i class=\"elementor-toggle-icon-opened fas fa-caret-up\"><\/i><\/span>\n\t\t\t\t\t\t\t\t\t\t\t\t\t<\/span>\n\t\t\t\t\t\t\t\t\t\t\t\t<a class=\"elementor-toggle-title\" tabindex=\"0\">Deuxi\u00e8me cycle<\/a>\n\t\t\t\t\t<\/div>\n\n\t\t\t\t\t<div id=\"elementor-tab-content-1423\" class=\"elementor-tab-content elementor-clearfix\" data-tab=\"3\" role=\"region\" aria-labelledby=\"elementor-tab-title-1423\"><table width=\"99%\"><tbody><tr><th width=\"33%\">3e ann\u00e9e<\/th><td width=\"34%\">Cindy Norman<\/td><td width=\"33%\"><ul><li><a href=\"https:\/\/docs.google.com\/document\/d\/0B61-GpJb-DpcZ3Btb2FXNFJJVTg\/edit?usp=sharing&amp;ouid=109283789434422769348&amp;resourcekey=0-cbfDOFJEi8sOjjt4pzQaig&amp;rtpof=true&amp;sd=true\" target=\"_blank\" rel=\"noopener\">Normes et proc\u00e9dures<\/a><\/li><\/ul><\/td><\/tr><tr><th>3e ann\u00e9e<\/th><td>Sylvia Brandao<\/td><td><ul><li><a href=\"https:\/\/docs.google.com\/document\/d\/0B61-GpJb-DpcZ3Btb2FXNFJJVTg\/edit?usp=sharing&amp;ouid=109283789434422769348&amp;resourcekey=0-cbfDOFJEi8sOjjt4pzQaig&amp;rtpof=true&amp;sd=true\" target=\"_blank\" rel=\"noopener\">Normes et proc\u00e9dures<\/a><\/li><\/ul><\/td><\/tr><tr><th>4e ann\u00e9e<\/th><td>Sandra Banon<\/td><td><ul><li><a href=\"https:\/\/docs.google.com\/document\/d\/1iI1nkkOEHlQ3CJUk5ltumNmetVPg2AjW\/edit?usp=sharing&amp;ouid=109283789434422769348&amp;rtpof=true&amp;sd=true\" target=\"_blank\" rel=\"noopener\">Normes et proc\u00e9dures<\/a><\/li><\/ul><\/td><\/tr><tr><th>4e ann\u00e9e<\/th><td>Angeliki Eftaxias<\/td><td><ul><li><a href=\"https:\/\/docs.google.com\/document\/d\/1iI1nkkOEHlQ3CJUk5ltumNmetVPg2AjW\/edit?usp=sharing&amp;ouid=109283789434422769348&amp;rtpof=true&amp;sd=true\" target=\"_blank\" rel=\"noopener\">Normes et proc\u00e9dures<\/a><\/li><\/ul><\/td><\/tr><\/tbody><\/table><\/div>\n\t\t\t\t<\/div>\n\t\t\t\t\t\t\t<div class=\"elementor-toggle-item\">\n\t\t\t\t\t<div id=\"elementor-tab-title-1424\" class=\"elementor-tab-title\" data-tab=\"4\" role=\"button\" aria-controls=\"elementor-tab-content-1424\" aria-expanded=\"false\">\n\t\t\t\t\t\t\t\t\t\t\t\t<span class=\"elementor-toggle-icon elementor-toggle-icon-left\" aria-hidden=\"true\">\n\t\t\t\t\t\t\t\t\t\t\t\t\t\t\t<span class=\"elementor-toggle-icon-closed\"><i class=\"fas fa-caret-right\"><\/i><\/span>\n\t\t\t\t\t\t\t\t<span class=\"elementor-toggle-icon-opened\"><i class=\"elementor-toggle-icon-opened fas fa-caret-up\"><\/i><\/span>\n\t\t\t\t\t\t\t\t\t\t\t\t\t<\/span>\n\t\t\t\t\t\t\t\t\t\t\t\t<a class=\"elementor-toggle-title\" tabindex=\"0\">Troisi\u00e8me cycle<\/a>\n\t\t\t\t\t<\/div>\n\n\t\t\t\t\t<div id=\"elementor-tab-content-1424\" class=\"elementor-tab-content elementor-clearfix\" data-tab=\"4\" role=\"region\" aria-labelledby=\"elementor-tab-title-1424\"><table class=\"table table-striped table-bordered table-condensed table-responsive\" width=\"99%\">\n<tbody>\n<tr>\n<th width=\"33%\">5e ann\u00e9e<\/th>\n<td width=\"34%\">Janet Rodger<\/td>\n<td width=\"33%\">\n<ul>\n \t<li class=\"text-muted\"><a href=\"https:\/\/drive.google.com\/file\/d\/148zrmr_RE03bo-aLEI7cMNzpRfNZSUws\/view?usp=sharing\" target=\"_blank\" rel=\"noopener\">Normes et proc\u00e9dures<\/a><\/li>\n<\/ul>\n<\/td>\n<\/tr>\n<tr>\n<th>5e ann\u00e9e<\/th>\n<td>Nathalie Beauregard<\/td>\n<td>\n<ul>\n \t<li class=\"text-muted\"><a href=\"https:\/\/drive.google.com\/file\/d\/148zrmr_RE03bo-aLEI7cMNzpRfNZSUws\/view?usp=sharing\" target=\"_blank\" rel=\"noopener\">Normes et proc\u00e9dures<\/a><\/li>\n<\/ul>\n<\/td>\n<\/tr>\n<tr>\n<th>6e ann\u00e9e<\/th>\n<td>Georgia Gotsis<\/td>\n<td>\n<ul>\n \t<li class=\"text-muted\"><a href=\"https:\/\/drive.google.com\/file\/d\/1DUFagSsJhB73Xe5Q14aDragl0USn9Y1D\/view?usp=sharing\" target=\"_blank\" rel=\"noopener\">Normes et proc\u00e9dures<\/a><\/li>\n<\/ul>\n<\/td>\n<\/tr>\n<tr>\n<th>6e ann\u00e9e<\/th>\n<td>Audr\u00e9e Anne Dupont<\/td>\n<td>\n<ul>\n <li class=\"text-muted\"><a href=\"https:\/\/drive.google.com\/file\/d\/1DUFagSsJhB73Xe5Q14aDragl0USn9Y1D\/view?usp=sharing\" target=\"_blank\" rel=\"noopener\">Normes et proc\u00e9dures<\/a><\/li>\n<\/ul>\n<\/td>\n<\/tr>\n<\/tbody>\n<\/table><\/div>\n\t\t\t\t<\/div>\n\t\t\t\t\t\t\t<div class=\"elementor-toggle-item\">\n\t\t\t\t\t<div id=\"elementor-tab-title-1425\" class=\"elementor-tab-title\" data-tab=\"5\" role=\"button\" aria-controls=\"elementor-tab-content-1425\" aria-expanded=\"false\">\n\t\t\t\t\t\t\t\t\t\t\t\t<span class=\"elementor-toggle-icon elementor-toggle-icon-left\" aria-hidden=\"true\">\n\t\t\t\t\t\t\t\t\t\t\t\t\t\t\t<span class=\"elementor-toggle-icon-closed\"><i class=\"fas fa-caret-right\"><\/i><\/span>\n\t\t\t\t\t\t\t\t<span class=\"elementor-toggle-icon-opened\"><i class=\"elementor-toggle-icon-opened fas fa-caret-up\"><\/i><\/span>\n\t\t\t\t\t\t\t\t\t\t\t\t\t<\/span>\n\t\t\t\t\t\t\t\t\t\t\t\t<a class=\"elementor-toggle-title\" tabindex=\"0\">Sp\u00e9cialistes<\/a>\n\t\t\t\t\t<\/div>\n\n\t\t\t\t\t<div id=\"elementor-tab-content-1425\" class=\"elementor-tab-content elementor-clearfix\" data-tab=\"5\" role=\"region\" aria-labelledby=\"elementor-tab-title-1425\"><table class=\"table table-striped table-bordered table-condensed table-responsive td45\" width=\"99%\"><tbody><tr><th width=\"34%\">\u00c9ducation physique et \u00e0 la sant\u00e9<\/th><td width=\"33%\"><ul><li>Tania Siconolfi<\/li><li>Roya Hosseinzadeh<\/li><\/ul><\/td><td width=\"33%\"><ul><li class=\"text-muted\"><a href=\"https:\/\/docs.google.com\/document\/d\/1ZMTzJpOGIwaRRy66ToYdkYlvzEN_iPEF_DAFG-MLxR4\/edit?usp=sharing\">Cycle 1 : Normes et proc\u00e9dures<\/a><\/li><li class=\"text-muted\"><a href=\"https:\/\/docs.google.com\/document\/d\/1Oe360gkJyaq9O5CIinJusX2UcetnOpgUSJyAyiYrTUE\/edit?usp=sharing\">Cycle 2 : Normes et proc\u00e9dures<\/a><\/li><li class=\"text-muted\"><a href=\"https:\/\/docs.google.com\/document\/d\/1ThamPLT2Fp1homh1qcySZo2M5wOvyHp8kYhtCIYi0Y4\/edit?usp=sharing\">Cycle 3 : Normes et proc\u00e9dures<\/a><\/li><\/ul><\/td><\/tr><tr><th>ELA<\/th><td><ul><li>Sheree Gouldson<\/li><\/ul><\/td><td width=\"33%\"><ul><li class=\"text-muted\"><a href=\"https:\/\/docs.google.com\/document\/d\/1ZMTzJpOGIwaRRy66ToYdkYlvzEN_iPEF_DAFG-MLxR4\/edit?usp=sharing\">Cycle 1 : Normes et proc\u00e9dures<\/a><\/li><\/ul><\/td><\/tr><tr><th>Ressources<\/th><td><ul><li>Kimberley Davey<\/li><\/ul><\/td><td width=\"33%\">\u00a0<\/td><\/tr><tr><th>Science et technologie<\/th><td><ul><li>Debbie Adams<\/li><li>Sheree Gouldson<\/li><\/ul><\/td><td><ul><li class=\"text-muted\"><a href=\"https:\/\/docs.google.com\/document\/d\/1Oe360gkJyaq9O5CIinJusX2UcetnOpgUSJyAyiYrTUE\/edit\">Cycle 2 : Normes et proc\u00e9dures<\/a><\/li><li class=\"text-muted\"><a href=\"https:\/\/docs.google.com\/document\/d\/1ThamPLT2Fp1homh1qcySZo2M5wOvyHp8kYhtCIYi0Y4\/edit?usp=sharing\">Cycle 3 : Normes et proc\u00e9dures<\/a><\/li><\/ul><\/td><\/tr><\/tbody><\/table><\/div>\n\t\t\t\t<\/div>\n\t\t\t\t\t\t\t\t<\/div>\n\t\t\t\t\t\t<\/div>\n\t\t\t\t<\/div>\n\t\t\t\t<div class=\"elementor-element elementor-element-87041bf elementor-widget elementor-widget-spacer\" data-id=\"87041bf\" data-element_type=\"widget\" data-e-type=\"widget\" data-widget_type=\"spacer.default\">\n\t\t\t\t<div class=\"elementor-widget-container\">\n\t\t\t\t\t\t\t<div class=\"elementor-spacer\">\n\t\t\t<div class=\"elementor-spacer-inner\"><\/div>\n\t\t<\/div>\n\t\t\t\t\t\t<\/div>\n\t\t\t\t<\/div>\n\t\t\t\t\t<\/div>\n\t\t<\/div>\n\t\t\t\t\t<\/div>\n\t\t<\/section>\n\t\t\t\t<\/div>","protected":false},"excerpt":{"rendered":"<p>Standards and Procedures are official documents pertaining to the evaluation of student learning. They provide a summary of the evaluation criteria for each subject, and the period during which exams are scheduled. Standards and procedures are updated at the beginning of the school year by teachers and approved by the school principal. Preschool Cycle Kindergarten [&hellip;]<\/p>\n","protected":false},"author":11,"featured_media":0,"parent":0,"menu_order":0,"comment_status":"closed","ping_status":"closed","template":"","meta":{"site-sidebar-layout":"no-sidebar","site-content-layout":"page-builder","ast-site-content-layout":"full-width-container","site-content-style":"unboxed","site-sidebar-style":"unboxed","ast-global-header-display":"","ast-banner-title-visibility":"","ast-main-header-display":"","ast-hfb-above-header-display":"","ast-hfb-below-header-display":"","ast-hfb-mobile-header-display":"","site-post-title":"disabled","ast-breadcrumbs-content":"","ast-featured-img":"disabled","footer-sml-layout":"","ast-disable-related-posts":"","theme-transparent-header-meta":"default","adv-header-id-meta":"","stick-header-meta":"","header-above-stick-meta":"","header-main-stick-meta":"","header-below-stick-meta":"","astra-migrate-meta-layouts":"set","ast-page-background-enabled":"default","ast-page-background-meta":{"desktop":{"background-color":"var(--ast-global-color-4)","background-image":"","background-repeat":"repeat","background-position":"center center","background-size":"auto","background-attachment":"scroll","background-type":"","background-media":"","overlay-type":"","overlay-color":"","overlay-opacity":"","overlay-gradient":""},"tablet":{"background-color":"","background-image":"","background-repeat":"repeat","background-position":"center center","background-size":"auto","background-attachment":"scroll","background-type":"","background-media":"","overlay-type":"","overlay-color":"","overlay-opacity":"","overlay-gradient":""},"mobile":{"background-color":"","background-image":"","background-repeat":"repeat","background-position":"center center","background-size":"auto","background-attachment":"scroll","background-type":"","background-media":"","overlay-type":"","overlay-color":"","overlay-opacity":"","overlay-gradient":""}},"ast-content-background-meta":{"desktop":{"background-color":"var(--ast-global-color-5)","background-image":"","background-repeat":"repeat","background-position":"center center","background-size":"auto","background-attachment":"scroll","background-type":"","background-media":"","overlay-type":"","overlay-color":"","overlay-opacity":"","overlay-gradient":""},"tablet":{"background-color":"var(--ast-global-color-5)","background-image":"","background-repeat":"repeat","background-position":"center center","background-size":"auto","background-attachment":"scroll","background-type":"","background-media":"","overlay-type":"","overlay-color":"","overlay-opacity":"","overlay-gradient":""},"mobile":{"background-color":"var(--ast-global-color-5)","background-image":"","background-repeat":"repeat","background-position":"center center","background-size":"auto","background-attachment":"scroll","background-type":"","background-media":"","overlay-type":"","overlay-color":"","overlay-opacity":"","overlay-gradient":""}},"footnotes":""},"class_list":["post-7531","page","type-page","status-publish","hentry"],"yoast_head":"<!-- This site is optimized with the Yoast SEO plugin v27.3 - https:\/\/yoast.com\/product\/yoast-seo-wordpress\/ -->\n<title>Standards and Procedures - Merton Elementary School<\/title>\n<meta name=\"robots\" content=\"index, follow, max-snippet:-1, max-image-preview:large, max-video-preview:-1\" \/>\n<link rel=\"canonical\" href=\"https:\/\/merton.emsb.qc.ca\/fr\/standards-and-procedures\/\" \/>\n<meta property=\"og:locale\" content=\"fr_FR\" \/>\n<meta property=\"og:type\" content=\"article\" \/>\n<meta property=\"og:title\" content=\"Standards and Procedures - Merton Elementary School\" \/>\n<meta property=\"og:description\" content=\"Standards and Procedures are official documents pertaining to the evaluation of student learning. They provide a summary of the evaluation criteria for each subject, and the period during which exams are scheduled. Standards and procedures are updated at the beginning of the school year by teachers and approved by the school principal. Preschool Cycle Kindergarten [&hellip;]\" \/>\n<meta property=\"og:url\" content=\"https:\/\/merton.emsb.qc.ca\/fr\/standards-and-procedures\/\" \/>\n<meta property=\"og:site_name\" content=\"Merton Elementary School\" \/>\n<meta property=\"article:modified_time\" content=\"2025-09-29T18:47:26+00:00\" \/>\n<meta name=\"twitter:card\" content=\"summary_large_image\" \/>\n<meta name=\"twitter:label1\" content=\"Dur\u00e9e de lecture estim\u00e9e\" \/>\n\t<meta name=\"twitter:data1\" content=\"1 minute\" \/>\n<script type=\"application\/ld+json\" class=\"yoast-schema-graph\">{\"@context\":\"https:\\\/\\\/schema.org\",\"@graph\":[{\"@type\":\"WebPage\",\"@id\":\"https:\\\/\\\/merton.emsb.qc.ca\\\/standards-and-procedures\\\/\",\"url\":\"https:\\\/\\\/merton.emsb.qc.ca\\\/standards-and-procedures\\\/\",\"name\":\"Standards and Procedures - Merton Elementary School\",\"isPartOf\":{\"@id\":\"https:\\\/\\\/merton.emsb.qc.ca\\\/#website\"},\"datePublished\":\"2023-09-06T14:00:47+00:00\",\"dateModified\":\"2025-09-29T18:47:26+00:00\",\"breadcrumb\":{\"@id\":\"https:\\\/\\\/merton.emsb.qc.ca\\\/standards-and-procedures\\\/#breadcrumb\"},\"inLanguage\":\"fr-FR\",\"potentialAction\":[{\"@type\":\"ReadAction\",\"target\":[\"https:\\\/\\\/merton.emsb.qc.ca\\\/standards-and-procedures\\\/\"]}]},{\"@type\":\"BreadcrumbList\",\"@id\":\"https:\\\/\\\/merton.emsb.qc.ca\\\/standards-and-procedures\\\/#breadcrumb\",\"itemListElement\":[{\"@type\":\"ListItem\",\"position\":1,\"name\":\"Home\",\"item\":\"https:\\\/\\\/merton.emsb.qc.ca\\\/\"},{\"@type\":\"ListItem\",\"position\":2,\"name\":\"Standards and Procedures\"}]},{\"@type\":\"WebSite\",\"@id\":\"https:\\\/\\\/merton.emsb.qc.ca\\\/#website\",\"url\":\"https:\\\/\\\/merton.emsb.qc.ca\\\/\",\"name\":\"Merton Elementary School\",\"description\":\"Merton Elementary School\",\"publisher\":{\"@id\":\"https:\\\/\\\/merton.emsb.qc.ca\\\/#organization\"},\"potentialAction\":[{\"@type\":\"SearchAction\",\"target\":{\"@type\":\"EntryPoint\",\"urlTemplate\":\"https:\\\/\\\/merton.emsb.qc.ca\\\/?s={search_term_string}\"},\"query-input\":{\"@type\":\"PropertyValueSpecification\",\"valueRequired\":true,\"valueName\":\"search_term_string\"}}],\"inLanguage\":\"fr-FR\"},{\"@type\":\"Organization\",\"@id\":\"https:\\\/\\\/merton.emsb.qc.ca\\\/#organization\",\"name\":\"Merton Elementary School\",\"url\":\"https:\\\/\\\/merton.emsb.qc.ca\\\/\",\"logo\":{\"@type\":\"ImageObject\",\"inLanguage\":\"fr-FR\",\"@id\":\"https:\\\/\\\/merton.emsb.qc.ca\\\/#\\\/schema\\\/logo\\\/image\\\/\",\"url\":\"https:\\\/\\\/merton.emsb.qc.ca\\\/wp-content\\\/uploads\\\/sites\\\/4\\\/2022\\\/01\\\/school-logo-footer.png\",\"contentUrl\":\"https:\\\/\\\/merton.emsb.qc.ca\\\/wp-content\\\/uploads\\\/sites\\\/4\\\/2022\\\/01\\\/school-logo-footer.png\",\"width\":150,\"height\":147,\"caption\":\"Merton Elementary School\"},\"image\":{\"@id\":\"https:\\\/\\\/merton.emsb.qc.ca\\\/#\\\/schema\\\/logo\\\/image\\\/\"}}]}<\/script>\n<!-- \/ Yoast SEO plugin. -->","yoast_head_json":{"title":"Standards and Procedures - Merton Elementary School","robots":{"index":"index","follow":"follow","max-snippet":"max-snippet:-1","max-image-preview":"max-image-preview:large","max-video-preview":"max-video-preview:-1"},"canonical":"https:\/\/merton.emsb.qc.ca\/fr\/standards-and-procedures\/","og_locale":"fr_FR","og_type":"article","og_title":"Standards and Procedures - Merton Elementary School","og_description":"Standards and Procedures are official documents pertaining to the evaluation of student learning. They provide a summary of the evaluation criteria for each subject, and the period during which exams are scheduled. Standards and procedures are updated at the beginning of the school year by teachers and approved by the school principal. Preschool Cycle Kindergarten [&hellip;]","og_url":"https:\/\/merton.emsb.qc.ca\/fr\/standards-and-procedures\/","og_site_name":"Merton Elementary School","article_modified_time":"2025-09-29T18:47:26+00:00","twitter_card":"summary_large_image","twitter_misc":{"Dur\u00e9e de lecture estim\u00e9e":"1 minute"},"schema":{"@context":"https:\/\/schema.org","@graph":[{"@type":"WebPage","@id":"https:\/\/merton.emsb.qc.ca\/standards-and-procedures\/","url":"https:\/\/merton.emsb.qc.ca\/standards-and-procedures\/","name":"Standards and Procedures - Merton Elementary School","isPartOf":{"@id":"https:\/\/merton.emsb.qc.ca\/#website"},"datePublished":"2023-09-06T14:00:47+00:00","dateModified":"2025-09-29T18:47:26+00:00","breadcrumb":{"@id":"https:\/\/merton.emsb.qc.ca\/standards-and-procedures\/#breadcrumb"},"inLanguage":"fr-FR","potentialAction":[{"@type":"ReadAction","target":["https:\/\/merton.emsb.qc.ca\/standards-and-procedures\/"]}]},{"@type":"BreadcrumbList","@id":"https:\/\/merton.emsb.qc.ca\/standards-and-procedures\/#breadcrumb","itemListElement":[{"@type":"ListItem","position":1,"name":"Home","item":"https:\/\/merton.emsb.qc.ca\/"},{"@type":"ListItem","position":2,"name":"Standards and Procedures"}]},{"@type":"WebSite","@id":"https:\/\/merton.emsb.qc.ca\/#website","url":"https:\/\/merton.emsb.qc.ca\/","name":"\u00c9cole primaire Merton","description":"\u00c9cole primaire Merton","publisher":{"@id":"https:\/\/merton.emsb.qc.ca\/#organization"},"potentialAction":[{"@type":"SearchAction","target":{"@type":"EntryPoint","urlTemplate":"https:\/\/merton.emsb.qc.ca\/?s={search_term_string}"},"query-input":{"@type":"PropertyValueSpecification","valueRequired":true,"valueName":"search_term_string"}}],"inLanguage":"fr-FR"},{"@type":"Organization","@id":"https:\/\/merton.emsb.qc.ca\/#organization","name":"\u00c9cole primaire Merton","url":"https:\/\/merton.emsb.qc.ca\/","logo":{"@type":"ImageObject","inLanguage":"fr-FR","@id":"https:\/\/merton.emsb.qc.ca\/#\/schema\/logo\/image\/","url":"https:\/\/merton.emsb.qc.ca\/wp-content\/uploads\/sites\/4\/2022\/01\/school-logo-footer.png","contentUrl":"https:\/\/merton.emsb.qc.ca\/wp-content\/uploads\/sites\/4\/2022\/01\/school-logo-footer.png","width":150,"height":147,"caption":"Merton Elementary School"},"image":{"@id":"https:\/\/merton.emsb.qc.ca\/#\/schema\/logo\/image\/"}}]}},"_links":{"self":[{"href":"https:\/\/merton.emsb.qc.ca\/fr\/wp-json\/wp\/v2\/pages\/7531","targetHints":{"allow":["GET"]}}],"collection":[{"href":"https:\/\/merton.emsb.qc.ca\/fr\/wp-json\/wp\/v2\/pages"}],"about":[{"href":"https:\/\/merton.emsb.qc.ca\/fr\/wp-json\/wp\/v2\/types\/page"}],"author":[{"embeddable":true,"href":"https:\/\/merton.emsb.qc.ca\/fr\/wp-json\/wp\/v2\/users\/11"}],"replies":[{"embeddable":true,"href":"https:\/\/merton.emsb.qc.ca\/fr\/wp-json\/wp\/v2\/comments?post=7531"}],"version-history":[{"count":115,"href":"https:\/\/merton.emsb.qc.ca\/fr\/wp-json\/wp\/v2\/pages\/7531\/revisions"}],"predecessor-version":[{"id":9218,"href":"https:\/\/merton.emsb.qc.ca\/fr\/wp-json\/wp\/v2\/pages\/7531\/revisions\/9218"}],"wp:attachment":[{"href":"https:\/\/merton.emsb.qc.ca\/fr\/wp-json\/wp\/v2\/media?parent=7531"}],"curies":[{"name":"wp","href":"https:\/\/api.w.org\/{rel}","templated":true}]}}